{"id":11741,"date":"2021-10-18T10:32:24","date_gmt":"2021-10-18T08:32:24","guid":{"rendered":"https:\/\/www.seval.ch\/?page_id=11741"},"modified":"2024-09-03T09:18:03","modified_gmt":"2024-09-03T07:18:03","slug":"chi-siamo","status":"publish","type":"page","link":"https:\/\/www.seval.ch\/it\/chi-siamo\/","title":{"rendered":"Chi siamo"},"content":{"rendered":"<p>La Societ\u00e0 Svizzera di Valutazione SEVAL \u00e8 stata fondata nel 1996 con l&#8217;obiettivo di promuovere il dialogo e lo scambio di informazioni e esperienze tra politica, amministrazione, universit\u00e0 e scuole universitarie professionali e societ\u00e0 di consulenza. Mira anche a migliorare la qualit\u00e0 delle valutazioni e a diffondere l&#8217;uso delle valutazioni.<\/p>\n<p>La SEVAL conta attualmente circa 450 membri da tutte le regioni del paese. I membri provengono in parti approssimativamente uguali da istituzioni di formazione superiore (universit\u00e0, scuole universitarie professionali, alte scuole pedagogiche), istituzioni del settore privato (come uffici di ricerca) e unit\u00e0 amministrative politiche e amministrative (a livello di comuni, cantoni, Confederazione).<\/p>\n<h2>Attivit\u00e0<\/h2>\n<ul>\n<li>Congresso annuale e atelier metodologici<\/li>\n<li>Giornate tematiche<\/li>\n<li>Gruppi di lavoro che si occupano di argomenti selezionati relativi alle valutazioni<\/li>\n<li>Premio SEVAL<\/li>\n<\/ul>\n<h2>Servizi<\/h2>\n<ul>\n<li>Sviluppo e aggiornamento degli standard SEVAL<\/li>\n<li>Definizione delle competenze necessarie a valutatrici e valutatori, manager della valutazione e committente della valutazione<\/li>\n<li>Banca dati delle valutatrici e dei valutatori<\/li>\n<li>Banca dati di corsi di formazione disponibili<\/li>\n<li>Bandi di concorso<\/li>\n<li>Offerte di formazione continua<\/li>\n<li>Informazioni ai membri (SEVAL-Newsletter e SEVAL-Flash)<\/li>\n<li>Giornale LeGes (Legislazione e valutazione)<\/li>\n<li>ecc.<\/li>\n<\/ul>\n<h2>Servizio di Consulenza SEVAL<\/h2>\n<p>Il nuovo gruppo di lavoro &#8220;Servizio di consulenza SEVAL&#8221; \u00e8 attivo da novembre 2020. Il servizio di consulenza lavora secondo i seguenti principi:<\/p>\n<ul>\n<li>Contribuisce al mantenimento e al rafforzamento della professionalizzazione, al miglioramento della qualit\u00e0 e alla garanzia della qualit\u00e0 nella valutazione.<\/li>\n<li>Svolge le sue attivit\u00e0 in modo indipendente e professionale, e garantisce la riservatezza alle persone che richiedono la consulenza.<\/li>\n<li>Fornisce i suoi servizi in modo efficiente.<\/li>\n<li>I consulenti sono tenuti al segreto professionale e trattano tutte le informazioni e i dati in modo confidenziale.<\/li>\n<li>La protezione e la sicurezza dei dati sono garantite dal centro di consulenza.<\/li>\n<\/ul>\n<p>Per ulteriori informazioni sulla Consulenza SEVAL, cliccate <a href=\"\/it\/gruppi-di-lavoro\/servizio-di-consulenza\/\">qui<\/a>.<\/p>\n","protected":false},"excerpt":{"rendered":"<p>La Societ\u00e0 Svizzera di Valutazione SEVAL \u00e8 stata fondata nel 1996 con l&#8217;obiettivo di promuovere il dialogo e lo scambio di informazioni e esperienze tra politica, amministrazione, universit\u00e0 e scuole universitarie professionali e societ\u00e0 di consulenza. Mira anche a migliorare la qualit\u00e0 delle valutazioni e a diffondere l&#8217;uso delle valutazioni. La SEVAL conta attualmente circa &hellip;<\/p>\n","protected":false},"author":1,"featured_media":0,"parent":0,"menu_order":0,"comment_status":"closed","ping_status":"closed","template":"","meta":{"_searchwp_excluded":"","advanced-sidebar-menu\/link-title":"","advanced-sidebar-menu\/exclude-page":false},"acf":[],"_links":{"self":[{"href":"https:\/\/www.seval.ch\/it\/wp-json\/wp\/v2\/pages\/11741"}],"collection":[{"href":"https:\/\/www.seval.ch\/it\/wp-json\/wp\/v2\/pages"}],"about":[{"href":"https:\/\/www.seval.ch\/it\/wp-json\/wp\/v2\/types\/page"}],"author":[{"embeddable":true,"href":"https:\/\/www.seval.ch\/it\/wp-json\/wp\/v2\/users\/1"}],"replies":[{"embeddable":true,"href":"https:\/\/www.seval.ch\/it\/wp-json\/wp\/v2\/comments?post=11741"}],"version-history":[{"count":13,"href":"https:\/\/www.seval.ch\/it\/wp-json\/wp\/v2\/pages\/11741\/revisions"}],"predecessor-version":[{"id":16615,"href":"https:\/\/www.seval.ch\/it\/wp-json\/wp\/v2\/pages\/11741\/revisions\/16615"}],"wp:attachment":[{"href":"https:\/\/www.seval.ch\/it\/wp-json\/wp\/v2\/media?parent=11741"}],"curies":[{"name":"wp","href":"https:\/\/api.w.org\/{rel}","templated":true}]}}