{"id":11738,"date":"2021-10-18T10:15:20","date_gmt":"2021-10-18T08:15:20","guid":{"rendered":"https:\/\/www.seval.ch\/?page_id=11738"},"modified":"2025-10-26T18:00:51","modified_gmt":"2025-10-26T17:00:51","slug":"home","status":"publish","type":"page","link":"https:\/\/www.seval.ch\/it\/","title":{"rendered":"Home"},"content":{"rendered":"<h2>Buongiorno!<\/h2>\n<p>La Societ\u00e0 Svizzera di Valutazione promuove lo scambio di informazioni e esperienze tra politica, amministrazione, universit\u00e0 e aziende di consulenza. Promuove attivamente la qualit\u00e0 delle valutazioni e la loro diffusione.<\/p>\n","protected":false},"excerpt":{"rendered":"<p>Buongiorno! La Societ\u00e0 Svizzera di Valutazione promuove lo scambio di informazioni e esperienze tra politica, amministrazione, universit\u00e0 e aziende di consulenza. Promuove attivamente la qualit\u00e0 delle valutazioni e la loro diffusione.<\/p>\n","protected":false},"author":1,"featured_media":0,"parent":0,"menu_order":0,"comment_status":"closed","ping_status":"closed","template":"","meta":{"_searchwp_excluded":"","advanced-sidebar-menu\/link-title":"","advanced-sidebar-menu\/exclude-page":false},"acf":[],"_links":{"self":[{"href":"https:\/\/www.seval.ch\/it\/wp-json\/wp\/v2\/pages\/11738"}],"collection":[{"href":"https:\/\/www.seval.ch\/it\/wp-json\/wp\/v2\/pages"}],"about":[{"href":"https:\/\/www.seval.ch\/it\/wp-json\/wp\/v2\/types\/page"}],"author":[{"embeddable":true,"href":"https:\/\/www.seval.ch\/it\/wp-json\/wp\/v2\/users\/1"}],"replies":[{"embeddable":true,"href":"https:\/\/www.seval.ch\/it\/wp-json\/wp\/v2\/comments?post=11738"}],"version-history":[{"count":27,"href":"https:\/\/www.seval.ch\/it\/wp-json\/wp\/v2\/pages\/11738\/revisions"}],"predecessor-version":[{"id":18284,"href":"https:\/\/www.seval.ch\/it\/wp-json\/wp\/v2\/pages\/11738\/revisions\/18284"}],"wp:attachment":[{"href":"https:\/\/www.seval.ch\/it\/wp-json\/wp\/v2\/media?parent=11738"}],"curies":[{"name":"wp","href":"https:\/\/api.w.org\/{rel}","templated":true}]}}