{"id":9748,"date":"2019-10-25T09:46:29","date_gmt":"2019-10-25T07:46:29","guid":{"rendered":"https:\/\/www.seval.ch\/?page_id=9748"},"modified":"2024-11-28T15:28:16","modified_gmt":"2024-11-28T14:28:16","slug":"evenements-archive","status":"publish","type":"page","link":"https:\/\/www.seval.ch\/fr\/news-evenements\/evenements\/evenements-archive\/","title":{"rendered":"Ev\u00e9nements SEVAL ant\u00e9rieurs"},"content":{"rendered":"<\/p>\n<article class=\"mb-1 border-bottom pb-4\">\n<header>\n<div class=\"meta_info mb-1\">04\/09\/2025 - 05\/09\/2025<\/div>\n<h3 class=\"entry-title\"><a href=\"https:\/\/www.seval.ch\/fr\/news-veranstaltungen\/veranstaltungen\/congres-seval-2025-2\/\">Congr\u00e8s SEVAL 2025<\/a><\/h3>\n<\/header>\n<div class=\"entry-summary\">Le Congr\u00e8s SEVAL 2025 a eu lieu du 4 au\u2026<\/div>\n<\/article>\n<p><\/p>\n<article class=\"mb-1 border-bottom pb-4\">\n<header>\n<div class=\"meta_info mb-1\">29\/08\/2024 - 30\/08\/2024<\/div>\n<h3 class=\"entry-title\"><a href=\"https:\/\/www.seval.ch\/fr\/news-veranstaltungen\/veranstaltungen\/congres-seval-2025\/\">Congr\u00e8s SEVAL 2025<\/a><\/h3>\n<\/header>\n<div class=\"entry-summary\">Le prochain congr\u00e8s aura lieu en automne 2025. De plus\u2026<\/div>\n<\/article>\n<p><\/p>\n<article class=\"mb-1 border-bottom pb-4\">\n<header>\n<div class=\"meta_info mb-1\">29\/08\/2024 - 30\/08\/2024<\/div>\n<h3 class=\"entry-title\"><a href=\"https:\/\/www.seval.ch\/fr\/news-veranstaltungen\/veranstaltungen\/congres-seval-2024\/\">Congr\u00e8s SEVAL 2024<\/a><\/h3>\n<\/header>\n<div class=\"entry-summary\">Le congr\u00e8s annuel 2024 a \u00e9t\u00e9 organis\u00e9 conjointement par la\u2026<\/div>\n<\/article>\n<p><\/p>\n<article class=\"mb-1 border-bottom pb-4\">\n<header>\n<div class=\"meta_info mb-1\">31\/08\/2023 - 01\/09\/2023<\/div>\n<h3 class=\"entry-title\"><a href=\"https:\/\/www.seval.ch\/fr\/news-veranstaltungen\/veranstaltungen\/seval-kongress-2023\/\">Congr\u00e8s SEVAL 2023<\/a><\/h3>\n<\/header>\n<div class=\"entry-summary\">Le Congr\u00e8s annuel de la SEVAL 2023, y compris les\u2026<\/div>\n<\/article>\n<p><\/p>\n<article class=\"mb-1 border-bottom pb-4\">\n<header>\n<div class=\"meta_info mb-1\">01\/09\/2022 - 02\/09\/2022<\/div>\n<h3 class=\"entry-title\"><a href=\"https:\/\/www.seval.ch\/fr\/news-veranstaltungen\/veranstaltungen\/congres-annuel-2022\/\">Congr\u00e8s SEVAL 2022<\/a><\/h3>\n<\/header>\n<div class=\"entry-summary\">Le Congr\u00e8s annuel de la SEVAL 2022 incl. les ateliers\u2026<\/div>\n<\/article>\n<p><\/p>\n<article class=\"mb-1 border-bottom pb-4\">\n<header>\n<div class=\"meta_info mb-1\">10\/09\/2021<\/div>\n<h3 class=\"entry-title\"><a href=\"https:\/\/www.seval.ch\/fr\/news-veranstaltungen\/veranstaltungen\/congres-annuel-2021\/\">Congr\u00e8s SEVAL 2021<\/a><\/h3>\n<\/header>\n<div class=\"entry-summary\">Le Congr\u00e8s annuel de la SEVAL a eu lieu le\u2026<\/div>\n<\/article>\n<p><\/p>\n<article class=\"mb-1 border-bottom pb-4\">\n<header>\n<div class=\"meta_info mb-1\">03\/09\/2020 - 04\/09\/2020<\/div>\n<h3 class=\"entry-title\"><a href=\"https:\/\/www.seval.ch\/fr\/news-veranstaltungen\/veranstaltungen\/congres-de-la-seval-2020\/\">Congr\u00e8s SEVAL 2020<\/a><\/h3>\n<\/header>\n<div class=\"entry-summary\">Le Congr\u00e8s annuel 2020 de la SEVAL-GREVAL a eu lieu\u2026<\/div>\n<\/article>\n<p><\/p>\n<article class=\"mb-1 border-bottom pb-4\">\n<header>\n<div class=\"meta_info mb-1\">13\/09\/2019<\/div>\n<h3 class=\"entry-title\"><a href=\"https:\/\/www.seval.ch\/fr\/news-veranstaltungen\/veranstaltungen\/congres-de-la-seval-2019\/\">Congr\u00e8s SEVAL 2019<\/a><\/h3>\n<\/header>\n<div class=\"entry-summary\">Le congr\u00e8s annuel de la SEVAL a eu lieu le\u2026<\/div>\n<\/article>\n<p><\/p>\n<article class=\"mb-1 border-bottom pb-4\">\n<header>\n<div class=\"meta_info mb-1\">20\/03\/2019<\/div>\n<h3 class=\"entry-title\"><a href=\"https:\/\/www.seval.ch\/fr\/news-veranstaltungen\/veranstaltungen\/biennale-2019-devenez-acteur-de-votre-evaluation\/\">Biennale 2019 : Devenez acteur de votre \u00e9valuation !<\/a><\/h3>\n<\/header>\n<div class=\"entry-summary\">Le GREVAL se r\u00e9jouit de vous accueillir\u00a0le\u00a0mercredi 20 mars 2019\u2026<\/div>\n<\/article>\n<p><\/p>\n<article class=\"mb-1 border-bottom pb-4\">\n<header>\n<div class=\"meta_info mb-1\">06\/09\/2018 - 07\/09\/2018<\/div>\n<h3 class=\"entry-title\"><a href=\"https:\/\/www.seval.ch\/fr\/news-veranstaltungen\/veranstaltungen\/congres-de-la-seval-2018\/\">Congr\u00e8s de la SEVAL 2018<\/a><\/h3>\n<\/header>\n<div class=\"entry-summary\">Le Congr\u00e8s annuel\u00a0a \u00e9t\u00e9\u00a0organis\u00e9 avec l'argev Th\u00e8me\u00a0: Cultures d'\u00e9valuation dans\u2026<\/div>\n<\/article>\n<p><\/p>\n<article class=\"mb-1 border-bottom pb-4\">\n<header>\n<div class=\"meta_info mb-1\">07\/09\/2017<\/div>\n<h3 class=\"entry-title\"><a href=\"https:\/\/www.seval.ch\/fr\/news-veranstaltungen\/veranstaltungen\/congres-de-la-seval-2017\/\">Congr\u00e8s de la SEVAL 2017<\/a><\/h3>\n<\/header>\n<div class=\"entry-summary\">\"Bien l\u00e9gif\u00e9rer : comment aller au-del\u00e0 des slogans et produire\u2026<\/div>\n<\/article>\n<p><\/p>\n<article class=\"mb-1 border-bottom pb-4\">\n<header>\n<div class=\"meta_info mb-1\">08\/09\/2016 - 09\/09\/2016<\/div>\n<h3 class=\"entry-title\"><a href=\"https:\/\/www.seval.ch\/fr\/news-veranstaltungen\/veranstaltungen\/congres-de-la-seval-2016\/\">Congr\u00e8s de la SEVAL 2016<\/a><\/h3>\n<\/header>\n<div class=\"entry-summary\">\"Avenir de la SEVAL et SynEval\" 8 - 9 septembre\u2026<\/div>\n<\/article>\n<p><\/p>\n<article class=\"mb-1 border-bottom pb-4\">\n<header>\n<div class=\"meta_info mb-1\">03\/09\/2015 - 04\/09\/2015<\/div>\n<h3 class=\"entry-title\"><a href=\"https:\/\/www.seval.ch\/fr\/news-veranstaltungen\/veranstaltungen\/congres-de-la-seval-2015\/\">Congr\u00e8s de la SEVAL 2015<\/a><\/h3>\n<\/header>\n<div class=\"entry-summary\">Le congr\u00e8s annuel SEVAL 2015 a eu lieu en collaboration\u2026<\/div>\n<\/article>\n<p><\/p>\n<article class=\"mb-1 border-bottom pb-4\">\n<header>\n<div class=\"meta_info mb-1\">10\/09\/2014 - 12\/09\/2014<\/div>\n<h3 class=\"entry-title\"><a href=\"https:\/\/www.seval.ch\/fr\/news-veranstaltungen\/veranstaltungen\/congres-de-la-seval-2014\/\">Congr\u00e8s de la SEVAL 2014<\/a><\/h3>\n<\/header>\n<div class=\"entry-summary\">Le congr\u00e8s annuel SEVAL 2014 a eu lieu en collaboration\u2026<\/div>\n<\/article>\n<p><\/p>\n<article class=\"mb-1 border-bottom pb-4\">\n<header>\n<div class=\"meta_info mb-1\">06\/09\/2013<\/div>\n<h3 class=\"entry-title\"><a href=\"https:\/\/www.seval.ch\/fr\/news-veranstaltungen\/veranstaltungen\/congres-de-la-seval-2013\/\">Congr\u00e8s de la SEVAL 2013<\/a><\/h3>\n<\/header>\n<div class=\"entry-summary\">Le congr\u00e8s annuel SEVAL 2013 a eu lieu le 6\u2026<\/div>\n<\/article>\n<p><\/p>\n<article class=\"mb-1 border-bottom pb-4\">\n<header>\n<div class=\"meta_info mb-1\">06\/09\/2012 - 07\/09\/2012<\/div>\n<h3 class=\"entry-title\"><a href=\"https:\/\/www.seval.ch\/fr\/news-veranstaltungen\/veranstaltungen\/congres-de-la-seval-2012\/\">Congr\u00e8s de la SEVAL 2012<\/a><\/h3>\n<\/header>\n<div class=\"entry-summary\">Congr\u00e8s SEVAL 2012 L'assembl\u00e9e g\u00e9n\u00e9rale et le congr\u00e8s ont eu\u2026<\/div>\n<\/article>\n<p><\/p>\n<article class=\"mb-1 border-bottom pb-4\">\n<header>\n<div class=\"meta_info mb-1\">01\/09\/2012<\/div>\n<h3 class=\"entry-title\"><a href=\"https:\/\/www.seval.ch\/fr\/news-veranstaltungen\/veranstaltungen\/congres-de-la-seval-avant-2018\/\">Congr\u00e8s de la SEVAL avant 2012<\/a><\/h3>\n<\/header>\n<div class=\"entry-summary\">Des informations ainsi que des documents sur les anciens Congr\u00e8s\u2026<\/div>\n<\/article>\n<p>\n","protected":false},"excerpt":{"rendered":"","protected":false},"author":1,"featured_media":0,"parent":4978,"menu_order":0,"comment_status":"closed","ping_status":"closed","template":"","meta":{"_searchwp_excluded":"","advanced-sidebar-menu\/link-title":"","advanced-sidebar-menu\/exclude-page":false},"acf":[],"_links":{"self":[{"href":"https:\/\/www.seval.ch\/fr\/wp-json\/wp\/v2\/pages\/9748"}],"collection":[{"href":"https:\/\/www.seval.ch\/fr\/wp-json\/wp\/v2\/pages"}],"about":[{"href":"https:\/\/www.seval.ch\/fr\/wp-json\/wp\/v2\/types\/page"}],"author":[{"embeddable":true,"href":"https:\/\/www.seval.ch\/fr\/wp-json\/wp\/v2\/users\/1"}],"replies":[{"embeddable":true,"href":"https:\/\/www.seval.ch\/fr\/wp-json\/wp\/v2\/comments?post=9748"}],"version-history":[{"count":3,"href":"https:\/\/www.seval.ch\/fr\/wp-json\/wp\/v2\/pages\/9748\/revisions"}],"predecessor-version":[{"id":17114,"href":"https:\/\/www.seval.ch\/fr\/wp-json\/wp\/v2\/pages\/9748\/revisions\/17114"}],"up":[{"embeddable":true,"href":"https:\/\/www.seval.ch\/fr\/wp-json\/wp\/v2\/pages\/4978"}],"wp:attachment":[{"href":"https:\/\/www.seval.ch\/fr\/wp-json\/wp\/v2\/media?parent=9748"}],"curies":[{"name":"wp","href":"https:\/\/api.w.org\/{rel}","templated":true}]}}