{"id":816,"date":"2017-07-19T10:22:34","date_gmt":"2017-07-19T08:22:34","guid":{"rendered":"https:\/\/www.seval.ch\/?page_id=816\/"},"modified":"2018-02-13T11:40:16","modified_gmt":"2018-02-13T10:40:16","slug":"devenir-membre","status":"publish","type":"page","link":"https:\/\/www.seval.ch\/fr\/a-propos-de-la-seval\/devenir-membre\/","title":{"rendered":"Devenir membre"},"content":{"rendered":"<p>Tous les individus int\u00e9ress\u00e9s peuvent devenir membre de la SEVAL. La cotisation annuelle inclut les prestations suivantes : la revue LeGes, la SEVAL Newsletter, les SEVAL-Flash, l\u2019inscription gratuite dans la banque de donn\u00e9es des \u00e9valuatrices et \u00e9valuateurs, des prix r\u00e9duits pour la participation \u00e0 des congr\u00e8s et des offres de formation.<\/p>\n<p>Nous offrons \u00e0 nos membres une large palette de prestations:<\/p>\n<ul>\n<li>un congr\u00e8s annuel et des journ\u00e9es d&#8217;\u00e9tudes cibl\u00e9es sur des th\u00e8mes vari\u00e9s;<\/li>\n<li>des <a href=\"https:\/\/www.seval.ch\/fr\/groupes-de-travail\/\">groupes de travail<\/a> en vue d&#8217;approfondir divers th\u00e8mes en mati\u00e8re d&#8217;\u00e9valuation;<\/li>\n<li>la possibilit\u00e9 de faire conna\u00eetre votre profil comme mandataire ou mandant au sein des milieux sp\u00e9cialis\u00e9s \u00e0 travers la banque de donn\u00e9es; &#8220;<a href=\"https:\/\/www.seval.ch\/fr\/evaluateurs-et-evaluatrices\/\">Evaluateurs et \u00e9valuatrices<\/a>&#8221; en tant que mandataires et mandants, et de chercher des mandataires, des enseignants ou des partenaires de recherche;<\/li>\n<li>des informations sur les activit\u00e9s de la SEVAL et l&#8217;actualit\u00e9 de l&#8217;\u00e9valuation en Suisse et \u00e0 l&#8217;\u00e9tranger \u00e0 travers notre Newsletter et notre site web;<\/li>\n<li>un abonnement \u00e0 la revue LeGes (L\u00e9gislation aujourd&#8217;hui), qui contient des articles de fond concernant l&#8217;\u00e9valuation en Suisse;<\/li>\n<li>la possibilit\u00e9 de placer et de consulter <a href=\"https:\/\/www.seval.ch\/fr\/mandats-et-emplois\/\">des offres d&#8217;emploi et des appels d&#8217;offre<\/a> dans le domaine d&#8217;\u00e9valuation sur notre site;<\/li>\n<li>des informations sur la formation initiale et continue en Suisse;<\/li>\n<li>et des <a href=\"https:\/\/www.seval.ch\/fr\/publications-prix-seval\/publications\/liens\/\">liens<\/a> utiles sur le th\u00e8me d&#8217;\u00e9valuation.<\/li>\n<\/ul>\n<p>Les cotisations s&#8217;\u00e9l\u00e8vent\u00a0\u00e0 Fr. 150.- pour les membres individuels et \u00e0 Fr. 100.- pour les \u00e9tudiants. Pour devenir membre de la SEVAL, veuillez remplir le formulaire de contact.<\/p>\n<h2>Etude du profil de membres de la SEVAL<\/h2>\n<p>Sous l\u2019impulsion de Marl\u00e8ne L\u00e4ubli, une analyse de profil des membres de la Soci\u00e9t\u00e9 suisse d\u2019\u00e9valuation a \u00e9t\u00e9 r\u00e9alis\u00e9e par Fabienne Plancherel durant l\u2019ann\u00e9e 2006.<br \/>\nLe but de cette \u00e9tude \u00e9tait de servir de base pour une r\u00e9flexion sur les membres actuels de la SEVAL et partant, d\u2019identifier les membres potentiels \u00e0 cibler. Le r\u00e9sum\u00e9 de l\u2019\u00e9tude livre les conclusions de l\u2019analyse.<\/p>\n","protected":false},"excerpt":{"rendered":"<p>Tous les individus int\u00e9ress\u00e9s peuvent devenir membre de la SEVAL. La cotisation annuelle inclut les prestations suivantes : la revue LeGes, la SEVAL Newsletter, les SEVAL-Flash, l\u2019inscription gratuite dans la banque de donn\u00e9es des \u00e9valuatrices et \u00e9valuateurs, des prix r\u00e9duits pour la participation \u00e0 des congr\u00e8s et des offres de formation. Nous offrons \u00e0 nos &hellip;<\/p>\n","protected":false},"author":1,"featured_media":0,"parent":79,"menu_order":0,"comment_status":"closed","ping_status":"closed","template":"","meta":{"_searchwp_excluded":"","advanced-sidebar-menu\/link-title":"","advanced-sidebar-menu\/exclude-page":false},"acf":[],"_links":{"self":[{"href":"https:\/\/www.seval.ch\/fr\/wp-json\/wp\/v2\/pages\/816"}],"collection":[{"href":"https:\/\/www.seval.ch\/fr\/wp-json\/wp\/v2\/pages"}],"about":[{"href":"https:\/\/www.seval.ch\/fr\/wp-json\/wp\/v2\/types\/page"}],"author":[{"embeddable":true,"href":"https:\/\/www.seval.ch\/fr\/wp-json\/wp\/v2\/users\/1"}],"replies":[{"embeddable":true,"href":"https:\/\/www.seval.ch\/fr\/wp-json\/wp\/v2\/comments?post=816"}],"version-history":[{"count":5,"href":"https:\/\/www.seval.ch\/fr\/wp-json\/wp\/v2\/pages\/816\/revisions"}],"predecessor-version":[{"id":3175,"href":"https:\/\/www.seval.ch\/fr\/wp-json\/wp\/v2\/pages\/816\/revisions\/3175"}],"up":[{"embeddable":true,"href":"https:\/\/www.seval.ch\/fr\/wp-json\/wp\/v2\/pages\/79"}],"wp:attachment":[{"href":"https:\/\/www.seval.ch\/fr\/wp-json\/wp\/v2\/media?parent=816"}],"curies":[{"name":"wp","href":"https:\/\/api.w.org\/{rel}","templated":true}]}}