{"id":810,"date":"2017-07-19T10:13:54","date_gmt":"2017-07-19T08:13:54","guid":{"rendered":"https:\/\/www.seval.ch\/?page_id=810\/"},"modified":"2025-10-17T14:29:58","modified_gmt":"2025-10-17T12:29:58","slug":"statuts","status":"publish","type":"page","link":"https:\/\/www.seval.ch\/fr\/a-propos-de-la-seval\/statuts\/","title":{"rendered":"Statuts"},"content":{"rendered":"<ul>\n<li><strong>Art. 1: nom et si\u00e8ge<\/strong><br \/>\nLa &#8220;soci\u00e9t\u00e9 suisse d&#8217;\u00e9valuation&#8221; (soci\u00e9t\u00e9) est une association selon les articles 60 et suivants du Code civil suisse; elle a son si\u00e8ge dans la ville de Berne.<\/li>\n<li><strong>Art. 2: buts<\/strong><br \/>\n\u00b9 La soci\u00e9t\u00e9<br \/>\na. encourage l&#8217;\u00e9change d&#8217;informations et d&#8217;exp\u00e9riences sur l&#8217;\u00e9valuation entre la politique, l&#8217;administration,les hautes \u00e9coles et les bureaux d&#8217;\u00e9tudes;<br \/>\nb. favorise la qualit\u00e9 des \u00e9valuations et sa diffusion.<br \/>\n\u00b2 La soci\u00e9t\u00e9 est politiquement et confessionnellement neutre.<\/li>\n<li><strong>Art. 3: affiliation<\/strong><br \/>\n\u00b9 Les personnes physiques ou morales, ainsi que d&#8217;autres institutions peuvent devenir membres de la soci\u00e9t\u00e9.<br \/>\n\u00b2 Les personnes morales et les institutions d\u00e9signent nominativement une ou plusieurs personnes physiques qui les repr\u00e9sentent.<br \/>\n\u00b3 Le comit\u00e9 d\u00e9cide de l&#8217;affiliation.<\/li>\n<li><strong>Art. 4: organes<\/strong><br \/>\nLes organes de la soci\u00e9t\u00e9 sont:<br \/>\na. l&#8217;assembl\u00e9e g\u00e9n\u00e9rale;<br \/>\nb. le comit\u00e9;<br \/>\nc. les contr\u00f4leurs.<\/li>\n<li><strong>Art. 5: assembl\u00e9e g\u00e9n\u00e9rale<\/strong><br \/>\n\u00b9 L&#8217;assembl\u00e9e g\u00e9n\u00e9rale se r\u00e9unit annuellement sur convocation du comit\u00e9.<br \/>\n\u00b2 L&#8217;assembl\u00e9e g\u00e9n\u00e9rale:<br \/>\na. \u00e9lit la pr\u00e9sidente ou le pr\u00e9sident et les autres membres du comit\u00e9;<br \/>\nb. \u00e9lit les deux contr\u00f4leurs;<br \/>\nc. donne d\u00e9charge au comit\u00e9 pour la gestion et les comptes;<br \/>\nd. fixe le montant des cotisations;<br \/>\ne. prend position sur des probl\u00e8mes principaux;<br \/>\nf. d\u00e9cide des changements de statuts;<br \/>\ng. d\u00e9cide de la dissolution en pr\u00e9sence des deux-tiers des membres.<\/li>\n<li><strong>Art. 6: comit\u00e9<\/strong><br \/>\n\u00b9 Le comit\u00e9 se compose outre de la pr\u00e9sidente ou du pr\u00e9sident, au maximum de huit personnes. Le comit\u00e9 s&#8217;organise lui-m\u00eame.<br \/>\n\u00b2 Le comit\u00e9 exerce toutes les comp\u00e9tences qui ne sont pas attribu\u00e9es \u00e0 un autre organe. Notamment il<br \/>\na. convoque l&#8217;assembl\u00e9e g\u00e9n\u00e9rale et la pr\u00e9pare;<br \/>\nb. fixe les t\u00e2ches du bureau;<br \/>\nc. nomme les groupes de travail et d\u00e9termine leurs t\u00e2ches;<br \/>\nd. \u00e9tablit le programme de travail;<br \/>\ne. d\u00e9cide des d\u00e9penses;<br \/>\nf. repr\u00e9sente la soci\u00e9t\u00e9 \u00e0 l&#8217;ext\u00e9rieur;<br \/>\ng. \u00e9tablit annuellement un rapport d&#8217;activit\u00e9.<br \/>\n\u00b3 Le comit\u00e9 est \u00e9lu pour deux ans, les membres sont r\u00e9\u00e9ligibles.<i>L\u2019\u00e9lection se d\u00e9roule lors d\u2019un <\/i><i>vote \u00e0 bulletin secret.<\/i><\/li>\n<li><strong>Art. 7: ressources<\/strong><br \/>\nLa soci\u00e9t\u00e9 dispose des recettes suivantes:<br \/>\na. les cotisations des membres;<br \/>\nb. les dons;<br \/>\nc. les recettes de cours, de manifestations et de publications.<\/li>\n<li><strong>Art. 8: responsabilit\u00e9<\/strong><br \/>\nLa responsabilit\u00e9 des membres concernant leurs obligations se limite aux cotisations.<\/li>\n<\/ul>\n<p>Derni\u00e8re modification: Assembl\u00e9 g\u00e9n\u00e9rale du 05.09.2025, Fribourg.<\/p>\n","protected":false},"excerpt":{"rendered":"<p>Art. 1: nom et si\u00e8ge La &#8220;soci\u00e9t\u00e9 suisse d&#8217;\u00e9valuation&#8221; (soci\u00e9t\u00e9) est une association selon les articles 60 et suivants du Code civil suisse; elle a son si\u00e8ge dans la ville de Berne. Art. 2: buts \u00b9 La soci\u00e9t\u00e9 a. encourage l&#8217;\u00e9change d&#8217;informations et d&#8217;exp\u00e9riences sur l&#8217;\u00e9valuation entre la politique, l&#8217;administration,les hautes \u00e9coles et les bureaux &hellip;<\/p>\n","protected":false},"author":1,"featured_media":0,"parent":79,"menu_order":0,"comment_status":"closed","ping_status":"closed","template":"","meta":{"_searchwp_excluded":"","advanced-sidebar-menu\/link-title":"","advanced-sidebar-menu\/exclude-page":false},"acf":[],"_links":{"self":[{"href":"https:\/\/www.seval.ch\/fr\/wp-json\/wp\/v2\/pages\/810"}],"collection":[{"href":"https:\/\/www.seval.ch\/fr\/wp-json\/wp\/v2\/pages"}],"about":[{"href":"https:\/\/www.seval.ch\/fr\/wp-json\/wp\/v2\/types\/page"}],"author":[{"embeddable":true,"href":"https:\/\/www.seval.ch\/fr\/wp-json\/wp\/v2\/users\/1"}],"replies":[{"embeddable":true,"href":"https:\/\/www.seval.ch\/fr\/wp-json\/wp\/v2\/comments?post=810"}],"version-history":[{"count":5,"href":"https:\/\/www.seval.ch\/fr\/wp-json\/wp\/v2\/pages\/810\/revisions"}],"predecessor-version":[{"id":18241,"href":"https:\/\/www.seval.ch\/fr\/wp-json\/wp\/v2\/pages\/810\/revisions\/18241"}],"up":[{"embeddable":true,"href":"https:\/\/www.seval.ch\/fr\/wp-json\/wp\/v2\/pages\/79"}],"wp:attachment":[{"href":"https:\/\/www.seval.ch\/fr\/wp-json\/wp\/v2\/media?parent=810"}],"curies":[{"name":"wp","href":"https:\/\/api.w.org\/{rel}","templated":true}]}}