{"id":79,"date":"2017-07-05T10:44:56","date_gmt":"2017-07-05T08:44:56","guid":{"rendered":"https:\/\/www.seval.ch\/?page_id=79\/"},"modified":"2026-01-19T08:01:19","modified_gmt":"2026-01-19T07:01:19","slug":"a-propos-de-la-seval","status":"publish","type":"page","link":"https:\/\/www.seval.ch\/fr\/a-propos-de-la-seval\/","title":{"rendered":"A propos de la SEVAL"},"content":{"rendered":"<p>La Soci\u00e9t\u00e9 suisse d&#8217;\u00e9valuation SEVAL a \u00e9t\u00e9 fond\u00e9e en 1996 dans le but d&#8217;encourager le dialogue et les \u00e9changes d&#8217;information et d&#8217;exp\u00e9rience concernant l&#8217;\u00e9valuation entre la politique, l&#8217;administration, les hautes \u00e9coles et les entreprises de conseil et de promouvoir la qualit\u00e9 et la diffusion des \u00e9valuations.<\/p>\n<p>Elle comprend actuellement environ 450 membres de toutes les parties du pays. Ceux-ci proviennent \u00e0 parts \u00e0 peu pr\u00e8s \u00e9gales des hautes \u00e9coles (universit\u00e9s et hautes \u00e9coles sp\u00e9cialis\u00e9es), d&#8217;institutions du secteur priv\u00e9 (telles que des bureaux de recherche) et du milieu politique et administratif (au niveau des communes, des cantons et de la Conf\u00e9d\u00e9ration).<\/p>\n<p>Au cours de la derni\u00e8re p\u00e9riode strat\u00e9gique 2018-2021, la SEVAL a pris des mesures en faveur de la professionnalisation de la pratique de l&#8217;\u00e9valuation en Suisse. Certains objectifs ont \u00e9t\u00e9 atteints.<\/p>\n<p>La<a href=\"https:\/\/www.seval.ch\/app\/uploads\/2022\/01\/Strategie2022-25_Final_Decembre-2021_f.pdf\" target=\"_blank\" rel=\"noopener\"> strat\u00e9gie SEVAL 2022-25<\/a> a \u00e9t\u00e9 \u00e9labor\u00e9e avec le soutien des groupes de travail. Elle s&#8217;appuie sur les travaux de ces derni\u00e8res ann\u00e9es et vise la continuit\u00e9.<\/p>\n<p>La nouvelle <a href=\"https:\/\/www.seval.ch\/app\/uploads\/2025\/08\/11_Strategie_FR.pdf\" target=\"\" rel=\"noopener\">Strategie 2026 &#8211; 2029<\/a> a \u00e9galement \u00e9t\u00e9 \u00e9labor\u00e9e avec le soutien des groupes de travail.<\/p>\n<h2>Activit\u00e9s<\/h2>\n<ul>\n<li>Congr\u00e8s annuel et ateliers m\u00e9thodologiques<\/li>\n<li>Journ\u00e9es consacr\u00e9es \u00e0 des th\u00e8mes sp\u00e9cifiques<\/li>\n<li>Groupes de travail traitant des th\u00e8mes sp\u00e9cifiques relatifs \u00e0 l\u2019\u00e9valuation<\/li>\n<li>Prix SEVAL<\/li>\n<\/ul>\n<h2>Services<\/h2>\n<ul>\n<li>Elaboration et mise \u00e0 jour des standards SEVAL<\/li>\n<li>D\u00e9finition des comp\u00e9tences n\u00e9cessaires (\u00e9valuatrices et \u00e9valuateurs, gestionnaires d\u2019\u00e9valuation)<\/li>\n<li>Banque de donn\u00e9es des \u00e9valuatrices et \u00e9valuateurs<\/li>\n<li>Banque de donn\u00e9es des formations disponibles<\/li>\n<li>Appels d\u2019offre<\/li>\n<li>Offres de formation continue<\/li>\n<li>Informations aux membres (SEVAL-Newsletter et SEVAL-Flash)<\/li>\n<li>Journal LeGes \u2013 L\u00e9gislation et \u00e9valuation<\/li>\n<li>Etc.<\/li>\n<\/ul>\n<h2>Service de conseil<\/h2>\n<p>Le groupe de travail nouvellement form\u00e9 \u201cService de conseil SEVAL\u201d a d\u00e9but\u00e9 son travail en automne 2020. Le service de conseil fonctionne selon les principes suivants :<\/p>\n<ul>\n<li>Il contribue \u00e0 maintenir et \u00e0 accro\u00eetre la professionnalisation, l&#8217;am\u00e9lioration de la qualit\u00e9 et l&#8217;assurance qualit\u00e9 de l&#8217;\u00e9valuation<\/li>\n<li>Il exerce ses activit\u00e9s de mani\u00e8re ind\u00e9pendante, professionnelle et efficace<\/li>\n<li>Il garantit la confidentialit\u00e9 aux personnes conseill\u00e9es, les intervenants traitant toutes les informations et donn\u00e9es de mani\u00e8re confidentielle<\/li>\n<li>Il r\u00e9pond de la protection et de la s\u00e9curit\u00e9 des donn\u00e9es qui lui sont soumises<\/li>\n<\/ul>\n<p>Pour de plus amples informations sur le Service de conseil, cliquez <a href=\"https:\/\/www.seval.ch\/fr\/service-de-conseil\/\">ici<\/a><\/p>\n<h2>Comit\u00e9<\/h2>\n<p>Le comit\u00e9 est compos\u00e9 de 9 membres issus d&#8217;institutions publiques et de bureaux priv\u00e9s. Il est pr\u00e9sid\u00e9 par Laurent Cr\u00e9mieux.<\/p>\n","protected":false},"excerpt":{"rendered":"<p>La Soci\u00e9t\u00e9 suisse d&#8217;\u00e9valuation SEVAL a \u00e9t\u00e9 fond\u00e9e en 1996 dans le but d&#8217;encourager le dialogue et les \u00e9changes d&#8217;information et d&#8217;exp\u00e9rience concernant l&#8217;\u00e9valuation entre la politique, l&#8217;administration, les hautes \u00e9coles et les entreprises de conseil et de promouvoir la qualit\u00e9 et la diffusion des \u00e9valuations. Elle comprend actuellement environ 450 membres de toutes les &hellip;<\/p>\n","protected":false},"author":1,"featured_media":0,"parent":0,"menu_order":0,"comment_status":"closed","ping_status":"closed","template":"","meta":{"_searchwp_excluded":"","advanced-sidebar-menu\/link-title":"","advanced-sidebar-menu\/exclude-page":false},"acf":[],"_links":{"self":[{"href":"https:\/\/www.seval.ch\/fr\/wp-json\/wp\/v2\/pages\/79"}],"collection":[{"href":"https:\/\/www.seval.ch\/fr\/wp-json\/wp\/v2\/pages"}],"about":[{"href":"https:\/\/www.seval.ch\/fr\/wp-json\/wp\/v2\/types\/page"}],"author":[{"embeddable":true,"href":"https:\/\/www.seval.ch\/fr\/wp-json\/wp\/v2\/users\/1"}],"replies":[{"embeddable":true,"href":"https:\/\/www.seval.ch\/fr\/wp-json\/wp\/v2\/comments?post=79"}],"version-history":[{"count":35,"href":"https:\/\/www.seval.ch\/fr\/wp-json\/wp\/v2\/pages\/79\/revisions"}],"predecessor-version":[{"id":18664,"href":"https:\/\/www.seval.ch\/fr\/wp-json\/wp\/v2\/pages\/79\/revisions\/18664"}],"wp:attachment":[{"href":"https:\/\/www.seval.ch\/fr\/wp-json\/wp\/v2\/media?parent=79"}],"curies":[{"name":"wp","href":"https:\/\/api.w.org\/{rel}","templated":true}]}}