{"id":738,"date":"2017-07-14T10:11:05","date_gmt":"2017-07-14T08:11:05","guid":{"rendered":"https:\/\/www.seval.ch\/home\/"},"modified":"2026-03-30T10:00:00","modified_gmt":"2026-03-30T08:00:00","slug":"home","status":"publish","type":"page","link":"https:\/\/www.seval.ch\/fr\/","title":{"rendered":"Home"},"content":{"rendered":"<h2>Bonjour !<\/h2>\n<p>La Soci\u00e9t\u00e9 suisse d&#8217;\u00e9valuation encourage le dialogue et les \u00e9changes d&#8217;exp\u00e9rience entre la politique, l&#8217;administration, les\u00a0hautes \u00e9coles\u00a0et les entreprises de conseil. Elle s&#8217;engage activement dans la promotion de la qualit\u00e9 des \u00e9valuations et de leur diffusion.<\/p>\n","protected":false},"excerpt":{"rendered":"<p>Bonjour ! La Soci\u00e9t\u00e9 suisse d&#8217;\u00e9valuation encourage le dialogue et les \u00e9changes d&#8217;exp\u00e9rience entre la politique, l&#8217;administration, les\u00a0hautes \u00e9coles\u00a0et les entreprises de conseil. Elle s&#8217;engage activement dans la promotion de la qualit\u00e9 des \u00e9valuations et de leur diffusion.<\/p>\n","protected":false},"author":1,"featured_media":0,"parent":0,"menu_order":0,"comment_status":"closed","ping_status":"closed","template":"","meta":{"_searchwp_excluded":"","advanced-sidebar-menu\/link-title":"","advanced-sidebar-menu\/exclude-page":false},"acf":[],"_links":{"self":[{"href":"https:\/\/www.seval.ch\/fr\/wp-json\/wp\/v2\/pages\/738"}],"collection":[{"href":"https:\/\/www.seval.ch\/fr\/wp-json\/wp\/v2\/pages"}],"about":[{"href":"https:\/\/www.seval.ch\/fr\/wp-json\/wp\/v2\/types\/page"}],"author":[{"embeddable":true,"href":"https:\/\/www.seval.ch\/fr\/wp-json\/wp\/v2\/users\/1"}],"replies":[{"embeddable":true,"href":"https:\/\/www.seval.ch\/fr\/wp-json\/wp\/v2\/comments?post=738"}],"version-history":[{"count":90,"href":"https:\/\/www.seval.ch\/fr\/wp-json\/wp\/v2\/pages\/738\/revisions"}],"predecessor-version":[{"id":18813,"href":"https:\/\/www.seval.ch\/fr\/wp-json\/wp\/v2\/pages\/738\/revisions\/18813"}],"wp:attachment":[{"href":"https:\/\/www.seval.ch\/fr\/wp-json\/wp\/v2\/media?parent=738"}],"curies":[{"name":"wp","href":"https:\/\/api.w.org\/{rel}","templated":true}]}}