{"id":726,"date":"2017-07-18T20:43:15","date_gmt":"2017-07-18T18:43:15","guid":{"rendered":"https:\/\/www.seval.ch\/news-evenements\/archive-bulletin\/"},"modified":"2025-01-31T15:50:55","modified_gmt":"2025-01-31T14:50:55","slug":"archive-bulletin","status":"publish","type":"page","link":"https:\/\/www.seval.ch\/fr\/news-evenements\/archive-bulletin\/","title":{"rendered":"Archive Bulletin"},"content":{"rendered":"<p>Le Bulletin de la SEVAL vous informe deux \u00e0 trois fois par ans sur les activit\u00e9s de la SEVAL en cours. Le Bulletin contient entre autre de br\u00e8ves contributions de discussion sur la pratique d&#8217;\u00e9valuation, les PV de l&#8217;Assembl\u00e9e g\u00e9n\u00e9rale, des comptes rendus des congr\u00e8s de la SEAVAL ainsi que des informations sur les \u00e9v\u00e9nements en Suisse et \u00e0 l&#8217;\u00e9tranger.<\/p>\n<p>Le Bulletin a \u00e9t\u00e9 remplac\u00e9 en 2009 par la Newsletter.<\/p>\n","protected":false},"excerpt":{"rendered":"<p>Le Bulletin de la SEVAL vous informe deux \u00e0 trois fois par ans sur les activit\u00e9s de la SEVAL en cours. Le Bulletin contient entre autre de br\u00e8ves contributions de discussion sur la pratique d&#8217;\u00e9valuation, les PV de l&#8217;Assembl\u00e9e g\u00e9n\u00e9rale, des comptes rendus des congr\u00e8s de la SEAVAL ainsi que des informations sur les \u00e9v\u00e9nements &hellip;<\/p>\n","protected":false},"author":1,"featured_media":0,"parent":81,"menu_order":0,"comment_status":"closed","ping_status":"closed","template":"","meta":{"_searchwp_excluded":"","advanced-sidebar-menu\/link-title":"","advanced-sidebar-menu\/exclude-page":false},"acf":[],"_links":{"self":[{"href":"https:\/\/www.seval.ch\/fr\/wp-json\/wp\/v2\/pages\/726"}],"collection":[{"href":"https:\/\/www.seval.ch\/fr\/wp-json\/wp\/v2\/pages"}],"about":[{"href":"https:\/\/www.seval.ch\/fr\/wp-json\/wp\/v2\/types\/page"}],"author":[{"embeddable":true,"href":"https:\/\/www.seval.ch\/fr\/wp-json\/wp\/v2\/users\/1"}],"replies":[{"embeddable":true,"href":"https:\/\/www.seval.ch\/fr\/wp-json\/wp\/v2\/comments?post=726"}],"version-history":[{"count":2,"href":"https:\/\/www.seval.ch\/fr\/wp-json\/wp\/v2\/pages\/726\/revisions"}],"predecessor-version":[{"id":17292,"href":"https:\/\/www.seval.ch\/fr\/wp-json\/wp\/v2\/pages\/726\/revisions\/17292"}],"up":[{"embeddable":true,"href":"https:\/\/www.seval.ch\/fr\/wp-json\/wp\/v2\/pages\/81"}],"wp:attachment":[{"href":"https:\/\/www.seval.ch\/fr\/wp-json\/wp\/v2\/media?parent=726"}],"curies":[{"name":"wp","href":"https:\/\/api.w.org\/{rel}","templated":true}]}}