{"id":720,"date":"2017-07-18T23:28:56","date_gmt":"2017-07-18T21:28:56","guid":{"rendered":"https:\/\/www.seval.ch\/?page_id=720\/"},"modified":"2018-03-09T10:17:15","modified_gmt":"2018-03-09T09:17:15","slug":"publier-des-annonces","status":"publish","type":"page","link":"https:\/\/www.seval.ch\/fr\/mandats-et-emplois\/publier-des-annonces\/","title":{"rendered":"Publier des annonces"},"content":{"rendered":"<p><strong>Qu\u2019est-ce qu\u2019on peut publier sous la rubrique \u201cMandats et emplois\u201d?<\/strong><br \/>\nNous acceptons des annonces pour des offres d\u2019emploi dans le domaine de l\u2019\u00e9valuation et des appels d\u2019offres pour des \u00e9valuations. La SEVAL se r\u00e9serve le droit de refuser des annonces, en particulier des annonces de vente et toutes autres annonces qui ne concernent pas le domaine de l\u2019\u00e9valuation.<\/p>\n<p><strong>Qui peut publier des annonces?<\/strong><br \/>\nTous les membres de la SEVAL peuvent publier une annonce.<br \/>\nPour l\u2019instant les non-membres peuvent publier leurs annonces gratuitement. Des frais de publication pourraient \u00eatre introduits ult\u00e9rieurement.<\/p>\n<p><strong>Comment proc\u00e9der pour publier?<\/strong><br \/>\nVia le formulaire &#8220;Publier des annonces&#8221;.<\/p>\n<p>Il faut compter environ une semaine pour la gestion de votre demande de publication. Tous les d\u00e9lais de soumission ou de r\u00e9ponse doivent clairement \u00eatre indiqu\u00e9s dans votre annonce. Apr\u00e8s l\u2019\u00e9ch\u00e9ance des d\u00e9lais, l\u2019annonce est automatiquement supprim\u00e9e.<br \/>\nNous attirons votre attention sur le fait que la SEVAL n\u2019assume aucune responsabilit\u00e9 concernant le contenu des annonces publi\u00e9es sur notre site.<\/p>\n","protected":false},"excerpt":{"rendered":"<p>Qu\u2019est-ce qu\u2019on peut publier sous la rubrique \u201cMandats et emplois\u201d? Nous acceptons des annonces pour des offres d\u2019emploi dans le domaine de l\u2019\u00e9valuation et des appels d\u2019offres pour des \u00e9valuations. La SEVAL se r\u00e9serve le droit de refuser des annonces, en particulier des annonces de vente et toutes autres annonces qui ne concernent pas le &hellip;<\/p>\n","protected":false},"author":1,"featured_media":0,"parent":718,"menu_order":0,"comment_status":"closed","ping_status":"closed","template":"","meta":{"_searchwp_excluded":"","advanced-sidebar-menu\/link-title":"","advanced-sidebar-menu\/exclude-page":false},"acf":[],"_links":{"self":[{"href":"https:\/\/www.seval.ch\/fr\/wp-json\/wp\/v2\/pages\/720"}],"collection":[{"href":"https:\/\/www.seval.ch\/fr\/wp-json\/wp\/v2\/pages"}],"about":[{"href":"https:\/\/www.seval.ch\/fr\/wp-json\/wp\/v2\/types\/page"}],"author":[{"embeddable":true,"href":"https:\/\/www.seval.ch\/fr\/wp-json\/wp\/v2\/users\/1"}],"replies":[{"embeddable":true,"href":"https:\/\/www.seval.ch\/fr\/wp-json\/wp\/v2\/comments?post=720"}],"version-history":[{"count":5,"href":"https:\/\/www.seval.ch\/fr\/wp-json\/wp\/v2\/pages\/720\/revisions"}],"predecessor-version":[{"id":5158,"href":"https:\/\/www.seval.ch\/fr\/wp-json\/wp\/v2\/pages\/720\/revisions\/5158"}],"up":[{"embeddable":true,"href":"https:\/\/www.seval.ch\/fr\/wp-json\/wp\/v2\/pages\/718"}],"wp:attachment":[{"href":"https:\/\/www.seval.ch\/fr\/wp-json\/wp\/v2\/media?parent=720"}],"curies":[{"name":"wp","href":"https:\/\/api.w.org\/{rel}","templated":true}]}}