{"id":718,"date":"2017-07-18T23:27:40","date_gmt":"2017-07-18T21:27:40","guid":{"rendered":"https:\/\/www.seval.ch\/?page_id=718\/"},"modified":"2025-11-05T10:31:33","modified_gmt":"2025-11-05T09:31:33","slug":"mandats-et-emplois","status":"publish","type":"page","link":"https:\/\/www.seval.ch\/fr\/mandats-et-emplois\/","title":{"rendered":"Mandats et emplois"},"content":{"rendered":"<p>Souhaitez-vous publier un appel d\u2019offres pour une \u00e9valuation?<br \/>\nCherchez-vous des collaborateurs-trices dans le domaine d\u2019\u00e9valuation?<\/p>\n<p>A travers une annonce sous la rubrique \u201cMandats et emplois\u201d vous toucherez rapidement les milieux int\u00e9ress\u00e9s.<\/p>\n<p>Vous cherchez un emploi dans le domaine de l\u2019\u00e9valuation?<br \/>\nVous cherchez un mandat en tant qu\u2019\u00e9valuateur-trice?<\/p>\n<p>Visitez r\u00e9guli\u00e8rement la rubrique \u201cMandats et emplois\u201d pour vous tenir au courant des offres actuelles.<\/p>\n<p>La rubrique \u201cmandats et emplois\u201d est une plateforme pour publier des offres d\u2019emploi et des appels d\u2019offre dans le domaine de l\u2019\u00e9valuation.\u00a0 Elle est compl\u00e9mentaire \u00e0 la base de donn\u00e9es \u201cEvaluateurs et \u00e9valuatrices\u201d o\u00f9 les mandataires et les mandants pr\u00e9sentent leurs profils.<\/p>\n<p>Les annonces peuvent \u00eatre publi\u00e9es\u00a0sous \u201cpublier une annonce\u201d.<\/p>\n<p>La SEVAL n\u2019assume aucune responsabilit\u00e9 concernant le contenu des annonces.<\/p>\n<h2>Vous cherchez \u00e0 faire vos premiers pas dans le domaine de l&#8217;\u00e9valuation ?<\/h2>\n<p>Vous cherchez \u00e0 entrer dans le domaine de l\u2019\u00e9valuation ? Le Who is who du paysage suisse de l\u2019\u00e9valuation pr\u00e9sente des entreprises, des institutions et des organisations qui proposent des postes d\u2019entr\u00e9e en \u00e9valuation \u2013 que ce soit r\u00e9guli\u00e8rement ou de temps en temps, pour les d\u00e9butant-e-s ou les personnes ayant moins de 5 ans d\u2019exp\u00e9rience dans le domaine.<\/p>\n<p>Le Who is who a \u00e9t\u00e9 con\u00e7u par le groupe de travail Swiss JEE. Si vous souhaitez que votre organisation y figure \u00e9galement, merci de vous annoncer \u00e0\u00a0<a href=\"ma&#105;&#108;&#116;&#x6f;&#x3a;&#x73;&#x77;is&#115;&#106;&#101;&#x65;&#x40;&#x73;&#x65;va&#108;&#46;&#99;&#x68;\">&#x73;&#119;i&#x73;&#x73;&#106;e&#x65;&#64;s&#x65;&#x76;&#97;l&#x2e;&#99;h<\/a>.<\/p>\n","protected":false},"excerpt":{"rendered":"<p>Souhaitez-vous publier un appel d\u2019offres pour une \u00e9valuation? Cherchez-vous des collaborateurs-trices dans le domaine d\u2019\u00e9valuation? A travers une annonce sous la rubrique \u201cMandats et emplois\u201d vous toucherez rapidement les milieux int\u00e9ress\u00e9s. Vous cherchez un emploi dans le domaine de l\u2019\u00e9valuation? Vous cherchez un mandat en tant qu\u2019\u00e9valuateur-trice? Visitez r\u00e9guli\u00e8rement la rubrique \u201cMandats et emplois\u201d pour &hellip;<\/p>\n","protected":false},"author":1,"featured_media":0,"parent":0,"menu_order":0,"comment_status":"closed","ping_status":"closed","template":"","meta":{"_searchwp_excluded":"","advanced-sidebar-menu\/link-title":"","advanced-sidebar-menu\/exclude-page":false},"acf":[],"_links":{"self":[{"href":"https:\/\/www.seval.ch\/fr\/wp-json\/wp\/v2\/pages\/718"}],"collection":[{"href":"https:\/\/www.seval.ch\/fr\/wp-json\/wp\/v2\/pages"}],"about":[{"href":"https:\/\/www.seval.ch\/fr\/wp-json\/wp\/v2\/types\/page"}],"author":[{"embeddable":true,"href":"https:\/\/www.seval.ch\/fr\/wp-json\/wp\/v2\/users\/1"}],"replies":[{"embeddable":true,"href":"https:\/\/www.seval.ch\/fr\/wp-json\/wp\/v2\/comments?post=718"}],"version-history":[{"count":13,"href":"https:\/\/www.seval.ch\/fr\/wp-json\/wp\/v2\/pages\/718\/revisions"}],"predecessor-version":[{"id":18319,"href":"https:\/\/www.seval.ch\/fr\/wp-json\/wp\/v2\/pages\/718\/revisions\/18319"}],"wp:attachment":[{"href":"https:\/\/www.seval.ch\/fr\/wp-json\/wp\/v2\/media?parent=718"}],"curies":[{"name":"wp","href":"https:\/\/api.w.org\/{rel}","templated":true}]}}