{"id":707,"date":"2017-07-18T23:17:46","date_gmt":"2017-07-18T21:17:46","guid":{"rendered":"https:\/\/www.seval.ch\/?page_id=707\/"},"modified":"2018-12-27T11:33:57","modified_gmt":"2018-12-27T10:33:57","slug":"impressum","status":"publish","type":"page","link":"https:\/\/www.seval.ch\/fr\/impressum\/","title":{"rendered":"Impressum"},"content":{"rendered":"<p><strong>Contenu\u00a0\/ R\u00e9daction<\/strong><br \/>\nSoci\u00e9t\u00e9 suisse d&#8217;\u00e9valuation\u00a0SEVAL<br \/>\nc\/o\u00a0Universit\u00e9 de Fribourg<br \/>\nService Assurance Qualit\u00e9<br \/>\nAv. Beauregard 11 (1.217)<br \/>\nCH-1700 Fribourg<br \/>\nT\u00e9l. +41 (0)26 300 82 81<br \/>\n<a href=\"&#109;a&#x69;l&#x74;o&#x3a;&#115;&#x65;&#99;&#x72;&#101;t&#x61;r&#x69;a&#x74;&#64;&#x73;&#101;&#x76;&#97;&#x6c;&#46;c&#x68;\">&#x73;&#101;c&#x72;&#x65;&#116;a&#x72;&#x69;&#97;t&#x40;&#115;e&#x76;&#x61;&#108;&#46;&#x63;&#x68;<\/a><\/p>\n<p>&nbsp;<\/p>\n<p><strong>Concept et d\u00e9veloppement web\u00a0<\/strong><br \/>\nSKOUHUS &amp; BOMBELLI AG<br \/>\nFurrengasse 7<br \/>\nCH-6004 Lucerne<br \/>\nT\u00e9l. +41 (0)41 410 78 10<br \/>\n<a href=\"&#x6d;&#x61;&#x69;&#x6c;&#x74;&#x6f;&#58;&#109;&#97;&#105;l&#64;s-&#x62;&#x2e;&#x63;&#x68;\">&#x6d;&#97;i&#x6c;&#x40;&#115;-&#x62;&#46;c&#x68;<\/a><\/p>\n","protected":false},"excerpt":{"rendered":"<p>Contenu\u00a0\/ R\u00e9daction Soci\u00e9t\u00e9 suisse d&#8217;\u00e9valuation\u00a0SEVAL c\/o\u00a0Universit\u00e9 de Fribourg Service Assurance Qualit\u00e9 Av. Beauregard 11 (1.217) CH-1700 Fribourg T\u00e9l. +41 (0)26 300 82 81 &#x73;&#x65;&#x63;&#114;&#101;ta&#x72;&#x69;&#x61;&#116;&#64;se&#x76;&#x61;&#x6c;&#46;&#99;h &nbsp; Concept et d\u00e9veloppement web\u00a0 SKOUHUS &amp; BOMBELLI AG Furrengasse 7 CH-6004 Lucerne T\u00e9l. +41 (0)41 410 78 10 &#x6d;&#97;&#x69;&#x6c;&#64;&#x73;&#x2d;&#98;&#x2e;&#x63;&#104;<\/p>\n","protected":false},"author":1,"featured_media":0,"parent":0,"menu_order":0,"comment_status":"closed","ping_status":"closed","template":"","meta":{"_searchwp_excluded":"","advanced-sidebar-menu\/link-title":"","advanced-sidebar-menu\/exclude-page":false},"acf":[],"_links":{"self":[{"href":"https:\/\/www.seval.ch\/fr\/wp-json\/wp\/v2\/pages\/707"}],"collection":[{"href":"https:\/\/www.seval.ch\/fr\/wp-json\/wp\/v2\/pages"}],"about":[{"href":"https:\/\/www.seval.ch\/fr\/wp-json\/wp\/v2\/types\/page"}],"author":[{"embeddable":true,"href":"https:\/\/www.seval.ch\/fr\/wp-json\/wp\/v2\/users\/1"}],"replies":[{"embeddable":true,"href":"https:\/\/www.seval.ch\/fr\/wp-json\/wp\/v2\/comments?post=707"}],"version-history":[{"count":4,"href":"https:\/\/www.seval.ch\/fr\/wp-json\/wp\/v2\/pages\/707\/revisions"}],"predecessor-version":[{"id":8615,"href":"https:\/\/www.seval.ch\/fr\/wp-json\/wp\/v2\/pages\/707\/revisions\/8615"}],"wp:attachment":[{"href":"https:\/\/www.seval.ch\/fr\/wp-json\/wp\/v2\/media?parent=707"}],"curies":[{"name":"wp","href":"https:\/\/api.w.org\/{rel}","templated":true}]}}