{"id":703,"date":"2017-07-18T23:16:11","date_gmt":"2017-07-18T21:16:11","guid":{"rendered":"https:\/\/www.seval.ch\/?page_id=703\/"},"modified":"2024-09-27T08:25:01","modified_gmt":"2024-09-27T06:25:01","slug":"protection-des-donnees","status":"publish","type":"page","link":"https:\/\/www.seval.ch\/fr\/protection-des-donnees\/","title":{"rendered":"Protection des donn\u00e9es"},"content":{"rendered":"<p>Par la pr\u00e9sente d\u00e9claration de protection des donn\u00e9es, nous informons sur les donn\u00e9es personnelles que nous traitons dans le cadre de nos activit\u00e9s, y compris sur notre site Internet seval.ch. Nous vous informons en particulier de la finalit\u00e9, de la mani\u00e8re et du lieu de traitement des donn\u00e9es personnelles. Nous vous informons \u00e9galement sur les droits des personnes dont nous traitons les donn\u00e9es.<br \/>\nD&#8217;autres d\u00e9clarations de protection des donn\u00e9es ainsi que d&#8217;autres documents juridiques tels que les conditions g\u00e9n\u00e9rales de vente (CGV), les conditions d&#8217;utilisation ou les conditions de participation peuvent s&#8217;appliquer \u00e0 des activit\u00e9s individuelles ou suppl\u00e9mentaires.<\/p>\n<h2>1. Adresses de contact<\/h2>\n<p>Responsabilit\u00e9 du traitement des donn\u00e9es personnelles :<\/p>\n<p>SEVAL<br \/>\nc\/o Universit\u00e9 de Fribourg<br \/>\nService Assurance Qualit\u00e9<br \/>\nAv. Beauregard 11 (1.217)<br \/>\nCH-1700 Fribourg<br \/>\nsecr&#101;&#116;&#97;&#114;&#105;&#97;&#116;&#x40;&#x73;&#x65;&#x76;&#x61;&#x6c;&#x2e;&#x63;&#x68;<\/p>\n<p>Dans certains cas, il peut y avoir d&#8217;autres responsables du traitement des donn\u00e9es personnelles ou une responsabilit\u00e9 conjointe.<\/p>\n<h2>2. D\u00e9finitions et bases juridiques<\/h2>\n<h3>2.1 Termes<\/h3>\n<p>Les donn\u00e9es personnelles sont toutes les informations qui se rapportent \u00e0 une personne physique identifi\u00e9e ou identifiable. Une personne concern\u00e9e est une personne au sujet de laquelle nous traitons des donn\u00e9es personnelles.<br \/>\nLe traitement comprend toute manipulation de donn\u00e9es personnelles, ind\u00e9pendamment des moyens et des proc\u00e9dures utilis\u00e9s, par exemple la consultation, la comparaison, l&#8217;adaptation, l&#8217;archivage, la conservation, l&#8217;extraction, la communication, la collecte, la saisie, l&#8217;effacement, la divulgation, le classement,<\/p>\n<p>Organiser, enregistrer, modifier, diffuser, mettre en relation, d\u00e9truire et utiliser des donn\u00e9es personnelles.<\/p>\n<h3>2.2 Bases juridiques<\/h3>\n<p>Nous traitons les donn\u00e9es personnelles conform\u00e9ment \u00e0 la l\u00e9gislation suisse en mati\u00e8re de protection des donn\u00e9es, notamment la loi f\u00e9d\u00e9rale sur la protection des donn\u00e9es (LPD) et l&#8217;ordonnance sur la protection des donn\u00e9es (OPD).<\/p>\n<h2>3. Nature, port\u00e9e et objectif<\/h2>\n<p>Nous traitons les donn\u00e9es personnelles qui sont n\u00e9cessaires pour pouvoir exercer nos activit\u00e9s et nos activit\u00e9s de mani\u00e8re durable, conviviale, s\u00fbre et fiable. Ces donn\u00e9es personnelles peuvent notamment appartenir aux cat\u00e9gories suivantes : donn\u00e9es de formulaires et de contact, donn\u00e9es de navigateur et d&#8217;appareil, donn\u00e9es de contenu, m\u00e9tadonn\u00e9es ou donn\u00e9es marginales et donn\u00e9es d&#8217;utilisation, donn\u00e9es de localisation, donn\u00e9es de vente ainsi que donn\u00e9es de contrat et de paiement.<br \/>\nNous traitons les donn\u00e9es personnelles pendant la dur\u00e9e n\u00e9cessaire \u00e0 l&#8217;objectif ou aux objectifs en question ou conform\u00e9ment \u00e0 la loi. Les donn\u00e9es personnelles dont le traitement n&#8217;est plus n\u00e9cessaire sont rendues anonymes ou supprim\u00e9es.<br \/>\nNous pouvons faire traiter des donn\u00e9es personnelles par des tiers. Nous pouvons traiter des donn\u00e9es personnelles en collaboration avec des tiers ou les transmettre \u00e0 des tiers. Ces tiers sont en particulier des prestataires sp\u00e9cialis\u00e9s dont nous utilisons les services. Nous garantissons \u00e9galement la protection des donn\u00e9es aupr\u00e8s de ces tiers.<br \/>\nEn principe, nous ne traitons les donn\u00e9es personnelles qu&#8217;avec le consentement des personnes concern\u00e9es. Si et dans la mesure o\u00f9 le traitement est autoris\u00e9 pour d&#8217;autres raisons juridiques, nous pouvons renoncer \u00e0 demander un consentement. Nous pouvons par exemple traiter des donn\u00e9es personnelles sans consentement afin d&#8217;ex\u00e9cuter un contrat, de respecter des obligations l\u00e9gales ou de pr\u00e9server des int\u00e9r\u00eats pr\u00e9pond\u00e9rants.<br \/>\nNous traitons en outre les donn\u00e9es personnelles que nous recevons de tiers, que nous nous procurons aupr\u00e8s de sources accessibles au public ou que nous collectons dans le cadre de nos activit\u00e9s et de nos op\u00e9rations, dans la mesure o\u00f9 un tel traitement est autoris\u00e9 pour des raisons juridiques.<\/p>\n<h2>4. Communication<\/h2>\n<p>Nous traitons des donn\u00e9es personnelles afin de pouvoir communiquer avec des tiers. Dans ce cadre, nous traitons en particulier les donn\u00e9es qu&#8217;une personne concern\u00e9e nous transmet lors de la prise de contact, par exemple par courrier postal ou \u00e9lectronique. Nous pouvons enregistrer ces donn\u00e9es dans un carnet d&#8217;adresses ou \u00e0 l&#8217;aide d&#8217;outils comparables.<br \/>\nLes tiers qui transmettent des donn\u00e9es sur d&#8217;autres personnes sont tenus de garantir la protection des donn\u00e9es \u00e0 l&#8217;\u00e9gard de ces personnes. Pour ce faire, ils doivent notamment garantir l&#8217;exactitude des donn\u00e9es personnelles transmises.<\/p>\n<h2>5. S\u00e9curit\u00e9 des donn\u00e9es<\/h2>\n<p>Nous prenons des mesures techniques et organisationnelles appropri\u00e9es afin de garantir une s\u00e9curit\u00e9 des donn\u00e9es adapt\u00e9e au risque respectif. Nos mesures garantissent notamment la confidentialit\u00e9, la disponibilit\u00e9, la tra\u00e7abilit\u00e9 et l&#8217;int\u00e9grit\u00e9 des donn\u00e9es personnelles trait\u00e9es, sans toutefois pouvoir garantir une s\u00e9curit\u00e9 absolue des donn\u00e9es.<br \/>\nL&#8217;acc\u00e8s \u00e0 notre site web et \u00e0 notre pr\u00e9sence en ligne s&#8217;effectue au moyen du cryptage de transport (SSL \/ TLS, en particulier avec le Hypertext Transfer Protocol Secure, en abr\u00e9g\u00e9 HTTPS). La plupart des navigateurs indiquent le cryptage de transport par un petit cadenas dans la barre d&#8217;adresse.<br \/>\nNos communications num\u00e9riques sont soumises &#8211; comme toute communication num\u00e9rique en principe &#8211; \u00e0 la surveillance de masse sans motif ni soup\u00e7on par les autorit\u00e9s de s\u00e9curit\u00e9 en Suisse, dans le reste de l&#8217;Europe, aux Etats-Unis d&#8217;Am\u00e9rique (USA) et dans d&#8217;autres pays. Nous ne pouvons pas exercer d&#8217;influence directe sur le traitement correspondant des donn\u00e9es personnelles par les services secrets, les services de police et autres autorit\u00e9s de s\u00e9curit\u00e9. Nous ne pouvons pas non plus exclure que certaines personnes concern\u00e9es soient surveill\u00e9es de mani\u00e8re cibl\u00e9e.<\/p>\n<h3>6. Donn\u00e9es personnelles \u00e0 l&#8217;\u00e9tranger<\/h3>\n<p>Nous traitons en principe les donn\u00e9es personnelles en Suisse. Nous pouvons toutefois communiquer ou exporter des donn\u00e9es personnelles vers d&#8217;autres pays, notamment pour les y traiter ou les y faire traiter.<\/p>\n<p>Nous pouvons communiquer des donn\u00e9es personnelles \u00e0 tous les Etats et territoires de la plan\u00e8te ainsi qu&#8217;\u00e0 d&#8217;autres pays de l&#8217;univers (en allemand), pour autant que le droit local garantisse une protection des donn\u00e9es appropri\u00e9e, conform\u00e9ment \u00e0 la d\u00e9cision du Conseil f\u00e9d\u00e9ral suisse (en allemand).<br \/>\nNous pouvons communiquer des donn\u00e9es personnelles \u00e0 des Etats dont la l\u00e9gislation ne garantit pas une protection ad\u00e9quate des donn\u00e9es, \u00e0 condition qu&#8217;une protection des donn\u00e9es appropri\u00e9e soit assur\u00e9e pour d&#8217;autres raisons. Une protection des donn\u00e9es appropri\u00e9e peut par exemple \u00eatre assur\u00e9e par des accords contractuels correspondants, sur la base de clauses standard de protection des donn\u00e9es ou avec d&#8217;autres garanties appropri\u00e9es. Exceptionnellement, nous pouvons exporter des donn\u00e9es personnelles vers des pays ne disposant pas d&#8217;une protection des donn\u00e9es ad\u00e9quate ou appropri\u00e9e, si les conditions l\u00e9gales particuli\u00e8res de protection des donn\u00e9es sont remplies, par exemple le consentement explicite des personnes concern\u00e9es ou un lien direct avec la conclusion ou l&#8217;ex\u00e9cution d&#8217;un contrat. Sur demande, nous fournissons volontiers aux personnes concern\u00e9es des informations sur les garanties \u00e9ventuelles ou une copie des garanties.<\/p>\n<h2>7. Droits des personnes concern\u00e9es<\/h2>\n<h3>7.1 Droits en mati\u00e8re de protection des donn\u00e9es<\/h3>\n<p>Nous accordons aux personnes concern\u00e9es tous les droits pr\u00e9vus par la l\u00e9gislation applicable en mati\u00e8re de protection des donn\u00e9es. Les personnes concern\u00e9es disposent notamment des droits suivants :<br \/>\n\u2022 Renseignements : les personnes concern\u00e9es peuvent demander \u00e0 savoir si nous traitons des donn\u00e9es personnelles les concernant et, dans l&#8217;affirmative, de quelles donn\u00e9es personnelles il s&#8217;agit. Les personnes concern\u00e9es re\u00e7oivent en outre les informations n\u00e9cessaires pour faire valoir leurs droits en mati\u00e8re de protection des donn\u00e9es et pour garantir la transparence. En font partie les donn\u00e9es personnelles trait\u00e9es en tant que telles, mais aussi, entre autres, des informations sur le but du traitement, la dur\u00e9e de conservation, une \u00e9ventuelle communication ou exportation de donn\u00e9es dans d&#8217;autres Etats et l&#8217;origine des donn\u00e9es personnelles.<br \/>\n\u2022 Rectification et limitation : les personnes concern\u00e9es peuvent faire rectifier des donn\u00e9es personnelles inexactes, faire compl\u00e9ter des donn\u00e9es incompl\u00e8tes et faire limiter le traitement de leurs donn\u00e9es.<br \/>\n\u2022 Effacement et opposition : les personnes concern\u00e9es peuvent faire effacer leurs donn\u00e9es personnelles (&#8220;droit \u00e0 l&#8217;oubli&#8221;) et s&#8217;opposer au traitement de leurs donn\u00e9es avec effet pour l&#8217;avenir.<\/p>\n<p>\u2022 Remise des donn\u00e9es et transfert des donn\u00e9es : les personnes concern\u00e9es peuvent exiger la remise de donn\u00e9es personnelles ou le transfert de leurs donn\u00e9es \u00e0 un autre responsable du traitement.<br \/>\nNous pouvons diff\u00e9rer, limiter ou refuser l&#8217;exercice des droits des personnes concern\u00e9es dans les limites autoris\u00e9es par la loi. Nous pouvons attirer l&#8217;attention des personnes concern\u00e9es sur les \u00e9ventuelles conditions \u00e0 remplir pour l&#8217;exercice de leurs droits en mati\u00e8re de protection des donn\u00e9es. Nous pouvons par exemple refuser de fournir tout ou partie des informations en invoquant le secret des affaires ou la protection d&#8217;autres personnes. Nous pouvons \u00e9galement refuser de supprimer tout ou partie des donn\u00e9es personnelles en invoquant des obligations l\u00e9gales de conservation.<\/p>\n<p>Nous pouvons exceptionnellement pr\u00e9voir des frais pour l&#8217;exercice des droits. Nous informons au pr\u00e9alable les personnes concern\u00e9es des frais \u00e9ventuels.<br \/>\nNous sommes tenus d&#8217;identifier, par des mesures appropri\u00e9es, les personnes concern\u00e9es qui demandent des informations ou font valoir d&#8217;autres droits. Les personnes concern\u00e9es sont tenues de coop\u00e9rer.<\/p>\n<h3>7.2 Protection juridique<\/h3>\n<p>Les personnes concern\u00e9es ont le droit de faire valoir leurs droits en mati\u00e8re de protection des donn\u00e9es par voie juridique ou de d\u00e9poser une plainte ou un recours aupr\u00e8s d&#8217;une autorit\u00e9 de surveillance comp\u00e9tente en mati\u00e8re de protection des donn\u00e9es.<br \/>\nL&#8217;autorit\u00e9 de surveillance de la protection des donn\u00e9es pour les d\u00e9nonciations de personnes concern\u00e9es contre des responsables priv\u00e9s et des organes f\u00e9d\u00e9raux en Suisse est le Pr\u00e9pos\u00e9 f\u00e9d\u00e9ral \u00e0 la protection des donn\u00e9es et \u00e0 la transparence (PFPDT).<\/p>\n<h2>8. Utilisation du site web<\/h2>\n<h3>8.1 Cookies<\/h3>\n<p>Nous pouvons utiliser des cookies. Les cookies, qu&#8217;il s&#8217;agisse de nos propres cookies (cookies de premi\u00e8re partie) ou de cookies de tiers dont nous utilisons les services (cookies de troisi\u00e8me partie), sont des donn\u00e9es qui sont stock\u00e9es dans le navigateur. Ces donn\u00e9es stock\u00e9es ne se limitent pas n\u00e9cessairement aux cookies traditionnels sous forme de texte.<\/p>\n<p>Les cookies peuvent \u00eatre stock\u00e9s temporairement dans le navigateur en tant que &#8220;cookies de session&#8221; ou pour une p\u00e9riode d\u00e9termin\u00e9e en tant que &#8220;cookies permanents&#8221;. Les &#8220;cookies de session&#8221; sont automatiquement supprim\u00e9s lorsque le navigateur est ferm\u00e9. Les cookies permanents ont une dur\u00e9e de stockage d\u00e9termin\u00e9e. Les cookies permettent notamment de reconna\u00eetre un navigateur lors de la prochaine visite de notre site web et de mesurer ainsi par exemple la port\u00e9e de notre site web. Les cookies permanents peuvent \u00e9galement \u00eatre utilis\u00e9s par exemple pour le marketing en ligne.<\/p>\n<p>Les cookies peuvent \u00eatre d\u00e9sactiv\u00e9s ou supprim\u00e9s en partie ou en totalit\u00e9 \u00e0 tout moment dans les param\u00e8tres du navigateur. Sans cookies, notre site web ne sera \u00e9ventuellement plus disponible dans son int\u00e9gralit\u00e9. Nous demandons activement &#8211; au moins si et dans la mesure o\u00f9 cela est n\u00e9cessaire &#8211; le consentement explicite \u00e0 l&#8217;utilisation de cookies.<\/p>\n<h3>8.2 Consignation des donn\u00e9es<\/h3>\n<p>Nous pouvons enregistrer au moins les informations suivantes pour chaque acc\u00e8s \u00e0 notre site web et \u00e0 nos autres sites en ligne, dans la mesure o\u00f9 elles sont transmises \u00e0 notre infrastructure num\u00e9rique lors de ces acc\u00e8s : date et heure, y compris le fuseau horaire, adresse IP, statut d&#8217;acc\u00e8s (code de statut HTTP), syst\u00e8me d&#8217;exploitation, y compris l&#8217;interface utilisateur et la version, navigateur, y compris la langue et la version, sous-page de notre site web consult\u00e9e, y compris la quantit\u00e9 de donn\u00e9es transmises, derni\u00e8re page web consult\u00e9e dans la m\u00eame fen\u00eatre du navigateur (r\u00e9f\u00e9rent ou referrer).<\/p>\n<p>Nous enregistrons ces donn\u00e9es, qui peuvent \u00e9galement \u00eatre des donn\u00e9es personnelles, dans des fichiers journaux. Ces donn\u00e9es sont n\u00e9cessaires pour pouvoir mettre \u00e0 disposition notre pr\u00e9sence en ligne de mani\u00e8re durable, conviviale et fiable. Ces informations sont \u00e9galement n\u00e9cessaires pour garantir la s\u00e9curit\u00e9 des donn\u00e9es &#8211; \u00e9galement par des tiers ou avec l&#8217;aide de tiers.<\/p>\n<h3>8.3 Pixel de comptage<\/h3>\n<p>Nous pouvons int\u00e9grer des pixels de suivi dans notre pr\u00e9sence en ligne. Les pixels sont \u00e9galement appel\u00e9s balises web. Les pixels &#8211; \u00e9galement ceux de tiers dont nous utilisons les services &#8211; sont g\u00e9n\u00e9ralement de petites images non visibles ou des scripts formul\u00e9s en JavaScript, qui sont automatiquement appel\u00e9s lors de l&#8217;acc\u00e8s \u00e0 notre pr\u00e9sence en ligne. Les pixels de comptage permettent de collecter au moins les m\u00eames informations que les fichiers journaux.<\/p>\n<h2>9. Inscription<\/h2>\n<p>La demande d&#8217;adh\u00e9sion donne lieu \u00e0 la cr\u00e9ation d&#8217;un compte. Les donn\u00e9es suivantes sont alors collect\u00e9es et enregistr\u00e9es :<br \/>\n&#8211; Nom, pr\u00e9nom<br \/>\n&#8211; Pr\u00e9f\u00e9rence linguistique<br \/>\n&#8211; Fonction<br \/>\n&#8211; Adresse<br \/>\n&#8211; Courrier \u00e9lectronique<br \/>\n&#8211; T\u00e9l\u00e9phone<br \/>\nDans la mesure o\u00f9 une publication est souhait\u00e9e dans la banque de donn\u00e9es pour les sp\u00e9cialistes de l&#8217;\u00e9valuation, d&#8217;autres donn\u00e9es sont saisies et enregistr\u00e9es :<br \/>\n&#8211; Informations sur la formation et les \u00e9tudes suivies<br \/>\n&#8211; Informations sur l&#8217;offre avec points forts et exp\u00e9rience<br \/>\n&#8211; Indiquer les langues<br \/>\n&#8211; Autres informations sur l&#8217;exp\u00e9rience professionnelle et les r\u00e9f\u00e9rences<\/p>\n<h2>10. Notifications et messages<\/h2>\n<p>Nous envoyons des notifications et des messages par courrier \u00e9lectronique et par d&#8217;autres canaux de communication tels que la messagerie instantan\u00e9e ou les SMS.<\/p>\n<h3>10.1 Mesure de la r\u00e9ussite et de la port\u00e9e<\/h3>\n<p>Les notifications et les messages peuvent contenir des liens web ou des pixels qui enregistrent si un message individuel a \u00e9t\u00e9 ouvert et quels liens web ont \u00e9t\u00e9 cliqu\u00e9s. De tels liens Internet et pixels peuvent \u00e9galement enregistrer l&#8217;utilisation des notifications et des messages en fonction de la personne. Nous avons besoin de cette saisie statistique de l&#8217;utilisation pour mesurer le succ\u00e8s et la port\u00e9e, afin de pouvoir envoyer des notifications et des messages de mani\u00e8re efficace et conviviale, durable, s\u00fbre et fiable, en fonction des besoins et des habitudes de lecture des destinataires.<\/p>\n<h3>10.2 Consentement et opposition<\/h3>\n<p>Vous devez en principe consentir \u00e0 l&#8217;utilisation de votre adresse \u00e9lectronique et de vos autres adresses de contact, \u00e0 moins que cette utilisation ne soit autoris\u00e9e pour d&#8217;autres raisons juridiques. Pour l&#8217;obtention \u00e9ventuelle d&#8217;un double consentement confirm\u00e9, nous pouvons utiliser la proc\u00e9dure de &#8220;double opt-in&#8221;. Dans ce cas, vous recevrez un message contenant des instructions pour la double confirmation. Nous pouvons enregistrer les consentements recueillis, y compris l&#8217;adresse IP et l&#8217;horodatage, pour des raisons de preuve et de s\u00e9curit\u00e9.<\/p>\n<p>Vous pouvez \u00e0 tout moment vous opposer \u00e0 la r\u00e9ception de notifications et de communications telles que des newsletters. En vous y opposant, vous pouvez \u00e9galement vous opposer \u00e0 l&#8217;enregistrement statistique de l&#8217;utilisation \u00e0 des fins de mesure du succ\u00e8s et de la port\u00e9e. Demeurent r\u00e9serv\u00e9es les notifications et communications n\u00e9cessaires en rapport avec nos activit\u00e9s.<\/p>\n<h3>10.3 Prestataire de services pour les notifications et les messages<\/h3>\n<p>Nous envoyons des notifications et des messages par le biais de services sp\u00e9cialis\u00e9s.<br \/>\nNous utilisons notamment<\/p>\n<ul>\n<li>MailPoet : Logiciel de marketing par courriel (&#8220;Better E-Mail for WordPress-Powered Websites&#8221;) ; fournisseurs : WooCommerce Ireland Ltd (Irlande) pour les utilisateurs en Australie.(Etats-Unis) et WooCommerce Inc. (Etats-Unis) \/ WooCommerce Inc. (Etats-Unis) pour les utilisateurs dans d&#8217;autres Etats et territoires de la plan\u00e8te ainsi que dans d&#8217;autres pays de l&#8217;univers, en partie en collaboration avec Automattic Inc.<\/li>\n<\/ul>\n<h2>11. R\u00e9seaux sociaux et autres services de tiers<\/h2>\n<p>La SEVAL dispose de diff\u00e9rents comptes et profils sur les r\u00e9seaux sociaux (Twitter\/X, LinkedIn) ainsi que de sa propre cha\u00eene YouTube. Ces sites et services sont propos\u00e9s et g\u00e9r\u00e9s par des tiers. Chacun d\u2019entre eux est dot\u00e9 de sa propre politique de confidentialit\u00e9.<br \/>\nLa SEVAL n\u2019a aucune influence sur la collecte et l\u2019utilisation de ces donn\u00e9es. Elle ne sait pas quelle est l\u2019envergure des donn\u00e9es enregistr\u00e9es, o\u00f9 elles sont enregistr\u00e9es, pendant combien de temps elles le sont, si les \u00e9ventuelles r\u00e8gles d\u2019effacement sont respect\u00e9es, quelles \u00e9valuations et associations sont effectu\u00e9es avec ces donn\u00e9es ni \u00e0 qui elles sont transmises.<br \/>\nPrincipaux services de tiers utilis\u00e9s sur les sites de l\u2019administration f\u00e9d\u00e9rale :<br \/>\nYouTube : d\u00e8s que vous consultez une page comportant une vid\u00e9o YouTube, une connexion est \u00e9tablie avec les serveurs de YouTube (YouTube LLC, 901 Cherry Ave., San Bruno, CA 94066, USA ; filiale de Google LLC). Des modules externes (plugins) peuvent \u00eatre utilis\u00e9s occasionnellement. YouTube est inform\u00e9 de votre adresse IP et des pages consult\u00e9es.<br \/>\nGoogle Maps : le service de cartographie Google Maps de Google LLC (1600 Amphitheatre Parkway, Mountain View, CA 94043, USA) est parfois utilis\u00e9 pour afficher une carte interactive et cr\u00e9er des itin\u00e9raires. Lors de l\u2019utilisation de Google Maps, des informations sur votre utilisation (comme l\u2019adresse IP) peuvent \u00eatre enregistr\u00e9es et transmises \u00e0 un serveur de Google aux \u00c9tats-Unis.<br \/>\nMoteur de recherche personnalis\u00e9 Google : certaines unit\u00e9s de l\u2019administration f\u00e9d\u00e9rale utilisent le champ de recherche personnalis\u00e9e de Google LLC. Lors de l\u2019utilisation du champ de recherche (envoi du formulaire), les donn\u00e9es de l\u2019utilisateur sont transmises \u00e0 Google. Vous trouverez des informations sur le traitement des donn\u00e9es dans le document suivant : R\u00e8gles de confidentialit\u00e9 de Google.<br \/>\nX: X Corp. (successeur l\u00e9gal de Twitter Inc.), 1355 Market Street, Suite 900 San Francisco, CA 94103. Vous trouverez des informations sur le traitement des donn\u00e9es dans les documents suivants : Politique de confidentialit\u00e9 et Utilisation des cookies.<\/p>\n<p>Google reCaptcha : sous le nom de reCaptcha, Google LLC exploite des services qui permettent de reconna\u00eetre et d\u2019emp\u00eacher les actions automatis\u00e9es sur les sites web. R\u00e8gles de confidentialit\u00e9 et conditions d\u2019utilisation de Google.<br \/>\nNous utilisons les services de tiers sp\u00e9cialis\u00e9s afin de pouvoir exercer nos activit\u00e9s et nos activit\u00e9s de mani\u00e8re durable, conviviale, s\u00fbre et fiable. Ces services nous permettent entre autres d&#8217;int\u00e9grer des fonctions et des contenus dans notre site web. Lors d&#8217;une telle int\u00e9gration, les services utilis\u00e9s saisissent au moins temporairement les adresses IP des utilisateurs pour des raisons techniques imp\u00e9ratives.<br \/>\nPour des raisons techniques, statistiques et de s\u00e9curit\u00e9, les tiers dont nous utilisons les services peuvent traiter les donn\u00e9es relatives \u00e0 nos activit\u00e9s de mani\u00e8re agr\u00e9g\u00e9e, anonyme ou pseudonymis\u00e9e. Il s&#8217;agit par exemple de donn\u00e9es relatives aux prestations ou \u00e0 l&#8217;utilisation, afin de pouvoir proposer le service concern\u00e9.<\/p>\n<p>Infrastructure num\u00e9rique<br \/>\nNous utilisons les services de tiers sp\u00e9cialis\u00e9s afin de pouvoir recourir \u00e0 l&#8217;infrastructure num\u00e9rique n\u00e9cessaire dans le cadre de nos activit\u00e9s et de nos op\u00e9rations. Il s&#8217;agit par exemple de services d&#8217;h\u00e9bergement et de stockage fournis par des fournisseurs s\u00e9lectionn\u00e9s.<br \/>\nNous utilisons notamment<\/p>\n<ul>\n<li>Cyon : H\u00e9bergement ; Fournisseur : cyon GmbH (Suisse) ; Informations sur la protection des donn\u00e9es : &#8220;Protection des donn\u00e9es&#8221;, d\u00e9claration de protection des donn\u00e9es.<\/li>\n<\/ul>\n<h2>12. Dispositions finales<\/h2>\n<p>Nous avons r\u00e9dig\u00e9 cette d\u00e9claration de protection des donn\u00e9es \u00e0 l&#8217;aide du g\u00e9n\u00e9rateur de protection des donn\u00e9es (en allemand) de Datenschutzpartner (en allemand).<br \/>\nNous pouvons \u00e0 tout moment adapter et compl\u00e9ter la pr\u00e9sente d\u00e9claration de protection des donn\u00e9es. Nous informerons de ces adaptations et compl\u00e9ments sous une forme appropri\u00e9e, notamment en publiant la d\u00e9claration de protection des donn\u00e9es en vigueur sur notre site Internet.<\/p>\n","protected":false},"excerpt":{"rendered":"<p>Par la pr\u00e9sente d\u00e9claration de protection des donn\u00e9es, nous informons sur les donn\u00e9es personnelles que nous traitons dans le cadre de nos activit\u00e9s, y compris sur notre site Internet seval.ch. Nous vous informons en particulier de la finalit\u00e9, de la mani\u00e8re et du lieu de traitement des donn\u00e9es personnelles. Nous vous informons \u00e9galement sur les &hellip;<\/p>\n","protected":false},"author":1,"featured_media":0,"parent":0,"menu_order":0,"comment_status":"closed","ping_status":"closed","template":"","meta":{"_searchwp_excluded":"","advanced-sidebar-menu\/link-title":"","advanced-sidebar-menu\/exclude-page":false},"acf":[],"_links":{"self":[{"href":"https:\/\/www.seval.ch\/fr\/wp-json\/wp\/v2\/pages\/703"}],"collection":[{"href":"https:\/\/www.seval.ch\/fr\/wp-json\/wp\/v2\/pages"}],"about":[{"href":"https:\/\/www.seval.ch\/fr\/wp-json\/wp\/v2\/types\/page"}],"author":[{"embeddable":true,"href":"https:\/\/www.seval.ch\/fr\/wp-json\/wp\/v2\/users\/1"}],"replies":[{"embeddable":true,"href":"https:\/\/www.seval.ch\/fr\/wp-json\/wp\/v2\/comments?post=703"}],"version-history":[{"count":3,"href":"https:\/\/www.seval.ch\/fr\/wp-json\/wp\/v2\/pages\/703\/revisions"}],"predecessor-version":[{"id":16858,"href":"https:\/\/www.seval.ch\/fr\/wp-json\/wp\/v2\/pages\/703\/revisions\/16858"}],"wp:attachment":[{"href":"https:\/\/www.seval.ch\/fr\/wp-json\/wp\/v2\/media?parent=703"}],"curies":[{"name":"wp","href":"https:\/\/api.w.org\/{rel}","templated":true}]}}