{"id":672,"date":"2017-07-18T22:46:29","date_gmt":"2017-07-18T20:46:29","guid":{"rendered":"https:\/\/www.seval.ch\/?page_id=672\/"},"modified":"2017-07-18T23:09:06","modified_gmt":"2017-07-18T21:09:06","slug":"applications","status":"publish","type":"page","link":"https:\/\/www.seval.ch\/fr\/standards-competences\/standards\/applications\/","title":{"rendered":"Applications"},"content":{"rendered":"<p>Nous avons actuellement connaissance des r\u00e9f\u00e9rences suivantes sur les Standards SEVAL. Elles sont divis\u00e9es en trois cat\u00e9gories : applications concr\u00e8tes des Standards SEVAL, discussions des Standards SEVAL et autres r\u00e9f\u00e9rences qui renvoient aux Standards SEVAL :<\/p>\n<p><strong>Applications des Standards SEVAL<\/strong><br \/>\n<a href=\"https:\/\/www.seval.ch\/app\/uploads\/2017\/06\/anwendungen4.pdf\">Liste avec adresses internet (PDF)<\/a><br \/>\n<a href=\"https:\/\/www.seval.ch\/fr\/standards-competences\/applications\/applications-des-standards-seval\/\">Liste avec les documents PDF<\/a><\/p>\n<p><strong>Discussions des Standards SEVAL<\/strong><br \/>\n<a href=\"https:\/\/www.seval.ch\/app\/uploads\/2017\/06\/Diskussion3.pdf\">Liste avec adresses internet (PDF)<\/a><br \/>\n<a href=\"https:\/\/www.seval.ch\/fr\/standards-competences\/applications\/discussions-des-standards-seval\/\">Liste avec les documents PDF<\/a><\/p>\n<p><strong>Autres r\u00e9f\u00e9rences relatives aux Standards SEVAL<\/strong><br \/>\n<a href=\"https:\/\/www.seval.ch\/app\/uploads\/2017\/06\/weitere_referenzen3.pdf\">Liste avec adresses internet (PDF)<\/a><br \/>\n<a href=\"https:\/\/www.seval.ch\/fr\/standards-competences\/applications\/autres-references-relatives-aux-standards-seval\/\">Liste avec les documents PDF<\/a><\/p>\n<p>Si vous avez connaissance d\u2019autres applications des Standards SEVAL ou si vous avez eu recours aux Standards SEVAL dans le cadre de vos propres activit\u00e9s, nous sommes tr\u00e8s int\u00e9ress\u00e9s \u00e0 en obtenir les r\u00e9f\u00e9rences et, si vous le souhaitez, incluons volontiers celles-ci dans notre aper\u00e7u.<\/p>\n<p>Veuillez s\u2019il vous pla\u00eet envoyer vos r\u00e9f\u00e9rences par email \u00e0: <a href=\"&#109;&#x61;i&#108;&#x74;o&#58;&#x73;t&#97;&#x6e;d&#97;&#x72;d&#115;&#x40;s&#101;&#x76;a&#108;&#x2e;c&#104;\">s&#116;&#97;&#x6e;&#x64;&#x61;&#x72;d&#115;&#64;&#115;&#x65;&#x76;&#x61;l&#46;&#99;&#104;<\/a><\/p>\n","protected":false},"excerpt":{"rendered":"<p>Nous avons actuellement connaissance des r\u00e9f\u00e9rences suivantes sur les Standards SEVAL. Elles sont divis\u00e9es en trois cat\u00e9gories : applications concr\u00e8tes des Standards SEVAL, discussions des Standards SEVAL et autres r\u00e9f\u00e9rences qui renvoient aux Standards SEVAL : Applications des Standards SEVAL Liste avec adresses internet (PDF) Liste avec les documents PDF Discussions des Standards SEVAL Liste &hellip;<\/p>\n","protected":false},"author":1,"featured_media":0,"parent":5000,"menu_order":0,"comment_status":"closed","ping_status":"closed","template":"","meta":{"_searchwp_excluded":"","advanced-sidebar-menu\/link-title":"","advanced-sidebar-menu\/exclude-page":false},"acf":[],"_links":{"self":[{"href":"https:\/\/www.seval.ch\/fr\/wp-json\/wp\/v2\/pages\/672"}],"collection":[{"href":"https:\/\/www.seval.ch\/fr\/wp-json\/wp\/v2\/pages"}],"about":[{"href":"https:\/\/www.seval.ch\/fr\/wp-json\/wp\/v2\/types\/page"}],"author":[{"embeddable":true,"href":"https:\/\/www.seval.ch\/fr\/wp-json\/wp\/v2\/users\/1"}],"replies":[{"embeddable":true,"href":"https:\/\/www.seval.ch\/fr\/wp-json\/wp\/v2\/comments?post=672"}],"version-history":[{"count":3,"href":"https:\/\/www.seval.ch\/fr\/wp-json\/wp\/v2\/pages\/672\/revisions"}],"predecessor-version":[{"id":693,"href":"https:\/\/www.seval.ch\/fr\/wp-json\/wp\/v2\/pages\/672\/revisions\/693"}],"up":[{"embeddable":true,"href":"https:\/\/www.seval.ch\/fr\/wp-json\/wp\/v2\/pages\/5000"}],"wp:attachment":[{"href":"https:\/\/www.seval.ch\/fr\/wp-json\/wp\/v2\/media?parent=672"}],"curies":[{"name":"wp","href":"https:\/\/api.w.org\/{rel}","templated":true}]}}