{"id":663,"date":"2017-07-18T22:36:40","date_gmt":"2017-07-18T20:36:40","guid":{"rendered":"https:\/\/www.seval.ch\/?page_id=663\/"},"modified":"2018-02-13T13:42:42","modified_gmt":"2018-02-13T12:42:42","slug":"standards-competences","status":"publish","type":"page","link":"https:\/\/www.seval.ch\/fr\/standards-competences\/","title":{"rendered":"Standards &#038; Comp\u00e9tences"},"content":{"rendered":"<p>Avec les standards d&#8217;\u00e9valuation de la SEVAL et les comp\u00e9tences requises\u00a0en \u00e9valuation, la SEVAL\u00a0poursuit son objectif de contribuer \u00e0 la professionnalisation de l&#8217;\u00e9valuation en Suisse et d&#8217;encourager des \u00e9valuations de qualit\u00e9.<\/p>\n","protected":false},"excerpt":{"rendered":"<p>Avec les standards d&#8217;\u00e9valuation de la SEVAL et les comp\u00e9tences requises\u00a0en \u00e9valuation, la SEVAL\u00a0poursuit son objectif de contribuer \u00e0 la professionnalisation de l&#8217;\u00e9valuation en Suisse et d&#8217;encourager des \u00e9valuations de qualit\u00e9.<\/p>\n","protected":false},"author":1,"featured_media":0,"parent":0,"menu_order":0,"comment_status":"closed","ping_status":"closed","template":"","meta":{"_searchwp_excluded":"","advanced-sidebar-menu\/link-title":"","advanced-sidebar-menu\/exclude-page":false},"acf":[],"_links":{"self":[{"href":"https:\/\/www.seval.ch\/fr\/wp-json\/wp\/v2\/pages\/663"}],"collection":[{"href":"https:\/\/www.seval.ch\/fr\/wp-json\/wp\/v2\/pages"}],"about":[{"href":"https:\/\/www.seval.ch\/fr\/wp-json\/wp\/v2\/types\/page"}],"author":[{"embeddable":true,"href":"https:\/\/www.seval.ch\/fr\/wp-json\/wp\/v2\/users\/1"}],"replies":[{"embeddable":true,"href":"https:\/\/www.seval.ch\/fr\/wp-json\/wp\/v2\/comments?post=663"}],"version-history":[{"count":6,"href":"https:\/\/www.seval.ch\/fr\/wp-json\/wp\/v2\/pages\/663\/revisions"}],"predecessor-version":[{"id":3180,"href":"https:\/\/www.seval.ch\/fr\/wp-json\/wp\/v2\/pages\/663\/revisions\/3180"}],"wp:attachment":[{"href":"https:\/\/www.seval.ch\/fr\/wp-json\/wp\/v2\/media?parent=663"}],"curies":[{"name":"wp","href":"https:\/\/api.w.org\/{rel}","templated":true}]}}