{"id":655,"date":"2017-07-18T22:30:53","date_gmt":"2017-07-18T20:30:53","guid":{"rendered":"https:\/\/www.seval.ch\/?page_id=655\/"},"modified":"2022-07-11T08:31:02","modified_gmt":"2022-07-11T06:31:02","slug":"liens-international","status":"publish","type":"page","link":"https:\/\/www.seval.ch\/fr\/a-propos-de-la-seval\/liens\/liens-international\/","title":{"rendered":"Liens International"},"content":{"rendered":"<p><strong>Soci\u00e9t\u00e9s d&#8217;\u00e9valuation dans le monde<\/strong><\/p>\n<p><a href=\"http:\/\/www.europeanevaluation.org\">European Evaluation Society<\/a><\/p>\n<p><a href=\"http:\/\/www.svuf.nu\">The Swedish Evaluation Society<\/a><\/p>\n<p><a href=\"http:\/\/www.evaluation.org.uk\/\">UK Evaluation Society<\/a><\/p>\n<p><a href=\"http:\/\/www.eval.org\/\">American Evaluation Association<\/a><\/p>\n<p><a href=\"http:\/\/www.degeval.de\">Deutsche Gesellschaft f\u00fcr Evaluation<\/a><\/p>\n<p><a href=\"http:\/\/www.sfe-asso.fr\/\" target=\"_blank\" rel=\"noopener\">Soci\u00e9t\u00e9 Fran\u00e7aise de l&#8217;\u00c9valuation<\/a><\/p>\n<p><a href=\"https:\/\/www.rfevaluation.org\/\" target=\"_blank\" rel=\"noopener\">Le R\u00e9seau Francophone de l\u2019Evaluation (RFE)<\/a><\/p>\n<p><a href=\"http:\/\/www.valutazioneitaliana.it\/\">L&#8217;Associazione Italiana di Valutazione<\/a><\/p>\n<p><a href=\"http:\/\/www.sociedadevaluacion.org\">Spanish Public Policy Evaluation Society\u00a0(Sociedad Espa\u00f1ola de Evaluaci\u00f3n, SEE)<\/a><\/p>\n<p><a href=\"http:\/\/www.evaluationcanada.ca\">Canadian Evaluation Society<\/a><\/p>\n<p><a href=\"http:\/\/www.aes.asn.au\/\">Australasian Evaluation Society<\/a><\/p>\n<p><a href=\"http:\/\/www.uneval.org\/\">United Nations Evaluation Group<\/a><\/p>\n<p><a href=\"http:\/\/www.hellenicevaluation.org\/\">Hellenic Evaluation Society<\/a><\/p>\n<p>&nbsp;<\/p>\n<p><strong>Groupes de discussion et de recherche<\/strong><\/p>\n<p><a href=\"http:\/\/www.univation.org\/forum-evaluation\" target=\"_blank\" rel=\"noopener\">Deutschsprachige Diskussionsliste Forum Evaluation<\/a><\/p>\n<p><a href=\"https:\/\/listserv.ua.edu\/archives\/evaltalk.html\">General discussion group for evaluators<\/a><\/p>\n","protected":false},"excerpt":{"rendered":"<p>Soci\u00e9t\u00e9s d&#8217;\u00e9valuation dans le monde European Evaluation Society The Swedish Evaluation Society UK Evaluation Society American Evaluation Association Deutsche Gesellschaft f\u00fcr Evaluation Soci\u00e9t\u00e9 Fran\u00e7aise de l&#8217;\u00c9valuation Le R\u00e9seau Francophone de l\u2019Evaluation (RFE) L&#8217;Associazione Italiana di Valutazione Spanish Public Policy Evaluation Society\u00a0(Sociedad Espa\u00f1ola de Evaluaci\u00f3n, SEE) Canadian Evaluation Society Australasian Evaluation Society United Nations Evaluation Group &hellip;<\/p>\n","protected":false},"author":1,"featured_media":0,"parent":647,"menu_order":0,"comment_status":"closed","ping_status":"closed","template":"","meta":{"_searchwp_excluded":"","advanced-sidebar-menu\/link-title":"","advanced-sidebar-menu\/exclude-page":false},"acf":[],"_links":{"self":[{"href":"https:\/\/www.seval.ch\/fr\/wp-json\/wp\/v2\/pages\/655"}],"collection":[{"href":"https:\/\/www.seval.ch\/fr\/wp-json\/wp\/v2\/pages"}],"about":[{"href":"https:\/\/www.seval.ch\/fr\/wp-json\/wp\/v2\/types\/page"}],"author":[{"embeddable":true,"href":"https:\/\/www.seval.ch\/fr\/wp-json\/wp\/v2\/users\/1"}],"replies":[{"embeddable":true,"href":"https:\/\/www.seval.ch\/fr\/wp-json\/wp\/v2\/comments?post=655"}],"version-history":[{"count":4,"href":"https:\/\/www.seval.ch\/fr\/wp-json\/wp\/v2\/pages\/655\/revisions"}],"predecessor-version":[{"id":13273,"href":"https:\/\/www.seval.ch\/fr\/wp-json\/wp\/v2\/pages\/655\/revisions\/13273"}],"up":[{"embeddable":true,"href":"https:\/\/www.seval.ch\/fr\/wp-json\/wp\/v2\/pages\/647"}],"wp:attachment":[{"href":"https:\/\/www.seval.ch\/fr\/wp-json\/wp\/v2\/media?parent=655"}],"curies":[{"name":"wp","href":"https:\/\/api.w.org\/{rel}","templated":true}]}}