{"id":653,"date":"2017-07-18T22:29:03","date_gmt":"2017-07-18T20:29:03","guid":{"rendered":"https:\/\/www.seval.ch\/?page_id=653\/"},"modified":"2022-01-20T14:12:02","modified_gmt":"2022-01-20T13:12:02","slug":"liens-suisse","status":"publish","type":"page","link":"https:\/\/www.seval.ch\/fr\/a-propos-de-la-seval\/liens\/liens-suisse\/","title":{"rendered":"Liens en Suisse"},"content":{"rendered":"<p><strong>Site web d&#8217;autorit\u00e9s en Suisse<\/strong><\/p>\n<p><a href=\"http:\/\/www.cdc-ge.ch\/fr\/index.html\" target=\"_blank\" rel=\"noopener\">Commission externe d\u2019\u00e9valuation des politiques publiques<\/a><\/p>\n<p><a href=\"http:\/\/www.bj.admin.ch\/bj\/fr\/home.html\">Office f\u00e9d\u00e9ral de la justice<\/a><\/p>\n<p><a href=\"https:\/\/www.bag.admin.ch\/bag\/de\/home\/service\/ressortforschung-evaluation\/evaluation-im-bag.html\" target=\"_blank\" rel=\"noopener\">Service Evaluation et recherche de l\u2019Office f\u00e9d\u00e9ral de la sant\u00e9 publique<\/a><\/p>\n<p><a href=\"http:\/\/www.cdf.admin.ch\">Contr\u00f4le f\u00e9d\u00e9ral des finances (CDF)<\/a><\/p>\n<p><a href=\"http:\/\/www.parlament.ch\/f\/organe-mitglieder\/kommissionen\/parlamentarische-verwaltungskontrolle\/pages\/default.aspx\">Contr\u00f4le parlementaire de l\u2019administration (CPA) <\/a><\/p>\n<p>Formation continue et information g\u00e9n\u00e9rale<\/p>\n<p><a href=\"http:\/\/www.swissuni.ch\">Formation continue des Universit\u00e9s suisses<\/a><\/p>\n<p><a href=\"http:\/\/www.idheap.ch\/idheap.nsf\/vwbasedocuments\/u6act01?OpenDocument&amp;lng=fr\">Institut de hautes \u00e9tudes en administration publique (IDHEAP), Politiques locales &amp; \u00e9valuation<\/a><\/p>\n<p><a href=\"http:\/\/www.evaluationsstudium.ch\">Universit\u00e9 de Berne, Zentrum fuer universitaere Weiterbildung Diploma of Advanced Studies in Evaluation, Master of Advanced Studies in Evaluation<\/a><\/p>\n<p><a href=\"http:\/\/www.edu.myscience.ch\">Le Portail Suisse pour la Recherche et l\u2019Innovation<\/a><\/p>\n","protected":false},"excerpt":{"rendered":"<p>Site web d&#8217;autorit\u00e9s en Suisse Commission externe d\u2019\u00e9valuation des politiques publiques Office f\u00e9d\u00e9ral de la justice Service Evaluation et recherche de l\u2019Office f\u00e9d\u00e9ral de la sant\u00e9 publique Contr\u00f4le f\u00e9d\u00e9ral des finances (CDF) Contr\u00f4le parlementaire de l\u2019administration (CPA) Formation continue et information g\u00e9n\u00e9rale Formation continue des Universit\u00e9s suisses Institut de hautes \u00e9tudes en administration publique (IDHEAP), &hellip;<\/p>\n","protected":false},"author":1,"featured_media":0,"parent":647,"menu_order":0,"comment_status":"closed","ping_status":"closed","template":"","meta":{"_searchwp_excluded":"","advanced-sidebar-menu\/link-title":"","advanced-sidebar-menu\/exclude-page":false},"acf":[],"_links":{"self":[{"href":"https:\/\/www.seval.ch\/fr\/wp-json\/wp\/v2\/pages\/653"}],"collection":[{"href":"https:\/\/www.seval.ch\/fr\/wp-json\/wp\/v2\/pages"}],"about":[{"href":"https:\/\/www.seval.ch\/fr\/wp-json\/wp\/v2\/types\/page"}],"author":[{"embeddable":true,"href":"https:\/\/www.seval.ch\/fr\/wp-json\/wp\/v2\/users\/1"}],"replies":[{"embeddable":true,"href":"https:\/\/www.seval.ch\/fr\/wp-json\/wp\/v2\/comments?post=653"}],"version-history":[{"count":7,"href":"https:\/\/www.seval.ch\/fr\/wp-json\/wp\/v2\/pages\/653\/revisions"}],"predecessor-version":[{"id":12045,"href":"https:\/\/www.seval.ch\/fr\/wp-json\/wp\/v2\/pages\/653\/revisions\/12045"}],"up":[{"embeddable":true,"href":"https:\/\/www.seval.ch\/fr\/wp-json\/wp\/v2\/pages\/647"}],"wp:attachment":[{"href":"https:\/\/www.seval.ch\/fr\/wp-json\/wp\/v2\/media?parent=653"}],"curies":[{"name":"wp","href":"https:\/\/api.w.org\/{rel}","templated":true}]}}