{"id":647,"date":"2017-07-18T22:22:43","date_gmt":"2017-07-18T20:22:43","guid":{"rendered":"https:\/\/www.seval.ch\/?page_id=647\/"},"modified":"2018-02-13T14:52:04","modified_gmt":"2018-02-13T13:52:04","slug":"liens","status":"publish","type":"page","link":"https:\/\/www.seval.ch\/fr\/a-propos-de-la-seval\/liens\/","title":{"rendered":"Liens"},"content":{"rendered":"<p>La collection des liens de la SEVAL rassemble des sites web des autorit\u00e9s suisses et dans le monde entier, des liens sur des groupes de discussion et sur des soci\u00e9t\u00e9s d\u2019\u00e9valuation dans le monde.<\/p>\n<p><a href=\"https:\/\/www.seval.ch\/fr\/publications-prix-seval\/publications\/liens\/liens-suisse\/\" target=\"_blank\" rel=\"noopener\">Liens en Suisse<\/a><\/p>\n<p><a href=\"https:\/\/www.seval.ch\/fr\/publications-prix-seval\/publications\/liens\/liens-international\/\" target=\"_blank\" rel=\"noopener\">Liens International<\/a><\/p>\n<p>Nous mettons r\u00e9guli\u00e8rement \u00e0 jour la liste des liens et cherchons \u00e0 rassembler les liens les plus int\u00e9ressants. Nous vous remercions de nous faire conna\u00eetre vos liens pr\u00e9f\u00e9r\u00e9s en mati\u00e8re d\u2019\u00e9valuation ou de nous communiquer des changements d\u2019adresse ou toute autre modification \u00e0: <a href=\"&#x6d;&#x61;&#105;&#108;t&#x6f;&#x3a;&#x73;&#101;cr&#x65;&#x74;&#97;&#114;i&#x61;&#x74;&#x40;&#115;ev&#x61;&#x6c;&#46;&#99;h\">secret&#97;&#114;&#105;&#97;&#116;&#64;&#115;&#x65;&#x76;&#x61;&#x6c;&#x2e;&#x63;&#x68;<\/a><\/p>\n","protected":false},"excerpt":{"rendered":"<p>La collection des liens de la SEVAL rassemble des sites web des autorit\u00e9s suisses et dans le monde entier, des liens sur des groupes de discussion et sur des soci\u00e9t\u00e9s d\u2019\u00e9valuation dans le monde. Liens en Suisse Liens International Nous mettons r\u00e9guli\u00e8rement \u00e0 jour la liste des liens et cherchons \u00e0 rassembler les liens les &hellip;<\/p>\n","protected":false},"author":1,"featured_media":0,"parent":79,"menu_order":0,"comment_status":"closed","ping_status":"closed","template":"","meta":{"_searchwp_excluded":"","advanced-sidebar-menu\/link-title":"","advanced-sidebar-menu\/exclude-page":false},"acf":[],"_links":{"self":[{"href":"https:\/\/www.seval.ch\/fr\/wp-json\/wp\/v2\/pages\/647"}],"collection":[{"href":"https:\/\/www.seval.ch\/fr\/wp-json\/wp\/v2\/pages"}],"about":[{"href":"https:\/\/www.seval.ch\/fr\/wp-json\/wp\/v2\/types\/page"}],"author":[{"embeddable":true,"href":"https:\/\/www.seval.ch\/fr\/wp-json\/wp\/v2\/users\/1"}],"replies":[{"embeddable":true,"href":"https:\/\/www.seval.ch\/fr\/wp-json\/wp\/v2\/comments?post=647"}],"version-history":[{"count":5,"href":"https:\/\/www.seval.ch\/fr\/wp-json\/wp\/v2\/pages\/647\/revisions"}],"predecessor-version":[{"id":3192,"href":"https:\/\/www.seval.ch\/fr\/wp-json\/wp\/v2\/pages\/647\/revisions\/3192"}],"up":[{"embeddable":true,"href":"https:\/\/www.seval.ch\/fr\/wp-json\/wp\/v2\/pages\/79"}],"wp:attachment":[{"href":"https:\/\/www.seval.ch\/fr\/wp-json\/wp\/v2\/media?parent=647"}],"curies":[{"name":"wp","href":"https:\/\/api.w.org\/{rel}","templated":true}]}}