{"id":640,"date":"2017-07-18T22:16:09","date_gmt":"2017-07-18T20:16:09","guid":{"rendered":"https:\/\/www.seval.ch\/?page_id=640\/"},"modified":"2025-11-05T10:53:27","modified_gmt":"2025-11-05T09:53:27","slug":"laureats","status":"publish","type":"page","link":"https:\/\/www.seval.ch\/fr\/bourse-prix-seval\/prix-seval\/laureats\/","title":{"rendered":"Laur\u00e9at-e-s"},"content":{"rendered":"<p><strong>Laur\u00e9at 2025 &#8211; Jonas Schmid<br \/>\n<\/strong>Titre du travail : &#8220;<a href=\"https:\/\/www.seval.ch\/app\/uploads\/2025\/11\/Schmid-2024-Decentralization-and-Wind-Energy-Permitting-An-Evaluation-of-Implementation-Effectiveness-in-Switze.pdf\">Decentralization and Wind Energy Permitting: An Evaluation of Implementation Effectiveness in Switzerland and Europe<\/a>&#8221;<\/p>\n<p><strong>Laur\u00e9ats 2024<br \/>\nFabricio Meier<\/strong><br \/>\nTitre du travail : &#8220;<a href=\"https:\/\/www.seval.ch\/app\/uploads\/2024\/09\/Memoire-pour-publication_Romain-Suchet.pdf\" target=\"_blank\" rel=\"noopener\">Analyse et propositions concernant l\u2019\u00e9valuation des effets \u00e9conomiques des parcs naturels r\u00e9gionaux suisses<\/a>&#8221;<\/p>\n<p><strong>Romain Suchet<br \/>\n<\/strong>Titre du travail : &#8220;<a href=\"https:\/\/www.seval.ch\/app\/uploads\/2024\/09\/Masters-Thesis-Fabricio-Bruno-Meier_.pdf\" target=\"_blank\" rel=\"noopener\">Exploring Potential Factors for Not Evaluating E-Government Projects in the Swiss Public Sector<\/a>&#8221;<\/p>\n<p><strong>Laur\u00e9ats 2023 &#8211; Simon Endes, Eliane Kraft et Sarina Steinmann<\/strong><br \/>\nTitre du travail: &#8220;<a href=\"https:\/\/www.ecoplan.ch\/download\/ikagf2_arbeitspapier_fr.pdf\" target=\"_blank\" rel=\"noopener\">Instruments de recueil de donn\u00e9es sur l&#8217;activit\u00e9 physique. Approches m\u00e9thodologiques pour la pratique d&#8217;\u00e9valuation dans la promotion de la sant\u00e9<\/a>&#8221;<\/p>\n<p><strong>Laur\u00e9at-e 2022 \u2013 pas de laur\u00e9at-e<\/strong><\/p>\n<p><strong>Laur\u00e9at 2021 &#8211; Michael Deb\u00e9taz<\/strong><br \/>\nTitre du travail: &#8220;<a href=\"https:\/\/greval.ch\/big-data-machine-learning-et-evaluation-1-introduction\/\" target=\"_blank\" rel=\"noopener\">Big data, machine learning et \u00e9valuation: la data science au service des administrations<\/a>&#8221;<\/p>\n<p><strong>Laur\u00e9ats 2020 &#8211; Susanne Hadorn, C\u00e9line Mavrot et Fritz Sager<\/strong><br \/>\nTitre du travail: &#8220;Mapping the mix: Linking instruments, settings and target groups in the study of policy mixes&#8221;<\/p>\n<p><strong>Laur\u00e9at 2019 &#8211; Rafa\u00ebl Weissbrodt<\/strong><br \/>\nTitre du travail: &#8220;<a href=\"https:\/\/www.seval.ch\/app\/uploads\/2020\/05\/RWeissbrodt_th\u00e8se-compl\u00e8te-002.pdf\" target=\"_blank\" rel=\"noopener noreferrer\">L\u2019intervention des inspecteurs du travail en mati\u00e8re de pr\u00e9vention des risques psychosociaux. Effets des contr\u00f4les en entreprises et strat\u00e9gies d\u2019intervention des inspecteurs&#8221;<\/a><\/p>\n<p><strong>Laur\u00e9at-e 2018 \u2013 pas de laur\u00e9at-e<\/strong><\/p>\n<p><strong>Laur\u00e9ate\u00a02017 \u2013 Caroline Schlaufer<br \/>\n<\/strong>Titre du travail: <a href=\"https:\/\/boris.unibe.ch\/93401\/\" target=\"_blank\" rel=\"noopener noreferrer\">\u201eThe contribution of evaluations to the discourse quality of newspaper content\u201c<\/a><\/p>\n<p><strong>Laur\u00e9ates 2016 \u2013 Dr Laura Metzger et Prof. Isabel G\u00fcnther<\/strong><br \/>\nTitre du travail: <a href=\"http:\/\/onlinelibrary.wiley.com\/doi\/10.1002\/jid.3189\/abstract;jsessionid=AC325DF20E2F503FC08CE2EFE7E9517A.f02t01\">\u201cHow to assess the effectiveness of development aid projects: Evaluation ratings versus project indicators\u201d<\/a><br \/>\n<a href=\"https:\/\/www.seval.ch\/app\/uploads\/2017\/07\/Laudatio_Prix_SEVAL_2016.pdf\">L\u2019\u00e9loge Prix SEVAL 2016<\/a><\/p>\n<p><strong>Laur\u00e9at-e-s 2015 \u2013 Lyn Pleger et Prof. Fritz Sager<\/strong><br \/>\nTitre du travail: \u201cBeeinflussung von Evaluierenden in der Schweiz\u201d<\/p>\n<p><strong>Laur\u00e9ate 2014 \u2013 Linda Sulzer<\/strong><br \/>\nTitre du travail: <a href=\"https:\/\/www.seval.ch\/app\/uploads\/2017\/07\/Summary_Prix-SEVAL_2014.pdf\">\u201cBereitschaft zur Unterzeichnung von v\u00f6lkerrechtswidrigen Volksinitiativen. Was steckt dahinter?\u201d<\/a><\/p>\n<p><strong>Laur\u00e9at 2013 \u2013 Olivier Baumann<\/strong><br \/>\nTitre du travail: \u201cEine synthetische Schweiz zur Evaluation des Erneuerbare-Energien-Gesetz (EEG)\u201d<\/p>\n<p><strong>Laur\u00e9at 2012 \u2013 Dr Michael Morlok <\/strong><br \/>\nTitre du travail: \u201cA New Approach to Evaluating Active Labour Market Programs\u201d<\/p>\n","protected":false},"excerpt":{"rendered":"<p>Laur\u00e9at 2025 &#8211; Jonas Schmid Titre du travail : &#8220;Decentralization and Wind Energy Permitting: An Evaluation of Implementation Effectiveness in Switzerland and Europe&#8221; Laur\u00e9ats 2024 Fabricio Meier Titre du travail : &#8220;Analyse et propositions concernant l\u2019\u00e9valuation des effets \u00e9conomiques des parcs naturels r\u00e9gionaux suisses&#8221; Romain Suchet Titre du travail : &#8220;Exploring Potential Factors for Not &hellip;<\/p>\n","protected":false},"author":1,"featured_media":0,"parent":635,"menu_order":0,"comment_status":"closed","ping_status":"closed","template":"","meta":{"_searchwp_excluded":"","advanced-sidebar-menu\/link-title":"","advanced-sidebar-menu\/exclude-page":false},"acf":[],"_links":{"self":[{"href":"https:\/\/www.seval.ch\/fr\/wp-json\/wp\/v2\/pages\/640"}],"collection":[{"href":"https:\/\/www.seval.ch\/fr\/wp-json\/wp\/v2\/pages"}],"about":[{"href":"https:\/\/www.seval.ch\/fr\/wp-json\/wp\/v2\/types\/page"}],"author":[{"embeddable":true,"href":"https:\/\/www.seval.ch\/fr\/wp-json\/wp\/v2\/users\/1"}],"replies":[{"embeddable":true,"href":"https:\/\/www.seval.ch\/fr\/wp-json\/wp\/v2\/comments?post=640"}],"version-history":[{"count":22,"href":"https:\/\/www.seval.ch\/fr\/wp-json\/wp\/v2\/pages\/640\/revisions"}],"predecessor-version":[{"id":18323,"href":"https:\/\/www.seval.ch\/fr\/wp-json\/wp\/v2\/pages\/640\/revisions\/18323"}],"up":[{"embeddable":true,"href":"https:\/\/www.seval.ch\/fr\/wp-json\/wp\/v2\/pages\/635"}],"wp:attachment":[{"href":"https:\/\/www.seval.ch\/fr\/wp-json\/wp\/v2\/media?parent=640"}],"curies":[{"name":"wp","href":"https:\/\/api.w.org\/{rel}","templated":true}]}}