{"id":635,"date":"2017-07-18T22:05:47","date_gmt":"2017-07-18T20:05:47","guid":{"rendered":"https:\/\/www.seval.ch\/?page_id=635\/"},"modified":"2025-12-22T18:08:40","modified_gmt":"2025-12-22T17:08:40","slug":"prix-seval","status":"publish","type":"page","link":"https:\/\/www.seval.ch\/fr\/bourse-prix-seval\/prix-seval\/","title":{"rendered":"Prix SEVAL"},"content":{"rendered":"<p style=\"font-weight: 400;\">Le Prix SEVAL a \u00e9t\u00e9 cr\u00e9\u00e9 par la SEVAL en 2012. Il distingue des travaux scientifiques ou orient\u00e9s vers la pratique qui contribuent de mani\u00e8re significative au d\u00e9veloppement de la th\u00e9orie ou de la pratique de l\u2019\u00e9valuation en Suisse. Une attention particuli\u00e8re est port\u00e9e aux travaux qui rendent visibles des bonnes pratiques, proposent des approches innovantes ou alimentent la discussion sur les d\u00e9fis actuels de l\u2019\u00e9valuation.<\/p>\n<p style=\"font-weight: 400;\">De nombreux types de travaux sont \u00e9ligibles pour le Prix SEVAL\u00a0: rapports d\u2019\u00e9valuation, travaux acad\u00e9miques de tous les niveaux, articles publi\u00e9s dans des revues sp\u00e9cialis\u00e9es, ouvrages, etc. Les travaux peuvent \u00e9galement avoir \u00e9t\u00e9 publi\u00e9s sous forme num\u00e9rique ou multim\u00e9dia.<\/p>\n<p style=\"font-weight: 400;\">Le Prix SEVAL est ouvert aux \u00e9tudiant\u00b7e\u00b7s, aux chercheur\u00b7euse\u00b7s, ainsi qu\u2019aux professionnel\u00b7le\u00b7s de l\u2019\u00e9valuation (mandataires) et aux organisations ou administrations mandantes, en Suisse. Les candidatures individuelles ou en \u00e9quipe sont admises.<\/p>\n<p style=\"font-weight: 400;\">Les travaux sont \u00e9valu\u00e9s par le jury selon quatre crit\u00e8res pond\u00e9r\u00e9s\u00a0:<\/p>\n<ul style=\"font-weight: 400;\">\n<li>Contribution au d\u00e9veloppement de la th\u00e9orie ou de la pratique de l\u2019\u00e9valuation (40%)\u00a0;<\/li>\n<li>Innovation \/ originalit\u00e9 (30%)\u00a0;<\/li>\n<li>Caract\u00e8re scientifique (20%)\u00a0;<\/li>\n<li>Forme et accessibilit\u00e9 (10%).<\/li>\n<\/ul>\n<p style=\"font-weight: 400;\">Les travaux peuvent \u00eatre envoy\u00e9s au secr\u00e9tariat de la SEVAL (<a href=\"&#x6d;&#x61;&#x69;&#x6c;&#x74;&#x6f;&#x3a;&#115;&#101;&#99;&#114;&#101;tari&#x61;&#x74;&#x40;&#x73;&#x65;&#x76;&#x61;&#x6c;&#46;&#99;&#104;\">&#x73;&#101;&#x63;&#x72;&#101;&#x74;&#x61;&#114;&#x69;&#x61;&#116;&#x40;&#x73;e&#x76;&#x61;l&#x2e;&#99;h<\/a>) jusqu\u2019\u00e0 <strong>fin mai<\/strong> de l\u2019ann\u00e9e en cours. La date exacte est communiqu\u00e9e dans l\u2019appel \u00e0 contributions. Chaque soumission doit \u00eatre accompagn\u00e9e d\u2019une lettre d\u2019accompagnement expliquant la pertinence du travail pour la communaut\u00e9 de l\u2019\u00e9valuation et la mani\u00e8re dont il r\u00e9pond aux quatre crit\u00e8res ci-dessus. Un mod\u00e8le est mis \u00e0 disposition (voir la colonne de droite). Les rapports d\u2019\u00e9valuation doivent \u00eatre accompagn\u00e9s de l\u2019accord \u00e9crit du mandant.<\/p>\n<p style=\"font-weight: 400;\">Le Prix SEVAL est remis une fois par ann\u00e9e, lors du congr\u00e8s annuel de la SEVAL. Il est dot\u00e9 d\u2019un montant pouvant aller jusqu\u2019\u00e0 CHF 3\u2019000.\u2013. Les travaux prim\u00e9s b\u00e9n\u00e9ficient par ailleurs d\u2019une visibilit\u00e9 renforc\u00e9e\u00a0: ils sont publi\u00e9s (p.ex. dans <em>LeGes<\/em> ou un autre m\u00e9dia d\u00e9fini par la SEVAL) et pr\u00e9sent\u00e9s, dans la mesure du possible, au congr\u00e8s annuel de la SEVAL, afin de favoriser la diffusion de bonnes pratiques et la discussion au sein de la communaut\u00e9.<\/p>\n<p style=\"font-weight: 400;\">Le jury pour le Prix SEVAL est compos\u00e9 d\u00e8s janvier 2023 des personnes suivantes\u00a0:<\/p>\n<ul style=\"font-weight: 400;\">\n<li>Marion Baud-Lavigne, \u00e9valuatrice et cheffe de projet, Contr\u00f4le parlementaire de l\u2019administration (Pr\u00e9sidente du jury)<\/li>\n<li>Pirmin Bundi, IDHEAP Universit\u00e9 de Lausanne<\/li>\n<li>Nicole Kaiser, associ\u00e9e \/ responsable de secteur, econcept AG<\/li>\n<li>Lilith Wernli, collaboratrice scientifique, Office f\u00e9d\u00e9ral de l\u2019environnement<\/li>\n<\/ul>\n<p><img decoding=\"async\" loading=\"lazy\" class=\"alignnone size-large wp-image-18106\" src=\"https:\/\/www.seval.ch\/app\/uploads\/2025\/10\/SN_03017-1024x683.jpg\" alt=\"\" width=\"1024\" height=\"683\" srcset=\"https:\/\/www.seval.ch\/app\/uploads\/2025\/10\/SN_03017-1024x683.jpg 1024w, https:\/\/www.seval.ch\/app\/uploads\/2025\/10\/SN_03017-300x200.jpg 300w, https:\/\/www.seval.ch\/app\/uploads\/2025\/10\/SN_03017-768x512.jpg 768w, https:\/\/www.seval.ch\/app\/uploads\/2025\/10\/SN_03017-1536x1024.jpg 1536w, https:\/\/www.seval.ch\/app\/uploads\/2025\/10\/SN_03017-2048x1366.jpg 2048w, https:\/\/www.seval.ch\/app\/uploads\/2025\/10\/SN_03017-1320x880.jpg 1320w\" sizes=\"(max-width: 1024px) 100vw, 1024px\" \/>Laur\u00e9at 2025 Jonas Schmid<\/p>\n","protected":false},"excerpt":{"rendered":"<p>Le Prix SEVAL a \u00e9t\u00e9 cr\u00e9\u00e9 par la SEVAL en 2012. Il distingue des travaux scientifiques ou orient\u00e9s vers la pratique qui contribuent de mani\u00e8re significative au d\u00e9veloppement de la th\u00e9orie ou de la pratique de l\u2019\u00e9valuation en Suisse. Une attention particuli\u00e8re est port\u00e9e aux travaux qui rendent visibles des bonnes pratiques, proposent des approches &hellip;<\/p>\n","protected":false},"author":1,"featured_media":0,"parent":618,"menu_order":0,"comment_status":"closed","ping_status":"closed","template":"","meta":{"_searchwp_excluded":"","advanced-sidebar-menu\/link-title":"","advanced-sidebar-menu\/exclude-page":false},"acf":[],"_links":{"self":[{"href":"https:\/\/www.seval.ch\/fr\/wp-json\/wp\/v2\/pages\/635"}],"collection":[{"href":"https:\/\/www.seval.ch\/fr\/wp-json\/wp\/v2\/pages"}],"about":[{"href":"https:\/\/www.seval.ch\/fr\/wp-json\/wp\/v2\/types\/page"}],"author":[{"embeddable":true,"href":"https:\/\/www.seval.ch\/fr\/wp-json\/wp\/v2\/users\/1"}],"replies":[{"embeddable":true,"href":"https:\/\/www.seval.ch\/fr\/wp-json\/wp\/v2\/comments?post=635"}],"version-history":[{"count":42,"href":"https:\/\/www.seval.ch\/fr\/wp-json\/wp\/v2\/pages\/635\/revisions"}],"predecessor-version":[{"id":18657,"href":"https:\/\/www.seval.ch\/fr\/wp-json\/wp\/v2\/pages\/635\/revisions\/18657"}],"up":[{"embeddable":true,"href":"https:\/\/www.seval.ch\/fr\/wp-json\/wp\/v2\/pages\/618"}],"wp:attachment":[{"href":"https:\/\/www.seval.ch\/fr\/wp-json\/wp\/v2\/media?parent=635"}],"curies":[{"name":"wp","href":"https:\/\/api.w.org\/{rel}","templated":true}]}}