{"id":626,"date":"2017-07-18T17:06:59","date_gmt":"2017-07-18T15:06:59","guid":{"rendered":"https:\/\/www.seval.ch\/artikel-leges-bulletin\/"},"modified":"2024-04-26T10:38:10","modified_gmt":"2024-04-26T08:38:10","slug":"leges-bulletin","status":"publish","type":"page","link":"https:\/\/www.seval.ch\/fr\/news-evenements\/publications\/leges-bulletin\/","title":{"rendered":"Articles de LeGes"},"content":{"rendered":"<p><strong>LeGes \u2013 L\u00e9gislation &amp; Evaluation<\/strong><\/p>\n<p>LeGes s&#8217;adresse \u00e0 toutes les personnes des milieux de la science et de la pratique qui s&#8217;int\u00e9ressent \u00e0 une l\u00e9gislation de qualit\u00e9. On y trouve des contributions scientifiques dans les domaines du droit, de la politique, de la linguistique, de la sociologie et de l&#8217;\u00e9valuation de m\u00eame que des comptes rendus de projets l\u00e9gislatifs en cours ou aboutis.<\/p>\n<p>LeGes est l&#8217;organe de publication de la Soci\u00e9t\u00e9 suisse de l\u00e9gislation (SSL) et de la Soci\u00e9t\u00e9 suisse d&#8217;\u00e9valuation (SEVAL). Cette revue para\u00eet depuis 1990 sous la forme de trois cahiers annuels.\u00a0Depuis 2018 LeGes para\u00eet uniquement en ligne.<\/p>\n<p>Vous trouverez <a href=\"https:\/\/www.seval.ch\/app\/uploads\/2024\/04\/LeGes-Beitraege_zu_Evaluation_April2024.xlsx\" target=\"_blank\" rel=\"noopener\">ici<\/a>\u00a0une liste de tous les articles de LeGes depuis 1990 ayant trait \u00e0 l&#8217;\u00e9valuation.<\/p>\n<p><a href=\"http:\/\/leges.weblaw.ch\" target=\"_blank\" rel=\"noopener\">Vers le site web de LeGes avec acc\u00e8s libre \u00e0 toutes les contributions depuis 1990<\/a>.<\/p>\n<p>&nbsp;<\/p>\n","protected":false},"excerpt":{"rendered":"<p>LeGes \u2013 L\u00e9gislation &amp; Evaluation LeGes s&#8217;adresse \u00e0 toutes les personnes des milieux de la science et de la pratique qui s&#8217;int\u00e9ressent \u00e0 une l\u00e9gislation de qualit\u00e9. On y trouve des contributions scientifiques dans les domaines du droit, de la politique, de la linguistique, de la sociologie et de l&#8217;\u00e9valuation de m\u00eame que des comptes &hellip;<\/p>\n","protected":false},"author":1,"featured_media":0,"parent":622,"menu_order":0,"comment_status":"closed","ping_status":"closed","template":"","meta":{"_searchwp_excluded":"","advanced-sidebar-menu\/link-title":"","advanced-sidebar-menu\/exclude-page":false},"acf":[],"_links":{"self":[{"href":"https:\/\/www.seval.ch\/fr\/wp-json\/wp\/v2\/pages\/626"}],"collection":[{"href":"https:\/\/www.seval.ch\/fr\/wp-json\/wp\/v2\/pages"}],"about":[{"href":"https:\/\/www.seval.ch\/fr\/wp-json\/wp\/v2\/types\/page"}],"author":[{"embeddable":true,"href":"https:\/\/www.seval.ch\/fr\/wp-json\/wp\/v2\/users\/1"}],"replies":[{"embeddable":true,"href":"https:\/\/www.seval.ch\/fr\/wp-json\/wp\/v2\/comments?post=626"}],"version-history":[{"count":14,"href":"https:\/\/www.seval.ch\/fr\/wp-json\/wp\/v2\/pages\/626\/revisions"}],"predecessor-version":[{"id":15991,"href":"https:\/\/www.seval.ch\/fr\/wp-json\/wp\/v2\/pages\/626\/revisions\/15991"}],"up":[{"embeddable":true,"href":"https:\/\/www.seval.ch\/fr\/wp-json\/wp\/v2\/pages\/622"}],"wp:attachment":[{"href":"https:\/\/www.seval.ch\/fr\/wp-json\/wp\/v2\/media?parent=626"}],"curies":[{"name":"wp","href":"https:\/\/api.w.org\/{rel}","templated":true}]}}