{"id":622,"date":"2017-07-18T21:49:44","date_gmt":"2017-07-18T19:49:44","guid":{"rendered":"https:\/\/www.seval.ch\/?page_id=622\/"},"modified":"2021-12-13T07:54:30","modified_gmt":"2021-12-13T06:54:30","slug":"publications","status":"publish","type":"page","link":"https:\/\/www.seval.ch\/fr\/news-evenements\/publications\/","title":{"rendered":"Publications"},"content":{"rendered":"<h4>LeGes<\/h4>\n<p>LeGes promeut l\u2019\u00e9change entre la science et la pratique sur la qualit\u00e9 de la l\u00e9gislation. LeGes publie r\u00e9guli\u00e8rement des articles scientifiques, des reflets de la pratique et des comptes rendus.<\/p>\n<p>Le comit\u00e9 de la SEVAL encourage ses membres \u00e0 soumettre des contributions scientifiques, des reflets de la pratique ou des comptes rendus \u00e0 la r\u00e9daction de LeGes.<\/p>\n<p>Toute personne int\u00e9ress\u00e9e par une contribution est pri\u00e9e de contacter Christian R\u00fcefli.<\/p>\n<p>Vous trouvez de plus amples informations sur LeGes <a href=\"https:\/\/leges.weblaw.ch\/\" target=\"_blank\" rel=\"noopener\">ici<\/a>.<\/p>\n<p>&nbsp;<\/p>\n<p>&nbsp;<\/p>\n<p>&nbsp;<\/p>\n","protected":false},"excerpt":{"rendered":"<p>LeGes LeGes promeut l\u2019\u00e9change entre la science et la pratique sur la qualit\u00e9 de la l\u00e9gislation. LeGes publie r\u00e9guli\u00e8rement des articles scientifiques, des reflets de la pratique et des comptes rendus. Le comit\u00e9 de la SEVAL encourage ses membres \u00e0 soumettre des contributions scientifiques, des reflets de la pratique ou des comptes rendus \u00e0 la &hellip;<\/p>\n","protected":false},"author":1,"featured_media":0,"parent":81,"menu_order":0,"comment_status":"closed","ping_status":"closed","template":"","meta":{"_searchwp_excluded":"","advanced-sidebar-menu\/link-title":"","advanced-sidebar-menu\/exclude-page":false},"acf":[],"_links":{"self":[{"href":"https:\/\/www.seval.ch\/fr\/wp-json\/wp\/v2\/pages\/622"}],"collection":[{"href":"https:\/\/www.seval.ch\/fr\/wp-json\/wp\/v2\/pages"}],"about":[{"href":"https:\/\/www.seval.ch\/fr\/wp-json\/wp\/v2\/types\/page"}],"author":[{"embeddable":true,"href":"https:\/\/www.seval.ch\/fr\/wp-json\/wp\/v2\/users\/1"}],"replies":[{"embeddable":true,"href":"https:\/\/www.seval.ch\/fr\/wp-json\/wp\/v2\/comments?post=622"}],"version-history":[{"count":13,"href":"https:\/\/www.seval.ch\/fr\/wp-json\/wp\/v2\/pages\/622\/revisions"}],"predecessor-version":[{"id":11975,"href":"https:\/\/www.seval.ch\/fr\/wp-json\/wp\/v2\/pages\/622\/revisions\/11975"}],"up":[{"embeddable":true,"href":"https:\/\/www.seval.ch\/fr\/wp-json\/wp\/v2\/pages\/81"}],"wp:attachment":[{"href":"https:\/\/www.seval.ch\/fr\/wp-json\/wp\/v2\/media?parent=622"}],"curies":[{"name":"wp","href":"https:\/\/api.w.org\/{rel}","templated":true}]}}