{"id":618,"date":"2017-07-18T21:46:24","date_gmt":"2017-07-18T19:46:24","guid":{"rendered":"https:\/\/www.seval.ch\/?page_id=618\/"},"modified":"2023-08-30T17:04:18","modified_gmt":"2023-08-30T15:04:18","slug":"bourse-prix-seval","status":"publish","type":"page","link":"https:\/\/www.seval.ch\/fr\/bourse-prix-seval\/","title":{"rendered":"Bourse &#038; Prix SEVAL"},"content":{"rendered":"<p>Dans les prochaines pages, nous pr\u00e9sentons la Bourse d&#8217;encouragement de la rel\u00e8ve dans le domaine de l&#8217;\u00e9valuation et le Prix SEVAL, d\u00e9cern\u00e9 depuis 2012 \u00e0 des travaux scientifiques qui contribuent d&#8217;une mani\u00e8re remarquable au d\u00e9veloppement de th\u00e9ories et de pratiques, ou pour l&#8217;usage d&#8217;\u00e9valuations.<\/p>\n","protected":false},"excerpt":{"rendered":"<p>Dans les prochaines pages, nous pr\u00e9sentons la Bourse d&#8217;encouragement de la rel\u00e8ve dans le domaine de l&#8217;\u00e9valuation et le Prix SEVAL, d\u00e9cern\u00e9 depuis 2012 \u00e0 des travaux scientifiques qui contribuent d&#8217;une mani\u00e8re remarquable au d\u00e9veloppement de th\u00e9ories et de pratiques, ou pour l&#8217;usage d&#8217;\u00e9valuations.<\/p>\n","protected":false},"author":1,"featured_media":0,"parent":0,"menu_order":0,"comment_status":"closed","ping_status":"closed","template":"","meta":{"_searchwp_excluded":"","advanced-sidebar-menu\/link-title":"","advanced-sidebar-menu\/exclude-page":false},"acf":[],"_links":{"self":[{"href":"https:\/\/www.seval.ch\/fr\/wp-json\/wp\/v2\/pages\/618"}],"collection":[{"href":"https:\/\/www.seval.ch\/fr\/wp-json\/wp\/v2\/pages"}],"about":[{"href":"https:\/\/www.seval.ch\/fr\/wp-json\/wp\/v2\/types\/page"}],"author":[{"embeddable":true,"href":"https:\/\/www.seval.ch\/fr\/wp-json\/wp\/v2\/users\/1"}],"replies":[{"embeddable":true,"href":"https:\/\/www.seval.ch\/fr\/wp-json\/wp\/v2\/comments?post=618"}],"version-history":[{"count":7,"href":"https:\/\/www.seval.ch\/fr\/wp-json\/wp\/v2\/pages\/618\/revisions"}],"predecessor-version":[{"id":14994,"href":"https:\/\/www.seval.ch\/fr\/wp-json\/wp\/v2\/pages\/618\/revisions\/14994"}],"wp:attachment":[{"href":"https:\/\/www.seval.ch\/fr\/wp-json\/wp\/v2\/media?parent=618"}],"curies":[{"name":"wp","href":"https:\/\/api.w.org\/{rel}","templated":true}]}}