{"id":613,"date":"2017-07-18T21:40:40","date_gmt":"2017-07-18T19:40:40","guid":{"rendered":"https:\/\/www.seval.ch\/?page_id=613\/"},"modified":"2025-06-17T08:30:03","modified_gmt":"2025-06-17T06:30:03","slug":"groupes-de-travail","status":"publish","type":"page","link":"https:\/\/www.seval.ch\/fr\/groupes-de-travail\/","title":{"rendered":"Groupes de travail"},"content":{"rendered":"<p>Les groupes de travail sont ouverts \u00e0 tous les membres de la SEVAL. Les responsables des groupes de travail ainsi que M. Laurent Cr\u00e9mieux, pr\u00e9sident, se tiennent volontiers \u00e0 votre disposition pour toute information compl\u00e9mentaire.<\/p>\n<p>Les actuels groupes de travail sont :<\/p>\n<ul>\n<li>Standards<\/li>\n<li>Comp\u00e9tences en \u00e9valuation<\/li>\n<li>Recherche sur l&#8217;\u00e9valuation<\/li>\n<li>D\u00e9veloppement et \u00e9valuation dans les Hautes \u00e9coles<\/li>\n<li>Evaluation dans la coop\u00e9ration\u00a0au d\u00e9veloppement<\/li>\n<li>Groupe romand d&#8217;\u00e9valuation GREVAL<\/li>\n<li>Swiss JEE<\/li>\n<li>Gruppo Svizzera italiana<\/li>\n<li>Appel d&#8217;offres<\/li>\n<li>Intelligence artificielle (IA)<\/li>\n<\/ul>\n<p>&nbsp;<\/p>\n","protected":false},"excerpt":{"rendered":"<p>Les groupes de travail sont ouverts \u00e0 tous les membres de la SEVAL. Les responsables des groupes de travail ainsi que M. Laurent Cr\u00e9mieux, pr\u00e9sident, se tiennent volontiers \u00e0 votre disposition pour toute information compl\u00e9mentaire. Les actuels groupes de travail sont : Standards Comp\u00e9tences en \u00e9valuation Recherche sur l&#8217;\u00e9valuation D\u00e9veloppement et \u00e9valuation dans les Hautes &hellip;<\/p>\n","protected":false},"author":1,"featured_media":0,"parent":0,"menu_order":0,"comment_status":"closed","ping_status":"closed","template":"","meta":{"_searchwp_excluded":"","advanced-sidebar-menu\/link-title":"","advanced-sidebar-menu\/exclude-page":false},"acf":[],"_links":{"self":[{"href":"https:\/\/www.seval.ch\/fr\/wp-json\/wp\/v2\/pages\/613"}],"collection":[{"href":"https:\/\/www.seval.ch\/fr\/wp-json\/wp\/v2\/pages"}],"about":[{"href":"https:\/\/www.seval.ch\/fr\/wp-json\/wp\/v2\/types\/page"}],"author":[{"embeddable":true,"href":"https:\/\/www.seval.ch\/fr\/wp-json\/wp\/v2\/users\/1"}],"replies":[{"embeddable":true,"href":"https:\/\/www.seval.ch\/fr\/wp-json\/wp\/v2\/comments?post=613"}],"version-history":[{"count":20,"href":"https:\/\/www.seval.ch\/fr\/wp-json\/wp\/v2\/pages\/613\/revisions"}],"predecessor-version":[{"id":17794,"href":"https:\/\/www.seval.ch\/fr\/wp-json\/wp\/v2\/pages\/613\/revisions\/17794"}],"wp:attachment":[{"href":"https:\/\/www.seval.ch\/fr\/wp-json\/wp\/v2\/media?parent=613"}],"curies":[{"name":"wp","href":"https:\/\/api.w.org\/{rel}","templated":true}]}}