{"id":606,"date":"2017-07-18T21:31:19","date_gmt":"2017-07-18T19:31:19","guid":{"rendered":"https:\/\/www.seval.ch\/?page_id=606\/"},"modified":"2024-09-12T11:35:07","modified_gmt":"2024-09-12T09:35:07","slug":"evaluateurs-et-evaluatrices","status":"publish","type":"page","link":"https:\/\/www.seval.ch\/fr\/evaluateurs-et-evaluatrices\/","title":{"rendered":"Expert-e-s en \u00e9valuation"},"content":{"rendered":"<h2>Recherchez-vous des expert-e-s en \u00e9valuation ?<\/h2>\n<p>Recherchez-vous une \u00e9valuatrice ou un \u00e9valuateur\u00a0? \u00cates-vous \u00e0 la recherche d&#8217;un-e sp\u00e9cialiste ayant de l&#8217;exp\u00e9rience dans l&#8217;attribution d&#8217;\u00e9valuations ?<\/p>\n<p>Alors jetez un coup d&#8217;\u0153il dans la base de donn\u00e9es de la SEVAL ! La base de donn\u00e9es en ligne vous permet\u00a0;<\/p>\n<ul>\n<li>de rechercher de mani\u00e8re cibl\u00e9e un-e mandataire, des responsables de cours ou des partenaires du domaine de la recherche<\/li>\n<li>de trouver des personnes ayant de l&#8217;exp\u00e9rience dans l&#8217;attribution d&#8217;\u00e9valuations<\/li>\n<li>de trouver des personnes actives au sein de la SEVAL<\/li>\n<\/ul>\n<p><a href=\"https:\/\/www.seval.ch\/fr\/evaluateurs-et-evaluatrices\/registre\/\">Vers le registre des \u00e9valuateurs et \u00e9valuatrices<\/a><\/p>\n<hr \/>\n<h2>Souhaitez-vous vous inscrire dans la base de donn\u00e9es des \u00e9valuateurs et des \u00e9valuatrices ?<\/h2>\n<p>Que vous travailliez dans le secteur priv\u00e9, dans l&#8217;administration publique, dans une ONG ou dans une universit\u00e9, la base de donn\u00e9es vous permet<\/p>\n<ul>\n<li>de faire conna\u00eetre votre profil d&#8217;expert-e en \u00e9valuation<\/li>\n<li>et d\u2019attirer l&#8217;attention sur vos autres services tels que des conseils ou des cours<\/li>\n<\/ul>\n<p>En tant que membre de la SEVAL, vous avez la possibilit\u00e9 de figurer dans la base de donn\u00e9es des \u00e9valuateurs et des \u00e9valuatrices. Pour vous y inscrire, veuillez svp vous loguer dans l&#8217;<a href=\"https:\/\/www.seval.ch\/fr\/espace-membres\/dashboard\/\" target=\"_blank\" rel=\"noopener noreferrer\">espace membre<\/a>. Si vous avez des probl\u00e8mes ou des questions, veuillez contacter le secr\u00e9tariat par <a href=\"mailto: s&#101;&#99;&#114;&#x65;&#x74;&#x61;ri&#97;&#116;&#x40;&#x73;&#x65;&#x76;al&#46;&#99;&#x68;\">courriel<\/a>.<\/p>\n<p>La SEVAL d\u00e9cline toute responsabilit\u00e9 quant \u00e0 l&#8217;exactitude des informations fournies et \u00e0 la qualit\u00e9 des services offerts.<\/p>\n<p>&nbsp;<\/p>\n","protected":false},"excerpt":{"rendered":"<p>Recherchez-vous des expert-e-s en \u00e9valuation ? Recherchez-vous une \u00e9valuatrice ou un \u00e9valuateur\u00a0? \u00cates-vous \u00e0 la recherche d&#8217;un-e sp\u00e9cialiste ayant de l&#8217;exp\u00e9rience dans l&#8217;attribution d&#8217;\u00e9valuations ? Alors jetez un coup d&#8217;\u0153il dans la base de donn\u00e9es de la SEVAL ! La base de donn\u00e9es en ligne vous permet\u00a0; de rechercher de mani\u00e8re cibl\u00e9e un-e mandataire, des &hellip;<\/p>\n","protected":false},"author":1,"featured_media":0,"parent":0,"menu_order":0,"comment_status":"closed","ping_status":"closed","template":"","meta":{"_searchwp_excluded":"","advanced-sidebar-menu\/link-title":"","advanced-sidebar-menu\/exclude-page":false},"acf":[],"_links":{"self":[{"href":"https:\/\/www.seval.ch\/fr\/wp-json\/wp\/v2\/pages\/606"}],"collection":[{"href":"https:\/\/www.seval.ch\/fr\/wp-json\/wp\/v2\/pages"}],"about":[{"href":"https:\/\/www.seval.ch\/fr\/wp-json\/wp\/v2\/types\/page"}],"author":[{"embeddable":true,"href":"https:\/\/www.seval.ch\/fr\/wp-json\/wp\/v2\/users\/1"}],"replies":[{"embeddable":true,"href":"https:\/\/www.seval.ch\/fr\/wp-json\/wp\/v2\/comments?post=606"}],"version-history":[{"count":10,"href":"https:\/\/www.seval.ch\/fr\/wp-json\/wp\/v2\/pages\/606\/revisions"}],"predecessor-version":[{"id":16792,"href":"https:\/\/www.seval.ch\/fr\/wp-json\/wp\/v2\/pages\/606\/revisions\/16792"}],"wp:attachment":[{"href":"https:\/\/www.seval.ch\/fr\/wp-json\/wp\/v2\/media?parent=606"}],"curies":[{"name":"wp","href":"https:\/\/api.w.org\/{rel}","templated":true}]}}