{"id":5136,"date":"2018-03-08T15:50:38","date_gmt":"2018-03-08T14:50:38","guid":{"rendered":"https:\/\/www.seval.ch\/?page_id=5136"},"modified":"2018-03-09T11:04:54","modified_gmt":"2018-03-09T10:04:54","slug":"autres-evenements","status":"publish","type":"page","link":"https:\/\/www.seval.ch\/fr\/news-evenements\/autres-evenements\/","title":{"rendered":"Autres \u00e9v\u00e9nements"},"content":{"rendered":"<p>La SEVAL a pour objectif d&#8217;informer r\u00e9guli\u00e8rement ses membres sur des congr\u00e8s en Suisse ainsi qu&#8217;\u00e0 l&#8217;\u00e9tranger. Nous vous prions de bien vouloir nous faire parvenir les informations sur des congr\u00e8s qui pourront int\u00e9resser nos membres via le formulaire &#8220;<a href=\"https:\/\/www.seval.ch\/fr\/news-evenements\/autres-evenements\/publier\/\">Publier<\/a>&#8220;.<\/p>\n","protected":false},"excerpt":{"rendered":"<p>La SEVAL a pour objectif d&#8217;informer r\u00e9guli\u00e8rement ses membres sur des congr\u00e8s en Suisse ainsi qu&#8217;\u00e0 l&#8217;\u00e9tranger. Nous vous prions de bien vouloir nous faire parvenir les informations sur des congr\u00e8s qui pourront int\u00e9resser nos membres via le formulaire &#8220;Publier&#8220;.<\/p>\n","protected":false},"author":1,"featured_media":0,"parent":81,"menu_order":1,"comment_status":"closed","ping_status":"closed","template":"views\/template-external-events.blade.php","meta":{"_searchwp_excluded":"","advanced-sidebar-menu\/link-title":"","advanced-sidebar-menu\/exclude-page":false},"acf":[],"_links":{"self":[{"href":"https:\/\/www.seval.ch\/fr\/wp-json\/wp\/v2\/pages\/5136"}],"collection":[{"href":"https:\/\/www.seval.ch\/fr\/wp-json\/wp\/v2\/pages"}],"about":[{"href":"https:\/\/www.seval.ch\/fr\/wp-json\/wp\/v2\/types\/page"}],"author":[{"embeddable":true,"href":"https:\/\/www.seval.ch\/fr\/wp-json\/wp\/v2\/users\/1"}],"replies":[{"embeddable":true,"href":"https:\/\/www.seval.ch\/fr\/wp-json\/wp\/v2\/comments?post=5136"}],"version-history":[{"count":4,"href":"https:\/\/www.seval.ch\/fr\/wp-json\/wp\/v2\/pages\/5136\/revisions"}],"predecessor-version":[{"id":5172,"href":"https:\/\/www.seval.ch\/fr\/wp-json\/wp\/v2\/pages\/5136\/revisions\/5172"}],"up":[{"embeddable":true,"href":"https:\/\/www.seval.ch\/fr\/wp-json\/wp\/v2\/pages\/81"}],"wp:attachment":[{"href":"https:\/\/www.seval.ch\/fr\/wp-json\/wp\/v2\/media?parent=5136"}],"curies":[{"name":"wp","href":"https:\/\/api.w.org\/{rel}","templated":true}]}}