{"id":5002,"date":"2018-03-01T15:17:47","date_gmt":"2018-03-01T14:17:47","guid":{"rendered":"https:\/\/www.seval.ch\/?page_id=5002"},"modified":"2021-03-16T17:07:36","modified_gmt":"2021-03-16T16:07:36","slug":"ancienne-version-et-revision-des-standards-seval","status":"publish","type":"page","link":"https:\/\/www.seval.ch\/fr\/standards-competences\/standards\/ancienne-version-et-revision-des-standards-seval\/","title":{"rendered":"Ancienne version et r\u00e9vision des standards SEVAL"},"content":{"rendered":"<p><a href=\"https:\/\/www.seval.ch\/app\/uploads\/2017\/07\/SEVAL_Standards_2001_fr.pdf\" target=\"\" rel=\"noopener noreferrer\">La premi\u00e8re version des standards SEVAL<\/a> a \u00e9t\u00e9 adopt\u00e9e en 2001. Elle se fonde sur les &#8220;Program Evaluation Standards&#8221; du Joint Committee on Standards for Educational Evaluation. Ces standards ont \u00e9t\u00e9 adapt\u00e9s au contexte suisse par un groupe de travail de la SEVAL. Ils \u00e9taient regroup\u00e9s selon quatre crit\u00e8res de qualit\u00e9 : l&#8217;utilit\u00e9, la faisabilit\u00e9, la d\u00e9ontologie et la pr\u00e9cision. Ces standards ont \u00e9t\u00e9 adapt\u00e9s au contexte suisse par un groupe de travail de la SEVAL.<\/p>\n<p>A partir de 2008, le <a href=\"https:\/\/www.seval.ch\/fr\/groupes-de-travail\/seval-standards\/\" target=\"_blank\" rel=\"noopener noreferrer\"><u>groupe de travail &#8220;standards d\u2019\u00e9valuation&#8221;<\/u><\/a> a examin\u00e9 l\u2019application et l\u2019utilit\u00e9 pratique des standards SEVAL par voie des \u00e9tudes de cas, des entretiens avec des professionnels et d\u2019un sondage des membres de la SEVAL. Entre 2013 et 2016, les standards ont fait l\u2019objet d\u2019une r\u00e9vision. La nouvelle version conserve les principes normatifs comme crit\u00e8res de qualit\u00e9 d\u2019une \u00e9valuation. Celles-ci ont \u00e9t\u00e9 transf\u00e9r\u00e9s dans une nouvelle structure comportant trois groupes, chacun d&#8217;entre eux se rapportant \u00e0 diff\u00e9rents aspects de l&#8217;\u00e9valuation. Les standards r\u00e9vis\u00e9s ont \u00e9t\u00e9 adapt\u00e9s par l\u2019assembl\u00e9e g\u00e9n\u00e9rale le 8 septembre 2016.<\/p>\n<p>La r\u00e9vision des standards SEVAL est document\u00e9e dans diff\u00e9rents articles et documents (cf. \u00ab\u00a0Downloads\u00a0\u00bb).<\/p>\n","protected":false},"excerpt":{"rendered":"<p>La premi\u00e8re version des standards SEVAL a \u00e9t\u00e9 adopt\u00e9e en 2001. Elle se fonde sur les &#8220;Program Evaluation Standards&#8221; du Joint Committee on Standards for Educational Evaluation. Ces standards ont \u00e9t\u00e9 adapt\u00e9s au contexte suisse par un groupe de travail de la SEVAL. Ils \u00e9taient regroup\u00e9s selon quatre crit\u00e8res de qualit\u00e9 : l&#8217;utilit\u00e9, la faisabilit\u00e9, &hellip;<\/p>\n","protected":false},"author":1,"featured_media":0,"parent":5000,"menu_order":0,"comment_status":"closed","ping_status":"closed","template":"","meta":{"_searchwp_excluded":"","advanced-sidebar-menu\/link-title":"","advanced-sidebar-menu\/exclude-page":false},"acf":[],"_links":{"self":[{"href":"https:\/\/www.seval.ch\/fr\/wp-json\/wp\/v2\/pages\/5002"}],"collection":[{"href":"https:\/\/www.seval.ch\/fr\/wp-json\/wp\/v2\/pages"}],"about":[{"href":"https:\/\/www.seval.ch\/fr\/wp-json\/wp\/v2\/types\/page"}],"author":[{"embeddable":true,"href":"https:\/\/www.seval.ch\/fr\/wp-json\/wp\/v2\/users\/1"}],"replies":[{"embeddable":true,"href":"https:\/\/www.seval.ch\/fr\/wp-json\/wp\/v2\/comments?post=5002"}],"version-history":[{"count":7,"href":"https:\/\/www.seval.ch\/fr\/wp-json\/wp\/v2\/pages\/5002\/revisions"}],"predecessor-version":[{"id":11062,"href":"https:\/\/www.seval.ch\/fr\/wp-json\/wp\/v2\/pages\/5002\/revisions\/11062"}],"up":[{"embeddable":true,"href":"https:\/\/www.seval.ch\/fr\/wp-json\/wp\/v2\/pages\/5000"}],"wp:attachment":[{"href":"https:\/\/www.seval.ch\/fr\/wp-json\/wp\/v2\/media?parent=5002"}],"curies":[{"name":"wp","href":"https:\/\/api.w.org\/{rel}","templated":true}]}}