{"id":5000,"date":"2018-03-01T15:16:56","date_gmt":"2018-03-01T14:16:56","guid":{"rendered":"https:\/\/www.seval.ch\/?page_id=5000"},"modified":"2022-09-22T11:25:06","modified_gmt":"2022-09-22T09:25:06","slug":"standards","status":"publish","type":"page","link":"https:\/\/www.seval.ch\/fr\/standards-competences\/standards\/","title":{"rendered":"Standards SEVAL"},"content":{"rendered":"<p>Les standards d&#8217;\u00e9valuation de la Soci\u00e9t\u00e9 suisse d&#8217;\u00e9valuation SEVAL (<a href=\"https:\/\/www.seval.ch\/app\/uploads\/2020\/12\/Standards-SEVAL-2016_f.pdf\" target=\"_blank\" rel=\"noopener\">standards SEVAL<\/a>) s&#8217;adressent \u00e0 toutes les personnes qui participent \u00e0 des \u00e9valuations ou qui les influencent. Les standards sont applicables \u00e0 tous les types d&#8217;\u00e9valuation. Ils formulent des principes centraux dont le respect est essentiel pour la qualit\u00e9 des \u00e9valuations.<\/p>\n<p>Les <a href=\"https:\/\/www.seval.ch\/app\/uploads\/2020\/12\/Standards-SEVAL_2016-Explications.pdf\" target=\"_blank\" rel=\"noopener\">explications<\/a> fournissent des aides \u00e0 l&#8217;interpr\u00e9tation importantes des standards SEVAL et apportent une aide concr\u00e8te dans leur mise en \u0153uvre.<\/p>\n<p>Pour faciliter l&#8217;orientation, les diff\u00e9rents standards sont attribu\u00e9s au groupe th\u00e9matique (A, B, C) pour lequel ils sont particuli\u00e8rement importants. En savoir plus en un clic.<\/p>\n<div class=\"seval-graph\">\n<div class=\"seval-graph-top\"><\/div>\n<div class=\"seval-svg\">\n<div class=\"svg-content\">\n<h2><a class=\"stretched-link\" href=\"https:\/\/www.seval.ch\/fr\/standards-competences\/standards\/definitions-et-concepts\/\">Qualit\u00e9 de l\u2019\u00e9valuation<\/a><\/h2>\n<ul class=\"list-inline separator-dashed\">\n<li class=\"list-inline-item\">Utilit\u00e9<\/li>\n<li class=\"list-inline-item\">Faisabilit\u00e9<\/li>\n<li class=\"list-inline-item\">D\u00e9ontologie<\/li>\n<li class=\"list-inline-item\">Pr\u00e9cision<\/li>\n<\/ul>\n<\/div>\n<\/div>\n<div class=\"seval-graph-box p-3 mt-3\">\n<h2>Standards SEVAL<\/h2>\n<div class=\"row mb-4\">\n<div class=\"col\">\n<div class=\"cta-box p-3\">\n<h3 class=\"dotted-border mb-2 pb-2\"><a class=\"stretched-link\" href=\"https:\/\/www.seval.ch\/fr\/standards-competences\/standards\/principes-de-portee-generale\/\">A \u2013 Principes de port\u00e9e g\u00e9n\u00e9rale<\/a><\/h3>\n<ul class=\"seval-counter a-counter list-unstyled\">\n<li>Absence de pr\u00e9jug\u00e9s vis-\u00e0-vis des r\u00e9sultats et impartialit\u00e9<\/li>\n<li>Transparence<\/li>\n<li>Prise en compte des parties prenantes et des groupes concern\u00e9s<\/li>\n<li>Approche centr\u00e9e sur l\u2019utilisation et l\u2019appropriation<\/li>\n<li>Rapport appropri\u00e9 entre co\u00fbt et utilit\u00e9<\/li>\n<li>Garantie des comp\u00e9tences requises<\/li>\n<li>Assurance-qualit\u00e9<\/li>\n<li>Conformit\u00e9 \u00e0 la loi<\/li>\n<li>Protection de la personnalit\u00e9 et confidentialit\u00e9<\/li>\n<li>Ethique<\/li>\n<li>Respect<\/li>\n<li>Loyaut\u00e9<\/li>\n<\/ul>\n<\/div>\n<\/div>\n<\/div>\n<div class=\"row\">\n<div class=\"col-md-6\">\n<div class=\"cta-box p-3\">\n<h3 class=\"dotted-border mb-2 pb-2\"><a class=\"stretched-link\" href=\"https:\/\/www.seval.ch\/fr\/standards-competences\/standards\/planification-et-realisation\/\">B \u2013 Planification et r\u00e9alisation<\/a><\/h3>\n<ul class=\"seval-counter b-counter list-unstyled\">\n<li>Clarification de l\u2019objet d\u2019\u00e9valuation, de la raison d\u2019\u00eatre, des questions de l\u2019\u00e9valuation et de l\u2019utilisation<\/li>\n<li>Prise en compte du contexte<\/li>\n<li>Respect du calendrier<\/li>\n<li>Convention d\u2019\u00e9valuation<\/li>\n<li>Concept d\u2019\u00e9valuation appropri\u00e9<\/li>\n<li>R\u00e9colte et analyse de donn\u00e9es de mani\u00e8re scientifique<\/li>\n<li>R\u00e9colte de donn\u00e9es dans une mesure appropri\u00e9e<\/li>\n<li>Fiabilit\u00e9 et validit\u00e9 de la r\u00e9colte de donn\u00e9es<\/li>\n<li>Qualit\u00e9 et pertinence des informations<\/li>\n<\/ul>\n<\/div>\n<\/div>\n<div class=\"col-md-6\">\n<div class=\"cta-box p-3\">\n<h3 class=\"dotted-border mb-2 pb-2\"><a class=\"stretched-link\" href=\"https:\/\/www.seval.ch\/fr\/standards-competences\/standards\/appreciation-et-communication-des-resultats\/\">C \u2013 Appr\u00e9ciation et communication des r\u00e9sultats<\/a><\/h3>\n<ul class=\"seval-counter c-counter list-unstyled\">\n<li>Appr\u00e9ciation compl\u00e8te et \u00e9quitable<\/li>\n<li>Appr\u00e9ciation transparente et conclusions fond\u00e9es<\/li>\n<li>Recommandations utiles<\/li>\n<li>Communication ad\u00e9quate des r\u00e9sultats<\/li>\n<li>Documentation de l\u2019\u00e9valuation<\/li>\n<li>Acc\u00e8s aux r\u00e9sultats de l\u2019\u00e9valuation<\/li>\n<\/ul>\n<\/div>\n<\/div>\n<\/div>\n<\/div>\n<\/div>\n","protected":false},"excerpt":{"rendered":"<p>Les standards d&#8217;\u00e9valuation de la Soci\u00e9t\u00e9 suisse d&#8217;\u00e9valuation SEVAL (standards SEVAL) s&#8217;adressent \u00e0 toutes les personnes qui participent \u00e0 des \u00e9valuations ou qui les influencent. Les standards sont applicables \u00e0 tous les types d&#8217;\u00e9valuation. Ils formulent des principes centraux dont le respect est essentiel pour la qualit\u00e9 des \u00e9valuations. Les explications fournissent des aides \u00e0 &hellip;<\/p>\n","protected":false},"author":1,"featured_media":0,"parent":663,"menu_order":0,"comment_status":"closed","ping_status":"closed","template":"","meta":{"_searchwp_excluded":"","advanced-sidebar-menu\/link-title":"","advanced-sidebar-menu\/exclude-page":false},"acf":[],"_links":{"self":[{"href":"https:\/\/www.seval.ch\/fr\/wp-json\/wp\/v2\/pages\/5000"}],"collection":[{"href":"https:\/\/www.seval.ch\/fr\/wp-json\/wp\/v2\/pages"}],"about":[{"href":"https:\/\/www.seval.ch\/fr\/wp-json\/wp\/v2\/types\/page"}],"author":[{"embeddable":true,"href":"https:\/\/www.seval.ch\/fr\/wp-json\/wp\/v2\/users\/1"}],"replies":[{"embeddable":true,"href":"https:\/\/www.seval.ch\/fr\/wp-json\/wp\/v2\/comments?post=5000"}],"version-history":[{"count":31,"href":"https:\/\/www.seval.ch\/fr\/wp-json\/wp\/v2\/pages\/5000\/revisions"}],"predecessor-version":[{"id":13803,"href":"https:\/\/www.seval.ch\/fr\/wp-json\/wp\/v2\/pages\/5000\/revisions\/13803"}],"up":[{"embeddable":true,"href":"https:\/\/www.seval.ch\/fr\/wp-json\/wp\/v2\/pages\/663"}],"wp:attachment":[{"href":"https:\/\/www.seval.ch\/fr\/wp-json\/wp\/v2\/media?parent=5000"}],"curies":[{"name":"wp","href":"https:\/\/api.w.org\/{rel}","templated":true}]}}