{"id":4997,"date":"2018-03-01T15:16:15","date_gmt":"2018-03-01T14:16:15","guid":{"rendered":"https:\/\/www.seval.ch\/?page_id=4997"},"modified":"2026-02-09T18:01:17","modified_gmt":"2026-02-09T17:01:17","slug":"competences","status":"publish","type":"page","link":"https:\/\/www.seval.ch\/fr\/standards-competences\/competences\/","title":{"rendered":"Comp\u00e9tences"},"content":{"rendered":"<p>Les comp\u00e9tences requises pour les personnes actives dans le domaine de l&#8217;\u00e9valuation d\u00e9finies par la SEVAL contribuent \u00e0 une reconnaissance de la profession dans le domaine et contribuent ainsi \u00e0 sa professionnalisation en Suisse. Les comp\u00e9tences sont un moyen pour promouvoir la qualit\u00e9 des \u00e9valuations.<\/p>\n<p>En compl\u00e9ment des comp\u00e9tences requises des \u00e9valuatrices et des \u00e9valuateurs, la SEVAL a \u00e9galement d\u00e9fini les comp\u00e9tences que n\u00e9cessitent les gestionnaires d&#8217;\u00e9valuation pour assurer que les \u00e9valuations s&#8217;av\u00e8rent utiles et qu&#8217;elles soient effectivement utilis\u00e9es au sein de leur organisation. Toutefois, leur r\u00f4le est souvent mal compris, sous-dot\u00e9 et sous-estim\u00e9. La SEVAL a developp\u00e9 une liste des comp\u00e9tences requises des \u00e9valuateurs dans la pratique professionnelle en Suisse. Les comp\u00e9tences requises de la SEVAL identifient les comp\u00e9tences n\u00e9cessaires aux practiciens et futurs gestionnaires d&#8217;\u00e9valuation.<\/p>\n<p>Le groupe de travail Comp\u00e9tences dans le domaine de l&#8217;\u00e9valuation<a href=\"https:\/\/www.seval.ch\/fr\/groupes-de-travail\/competence-dans-le-domaine-de-levaluation\/\">\u00a0<\/a>aborde toutes les questions li\u00e9es aux comp\u00e9tences des \u00e9valuateurs, des gestionnaires d&#8217;\u00e9valuation et de toutes les autres personnes assumant une fonction dans des projets d&#8217;\u00e9valuation.<\/p>\n<p>&nbsp;<\/p>\n","protected":false},"excerpt":{"rendered":"<p>Les comp\u00e9tences requises pour les personnes actives dans le domaine de l&#8217;\u00e9valuation d\u00e9finies par la SEVAL contribuent \u00e0 une reconnaissance de la profession dans le domaine et contribuent ainsi \u00e0 sa professionnalisation en Suisse. Les comp\u00e9tences sont un moyen pour promouvoir la qualit\u00e9 des \u00e9valuations. En compl\u00e9ment des comp\u00e9tences requises des \u00e9valuatrices et des \u00e9valuateurs, &hellip;<\/p>\n","protected":false},"author":1,"featured_media":0,"parent":663,"menu_order":0,"comment_status":"closed","ping_status":"closed","template":"","meta":{"_searchwp_excluded":"","advanced-sidebar-menu\/link-title":"","advanced-sidebar-menu\/exclude-page":false},"acf":[],"_links":{"self":[{"href":"https:\/\/www.seval.ch\/fr\/wp-json\/wp\/v2\/pages\/4997"}],"collection":[{"href":"https:\/\/www.seval.ch\/fr\/wp-json\/wp\/v2\/pages"}],"about":[{"href":"https:\/\/www.seval.ch\/fr\/wp-json\/wp\/v2\/types\/page"}],"author":[{"embeddable":true,"href":"https:\/\/www.seval.ch\/fr\/wp-json\/wp\/v2\/users\/1"}],"replies":[{"embeddable":true,"href":"https:\/\/www.seval.ch\/fr\/wp-json\/wp\/v2\/comments?post=4997"}],"version-history":[{"count":10,"href":"https:\/\/www.seval.ch\/fr\/wp-json\/wp\/v2\/pages\/4997\/revisions"}],"predecessor-version":[{"id":18724,"href":"https:\/\/www.seval.ch\/fr\/wp-json\/wp\/v2\/pages\/4997\/revisions\/18724"}],"up":[{"embeddable":true,"href":"https:\/\/www.seval.ch\/fr\/wp-json\/wp\/v2\/pages\/663"}],"wp:attachment":[{"href":"https:\/\/www.seval.ch\/fr\/wp-json\/wp\/v2\/media?parent=4997"}],"curies":[{"name":"wp","href":"https:\/\/api.w.org\/{rel}","templated":true}]}}