{"id":4978,"date":"2018-02-28T18:08:12","date_gmt":"2018-02-28T17:08:12","guid":{"rendered":"https:\/\/www.seval.ch\/?page_id=4978"},"modified":"2024-05-21T17:17:43","modified_gmt":"2024-05-21T15:17:43","slug":"evenements","status":"publish","type":"page","link":"https:\/\/www.seval.ch\/fr\/news-evenements\/evenements\/","title":{"rendered":"Ev\u00e9nements"},"content":{"rendered":"<\/p>\n<article class=\"mb-1 border-bottom pb-4\">\n<header>\n<div class=\"meta_info mb-1\">23\/09\/2026 - 25\/09\/2026 \u2013 Congr\u00e8s \u00e0 l'\u00e9tranger<\/div>\n<h3 class=\"entry-title\"><a href=\"https:\/\/www.seval.ch\/fr\/news-veranstaltungen\/veranstaltungen\/degeval-jahrestagung-2026-evaluation-und-zeit\/\">Congr\u00e8s annuel DeGEval 2026 : \u00c9valuation et temps<\/a><\/h3>\n<\/header>\n<div class=\"entry-summary\">Le congr\u00e8s annuel de la DeGEval se tiendra du 23 au 25 septembre 2026 \u00e0 la Frankfurt University of Applied Sciences et sera consacr\u00e9 au th\u00e8me \u00ab \u00c9valuation et temps \u00bb. Manifestation en allemand.<\/div>\n<\/article>\n<p><\/p>\n<article class=\"mb-1 border-bottom pb-4\">\n<header>\n<div class=\"meta_info mb-1\">27\/08\/2026 - 28\/08\/2026 \u2013 Congr\u00e8s actuel<\/div>\n<h3 class=\"entry-title\"><a href=\"https:\/\/www.seval.ch\/fr\/news-veranstaltungen\/veranstaltungen\/seval-kongress-2026\/\">Congr\u00e8s SEVAL 2026<\/a><\/h3>\n<\/header>\n<div class=\"entry-summary\">Le Congr\u00e8s SEVAL 2026 aura lieu les jeudi et vendredi 27 et 28 ao\u00fbt \u00e0 la HETS Fribourg.<\/div>\n<\/article>\n<p><\/p>\n<article class=\"mb-1 border-bottom pb-4\">\n<header>\n<div class=\"meta_info mb-1\">03\/06\/2026 - 04\/06\/2026 \u2013 Formations<\/div>\n<h3 class=\"entry-title\"><a href=\"https:\/\/www.seval.ch\/fr\/news-veranstaltungen\/veranstaltungen\/kurs-wirkungsmodelle-und-programmtheorien-in-der-evaluation\/\">Cours &quot;Mod\u00e8les d&#039;impact et th\u00e9ories de programme dans l&#039;\u00e9valuation&quot; (en allemand)<\/a><\/h3>\n<\/header>\n<div class=\"entry-summary\">Nouvelle \u00e9dition en raison de la forte demande ! Comprendre, d\u00e9velopper et utiliser de mani\u00e8re convaincante les mod\u00e8les d'impact (cours en allemand) 03.\/04.06.2026 Organisateur : D\u00e9partement \u00c9valuation, Lifelong Learning Center (LLC), Universit\u00e9 de Berne Lieu : B\u00e2timent UniS, Schanzeneckstr. 1 (pr\u00e8s de Welle\/gare de Berne) Enseignants :\u00a0Dr Stefanie Krapp, responsable\u2026<\/div>\n<\/article>\n<p><\/p>\n<article class=\"mb-1 border-bottom pb-4\">\n<header>\n<div class=\"meta_info mb-1\">28\/04\/2026 \u2013 <\/div>\n<h3 class=\"entry-title\"><a href=\"https:\/\/www.seval.ch\/fr\/news-veranstaltungen\/veranstaltungen\/swissjee-praxislabor\/\">SwissJEE Praxislabor<\/a><\/h3>\n<\/header>\n<div class=\"entry-summary\">Le 28 avril 2026 \u00e0 17h15, le groupe de travail SwissJEE invite les jeunes \u00e9valuateurs*trices \u00e0 sa prochaine r\u00e9union.<\/div>\n<\/article>\n<p>\n","protected":false},"excerpt":{"rendered":"","protected":false},"author":1,"featured_media":0,"parent":81,"menu_order":0,"comment_status":"closed","ping_status":"closed","template":"views\/template-events.blade.php","meta":{"_searchwp_excluded":"","advanced-sidebar-menu\/link-title":"","advanced-sidebar-menu\/exclude-page":false},"acf":[],"_links":{"self":[{"href":"https:\/\/www.seval.ch\/fr\/wp-json\/wp\/v2\/pages\/4978"}],"collection":[{"href":"https:\/\/www.seval.ch\/fr\/wp-json\/wp\/v2\/pages"}],"about":[{"href":"https:\/\/www.seval.ch\/fr\/wp-json\/wp\/v2\/types\/page"}],"author":[{"embeddable":true,"href":"https:\/\/www.seval.ch\/fr\/wp-json\/wp\/v2\/users\/1"}],"replies":[{"embeddable":true,"href":"https:\/\/www.seval.ch\/fr\/wp-json\/wp\/v2\/comments?post=4978"}],"version-history":[{"count":2,"href":"https:\/\/www.seval.ch\/fr\/wp-json\/wp\/v2\/pages\/4978\/revisions"}],"predecessor-version":[{"id":16084,"href":"https:\/\/www.seval.ch\/fr\/wp-json\/wp\/v2\/pages\/4978\/revisions\/16084"}],"up":[{"embeddable":true,"href":"https:\/\/www.seval.ch\/fr\/wp-json\/wp\/v2\/pages\/81"}],"wp:attachment":[{"href":"https:\/\/www.seval.ch\/fr\/wp-json\/wp\/v2\/media?parent=4978"}],"curies":[{"name":"wp","href":"https:\/\/api.w.org\/{rel}","templated":true}]}}