{"id":17772,"date":"2025-06-16T16:59:32","date_gmt":"2025-06-16T14:59:32","guid":{"rendered":"https:\/\/www.seval.ch\/?page_id=17772"},"modified":"2025-12-20T17:31:15","modified_gmt":"2025-12-20T16:31:15","slug":"intelligence-artificielle","status":"publish","type":"page","link":"https:\/\/www.seval.ch\/fr\/groupes-de-travail\/intelligence-artificielle\/","title":{"rendered":"Intelligence artificielle"},"content":{"rendered":"<p>Le groupe de travail SEVAL IA s\u2019int\u00e9resse aux impacts et aux possibilit\u00e9s d\u2019application de l\u2019intelligence artificielle (IA) dans le domaine de l\u2019\u00e9valuation. Face \u00e0 l\u2019\u00e9volution rapide de l\u2019IA, le groupe s\u2019efforce de r\u00e9agir avec agilit\u00e9 aux nouvelles tendances et aux besoins \u00e9mergents, en traitant rapidement les sujets pertinents.<\/p>\n<p>Le groupe de travail se concentre sur les axes suivants :<\/p>\n<ul>\n<li>Identification et analyse des tendances actuelles en mati\u00e8re d\u2019IA ayant une pertinence pour l\u2019\u00e9valuation<\/li>\n<li>D\u00e9veloppement de m\u00e9thodes et d\u2019outils pour \u00e9valuer les applications de l\u2019IA<\/li>\n<li>\u00c9laboration de recommandations pour l\u2019utilisation de l\u2019IA dans la pratique de l\u2019\u00e9valuation<\/li>\n<li>Promotion des \u00e9changes de connaissances et du r\u00e9seautage entre expert\u00b7e\u00b7s dans les domaines de l\u2019IA et de l\u2019\u00e9valuation.<\/li>\n<\/ul>\n","protected":false},"excerpt":{"rendered":"<p>Le groupe de travail SEVAL IA s\u2019int\u00e9resse aux impacts et aux possibilit\u00e9s d\u2019application de l\u2019intelligence artificielle (IA) dans le domaine de l\u2019\u00e9valuation. Face \u00e0 l\u2019\u00e9volution rapide de l\u2019IA, le groupe s\u2019efforce de r\u00e9agir avec agilit\u00e9 aux nouvelles tendances et aux besoins \u00e9mergents, en traitant rapidement les sujets pertinents. Le groupe de travail se concentre sur &hellip;<\/p>\n","protected":false},"author":1,"featured_media":0,"parent":613,"menu_order":0,"comment_status":"closed","ping_status":"closed","template":"","meta":{"_searchwp_excluded":"","advanced-sidebar-menu\/link-title":"","advanced-sidebar-menu\/exclude-page":false},"acf":[],"_links":{"self":[{"href":"https:\/\/www.seval.ch\/fr\/wp-json\/wp\/v2\/pages\/17772"}],"collection":[{"href":"https:\/\/www.seval.ch\/fr\/wp-json\/wp\/v2\/pages"}],"about":[{"href":"https:\/\/www.seval.ch\/fr\/wp-json\/wp\/v2\/types\/page"}],"author":[{"embeddable":true,"href":"https:\/\/www.seval.ch\/fr\/wp-json\/wp\/v2\/users\/1"}],"replies":[{"embeddable":true,"href":"https:\/\/www.seval.ch\/fr\/wp-json\/wp\/v2\/comments?post=17772"}],"version-history":[{"count":7,"href":"https:\/\/www.seval.ch\/fr\/wp-json\/wp\/v2\/pages\/17772\/revisions"}],"predecessor-version":[{"id":18578,"href":"https:\/\/www.seval.ch\/fr\/wp-json\/wp\/v2\/pages\/17772\/revisions\/18578"}],"up":[{"embeddable":true,"href":"https:\/\/www.seval.ch\/fr\/wp-json\/wp\/v2\/pages\/613"}],"wp:attachment":[{"href":"https:\/\/www.seval.ch\/fr\/wp-json\/wp\/v2\/media?parent=17772"}],"curies":[{"name":"wp","href":"https:\/\/api.w.org\/{rel}","templated":true}]}}