{"id":14989,"date":"2023-08-30T16:25:15","date_gmt":"2023-08-30T14:25:15","guid":{"rendered":"https:\/\/www.seval.ch\/?page_id=14989"},"modified":"2025-11-21T18:06:51","modified_gmt":"2025-11-21T17:06:51","slug":"bourse","status":"publish","type":"page","link":"https:\/\/www.seval.ch\/fr\/bourse-prix-seval\/bourse\/","title":{"rendered":"Bourse"},"content":{"rendered":"<h2><strong>Bourse d&#8217;encouragement de la rel\u00e8ve dans le domaine de l&#8217;\u00e9valuation<\/strong><\/h2>\n<p>La SEVAL veut encourager les jeunes professionnels en Suisse qui souhaitent prendre pied dans le domaine de l&#8217;\u00e9valuation. C&#8217;est pourquoi elle attribue chaque ann\u00e9e des bourses d&#8217;encouragement \u00e0 la rel\u00e8ve. Il existe deux types de bourses.<\/p>\n<h4 data-start=\"37\" data-end=\"180\"><strong data-start=\"37\" data-end=\"48\">Stage<\/strong><\/h4>\n<p data-start=\"37\" data-end=\"180\">Cofinancement d\u2019un poste de stage (non encore garanti) avec un lien fort \u00e0 l\u2019\u00e9valuation, pour un montant total de 4\u2019500 francs.<\/p>\n<h4 data-start=\"182\" data-end=\"382\">CAS<\/h4>\n<p data-start=\"182\" data-end=\"382\">R\u00e9duction de 50% des frais d\u2019\u00e9tudes d\u2019un CAS en \u00e9valuation, rendue possible gr\u00e2ce au g\u00e9n\u00e9reux soutien de l\u2019Universit\u00e9 de Berne ou de l\u2019IDHEAP :<\/p>\n<div>\n<ul>\n<li><strong>Bourse CAS SEVAL &amp; Universit\u00e9 de Berne <\/strong>pour la rel\u00e8ve en \u00e9valuation<strong> :<\/strong><span class=\"apple-converted-space\">\u00a0<\/span>CAS en \u00e9valuation au Lifelong Learning Center de l\u2019Universit\u00e9 de Berne (prochaine \u00e9dition pr\u00e9vue en 2027)<\/li>\n<\/ul>\n<p><img decoding=\"async\" loading=\"lazy\" class=\"alignnone size-medium wp-image-18056\" src=\"https:\/\/www.seval.ch\/app\/uploads\/2025\/10\/Vierfarbendruck_Unibe_Logo_cmyk_201807-300x245.jpg\" alt=\"\" width=\"300\" height=\"245\" srcset=\"https:\/\/www.seval.ch\/app\/uploads\/2025\/10\/Vierfarbendruck_Unibe_Logo_cmyk_201807-300x245.jpg 300w, https:\/\/www.seval.ch\/app\/uploads\/2025\/10\/Vierfarbendruck_Unibe_Logo_cmyk_201807-768x626.jpg 768w, https:\/\/www.seval.ch\/app\/uploads\/2025\/10\/Vierfarbendruck_Unibe_Logo_cmyk_201807.jpg 889w\" sizes=\"(max-width: 300px) 100vw, 300px\" \/><img decoding=\"async\" loading=\"lazy\" class=\"alignnone size-medium wp-image-18054\" src=\"https:\/\/www.seval.ch\/app\/uploads\/2025\/10\/lifelonglearningcenter_unibe_neg_rgb-300x125.png\" alt=\"\" width=\"300\" height=\"125\" srcset=\"https:\/\/www.seval.ch\/app\/uploads\/2025\/10\/lifelonglearningcenter_unibe_neg_rgb-300x125.png 300w, https:\/\/www.seval.ch\/app\/uploads\/2025\/10\/lifelonglearningcenter_unibe_neg_rgb-1024x428.png 1024w, https:\/\/www.seval.ch\/app\/uploads\/2025\/10\/lifelonglearningcenter_unibe_neg_rgb-768x321.png 768w, https:\/\/www.seval.ch\/app\/uploads\/2025\/10\/lifelonglearningcenter_unibe_neg_rgb-1536x641.png 1536w, https:\/\/www.seval.ch\/app\/uploads\/2025\/10\/lifelonglearningcenter_unibe_neg_rgb-2048x855.png 2048w, https:\/\/www.seval.ch\/app\/uploads\/2025\/10\/lifelonglearningcenter_unibe_neg_rgb-1320x551.png 1320w\" sizes=\"(max-width: 300px) 100vw, 300px\" \/><\/p>\n<ul>\n<li><strong style=\"font-size: 1.1rem;\" data-start=\"244\" data-end=\"304\">Bourse CAS SEVAL &amp; IDHEAP <\/strong>pour la rel\u00e8ve en \u00e9valuation <strong style=\"font-size: 1.1rem;\" data-start=\"244\" data-end=\"304\">:<\/strong><span class=\"apple-converted-space\" style=\"font-size: 1.1rem;\">\u00a0<\/span><span style=\"font-size: 1.1rem;\">CAS en \u00e9valuation des politiques publiques \u00e0 l\u2019IDHEAP de l\u2019Universit\u00e9 de Lausanne (prochaine \u00e9dition en 2026)<\/span><\/li>\n<\/ul>\n<\/div>\n<p><img decoding=\"async\" loading=\"lazy\" class=\"alignnone size-full wp-image-18053\" src=\"https:\/\/www.seval.ch\/app\/uploads\/2025\/10\/IDHEAP_Logo.png\" alt=\"\" width=\"260\" height=\"160\" \/><\/p>\n<p>Les candidat\u00b7e\u00b7s peuvent postuler pour l&#8217;une des deux bourses ou pour les deux.<\/p>\n<h6><strong>L\u2019appel \u00e0 candidature est ferm\u00e9.\u00a0<\/strong><\/h6>\n<p>Les documents de candidature suivants doivent \u00eatre remis par voie \u00e9lectronique \u00e0 <a href=\"m&#97;&#x69;&#x6c;&#x74;o&#58;&#115;&#x65;&#x63;r&#101;&#116;&#x61;&#x72;ia&#116;&#x40;&#x73;&#x65;v&#97;&#x6c;&#x2e;&#x63;h\">sec&#114;&#101;&#116;&#97;&#x72;&#x69;&#x61;&#x74;&#x40;&#x73;&#x65;val&#46;&#99;&#104;<\/a> :<\/p>\n<ul>\n<li>Formulaire de candidature \u00e0 la bourse SEVAL (fiche d&#8217;information)<\/li>\n<li>Lettre de motivation<\/li>\n<li>CV<\/li>\n<li>Certificats de formation, de formation continue et de travail<\/li>\n<li>R\u00e9f\u00e9rences (facultatif)<\/li>\n<\/ul>\n<p>Dans le cas de la bourse de stage, la SEVAL soutient les laur\u00e9at\u00b7e\u00b7s dans la recherche d\u2019un poste aupr\u00e8s d\u2019un employeur.<\/p>\n<p>Toute personne r\u00e9pondant aux crit\u00e8res suivants peut se porter candidate :<\/p>\n<ul>\n<li>\u00c2ge : moins de 35 ans<\/li>\n<li>Formation de base : Dipl\u00f4me universitaire ou formation \u00e9quivalente<\/li>\n<li>Activit\u00e9 envisag\u00e9e dans le domaine de l&#8217;\u00e9valuation : concevoir, r\u00e9aliser, diriger, mandater, accompagner, contr\u00f4ler des \u00e9valuations ou \u00eatre responsable de la gestion d&#8217;\u00e9valuations.<\/li>\n<li>En cas de candidature pour une bourse CAS : remplir les conditions d&#8217;admission des partenaires acad\u00e9miques pour le CAS.<\/li>\n<\/ul>\n<p>Les crit\u00e8res d&#8217;\u00e9valuation sont fix\u00e9s dans le r\u00e8glement.<\/p>\n<p>La SEVAL soutient tous les candidats et toutes les candidates, ind\u00e9pendamment du succ\u00e8s de leur candidature, en leur donnant des conseils et des recommandations pour d\u00e9buter dans le domaine de l\u2019\u00e9valuation, en les mettant en contact avec un mentor exp\u00e9riment\u00e9 en \u00e9valuation et en leur offrant l\u2019affiliation \u00e0 la SEVAL pour une ann\u00e9e.<\/p>\n<p>Le jury de la bourse est compos\u00e9 des personnes suivantes :<\/p>\n<ul>\n<li>Philipp Zogg, PrivatePublicConsulting (pr\u00e9sident du jury)<\/li>\n<li>Corina Tamara Ulsh\u00f6fer, Promotion Sant\u00e9 Suisse<\/li>\n<li>Julia Rickenbacher, Stanford University<\/li>\n<\/ul>\n","protected":false},"excerpt":{"rendered":"<p>Bourse d&#8217;encouragement de la rel\u00e8ve dans le domaine de l&#8217;\u00e9valuation La SEVAL veut encourager les jeunes professionnels en Suisse qui souhaitent prendre pied dans le domaine de l&#8217;\u00e9valuation. C&#8217;est pourquoi elle attribue chaque ann\u00e9e des bourses d&#8217;encouragement \u00e0 la rel\u00e8ve. Il existe deux types de bourses. Stage Cofinancement d\u2019un poste de stage (non encore garanti) &hellip;<\/p>\n","protected":false},"author":1,"featured_media":0,"parent":618,"menu_order":0,"comment_status":"closed","ping_status":"closed","template":"","meta":{"_searchwp_excluded":"","advanced-sidebar-menu\/link-title":"","advanced-sidebar-menu\/exclude-page":false},"acf":[],"_links":{"self":[{"href":"https:\/\/www.seval.ch\/fr\/wp-json\/wp\/v2\/pages\/14989"}],"collection":[{"href":"https:\/\/www.seval.ch\/fr\/wp-json\/wp\/v2\/pages"}],"about":[{"href":"https:\/\/www.seval.ch\/fr\/wp-json\/wp\/v2\/types\/page"}],"author":[{"embeddable":true,"href":"https:\/\/www.seval.ch\/fr\/wp-json\/wp\/v2\/users\/1"}],"replies":[{"embeddable":true,"href":"https:\/\/www.seval.ch\/fr\/wp-json\/wp\/v2\/comments?post=14989"}],"version-history":[{"count":23,"href":"https:\/\/www.seval.ch\/fr\/wp-json\/wp\/v2\/pages\/14989\/revisions"}],"predecessor-version":[{"id":18430,"href":"https:\/\/www.seval.ch\/fr\/wp-json\/wp\/v2\/pages\/14989\/revisions\/18430"}],"up":[{"embeddable":true,"href":"https:\/\/www.seval.ch\/fr\/wp-json\/wp\/v2\/pages\/618"}],"wp:attachment":[{"href":"https:\/\/www.seval.ch\/fr\/wp-json\/wp\/v2\/media?parent=14989"}],"curies":[{"name":"wp","href":"https:\/\/api.w.org\/{rel}","templated":true}]}}