{"id":13435,"date":"2022-08-17T12:30:51","date_gmt":"2022-08-17T10:30:51","guid":{"rendered":"https:\/\/www.seval.ch\/?page_id=13435"},"modified":"2022-08-17T14:10:57","modified_gmt":"2022-08-17T12:10:57","slug":"materiel-daccompagnement","status":"publish","type":"page","link":"https:\/\/www.seval.ch\/fr\/standards-competences\/standards\/materiel-daccompagnement\/","title":{"rendered":"Mat\u00e9riel d\u2019accompagnement"},"content":{"rendered":"<p>Afin de soutenir au mieux l&#8217;utilisation des standards SEVAL, du mat\u00e9riel d&#8217;accompagnement a \u00e9t\u00e9 con\u00e7u. Ce mat\u00e9riel est disponible gratuitement et peut \u00eatre t\u00e9l\u00e9charg\u00e9 ou command\u00e9 ici.<\/p>\n<p>Les standards SEVAL peuvent \u00eatre t\u00e9l\u00e9charg\u00e9s au <a href=\"https:\/\/www.seval.ch\/app\/uploads\/2020\/12\/Standards-SEVAL-2016_f.pdf\" target=\"_blank\" rel=\"noopener\">format PDF<\/a> ou sous forme de <a href=\"https:\/\/www.seval.ch\/app\/uploads\/2022\/08\/seval_flyer-Standards_fr.pdf\" target=\"\" rel=\"noopener\">flyer<\/a>.<\/p>\n<p>Les <a href=\"https:\/\/www.seval.ch\/app\/uploads\/2020\/12\/Standards-SEVAL_2016-Explications.pdf\" target=\"_blank\" rel=\"noopener\">explications<\/a> servent de commentaire et d&#8217;aide \u00e0 l&#8217;interpr\u00e9tation des Standards SEVAL. Elles expliquent le but et le contenu des diff\u00e9rents standards ainsi que les termes et concepts utilis\u00e9s. Les explications offrent en outre une aide et un soutien orient\u00e9s vers la pratique pour l&#8217;application des standards.<\/p>\n<p>Vous avez besoin du d\u00e9pliant \u00e0 des fins de communication ? Dans ce cas, veuillez passer votre commande aupr\u00e8s de <a href=\"&#x6d;&#97;i&#x6c;&#116;o&#x3a;&#115;e&#x63;&#114;e&#x74;&#97;r&#x69;&#x61;t&#x40;&#x73;&#101;&#x76;&#x61;&#108;&#x2e;&#x63;&#104;\">se&#99;&#114;&#101;&#116;&#x61;&#x72;&#x69;&#x61;&#x74;&#64;s&#101;&#118;&#97;&#108;&#x2e;&#x63;&#x68;<\/a>.<\/p>\n","protected":false},"excerpt":{"rendered":"<p>Afin de soutenir au mieux l&#8217;utilisation des standards SEVAL, du mat\u00e9riel d&#8217;accompagnement a \u00e9t\u00e9 con\u00e7u. Ce mat\u00e9riel est disponible gratuitement et peut \u00eatre t\u00e9l\u00e9charg\u00e9 ou command\u00e9 ici. Les standards SEVAL peuvent \u00eatre t\u00e9l\u00e9charg\u00e9s au format PDF ou sous forme de flyer. Les explications servent de commentaire et d&#8217;aide \u00e0 l&#8217;interpr\u00e9tation des Standards SEVAL. Elles expliquent &hellip;<\/p>\n","protected":false},"author":1,"featured_media":0,"parent":5000,"menu_order":0,"comment_status":"closed","ping_status":"closed","template":"","meta":{"_searchwp_excluded":"","advanced-sidebar-menu\/link-title":"","advanced-sidebar-menu\/exclude-page":false},"acf":[],"_links":{"self":[{"href":"https:\/\/www.seval.ch\/fr\/wp-json\/wp\/v2\/pages\/13435"}],"collection":[{"href":"https:\/\/www.seval.ch\/fr\/wp-json\/wp\/v2\/pages"}],"about":[{"href":"https:\/\/www.seval.ch\/fr\/wp-json\/wp\/v2\/types\/page"}],"author":[{"embeddable":true,"href":"https:\/\/www.seval.ch\/fr\/wp-json\/wp\/v2\/users\/1"}],"replies":[{"embeddable":true,"href":"https:\/\/www.seval.ch\/fr\/wp-json\/wp\/v2\/comments?post=13435"}],"version-history":[{"count":6,"href":"https:\/\/www.seval.ch\/fr\/wp-json\/wp\/v2\/pages\/13435\/revisions"}],"predecessor-version":[{"id":13483,"href":"https:\/\/www.seval.ch\/fr\/wp-json\/wp\/v2\/pages\/13435\/revisions\/13483"}],"up":[{"embeddable":true,"href":"https:\/\/www.seval.ch\/fr\/wp-json\/wp\/v2\/pages\/5000"}],"wp:attachment":[{"href":"https:\/\/www.seval.ch\/fr\/wp-json\/wp\/v2\/media?parent=13435"}],"curies":[{"name":"wp","href":"https:\/\/api.w.org\/{rel}","templated":true}]}}