{"id":13428,"date":"2022-08-17T12:22:09","date_gmt":"2022-08-17T10:22:09","guid":{"rendered":"https:\/\/www.seval.ch\/?page_id=13428"},"modified":"2022-09-21T10:50:45","modified_gmt":"2022-09-21T08:50:45","slug":"planification-et-realisation","status":"publish","type":"page","link":"https:\/\/www.seval.ch\/fr\/standards-competences\/standards\/planification-et-realisation\/","title":{"rendered":"Planification et r\u00e9alisation"},"content":{"rendered":"<p><strong>B1 Clarification de l\u2019objet d\u2019\u00e9valuation, de la raison d\u2019\u00eatre, des questions de <\/strong><strong>l\u2019\u00e9valuation et de l\u2019utilisation<\/strong><br \/>\nL\u2019objet d\u2019\u00e9valuation, la raison d\u2019\u00eatre et les questions de l\u2019\u00e9valuation ainsi que l\u2018utilisation pr\u00e9vue de celle-ci sont d\u00e9termin\u00e9s de fa\u00e7on claire pour toutes les parties prenantes.<\/p>\n<p><strong>B2 Prise en compte du contexte<\/strong><br \/>\nL\u2019incidence du contexte sur l\u2018objet d\u2018\u00e9valuation est identifi\u00e9e et prise en compte.<\/p>\n<p><strong>B3 Respect du calendrier<\/strong><br \/>\nUne \u00e9valuation est planifi\u00e9e et r\u00e9alis\u00e9e de mani\u00e8re \u00e0 ce que ses r\u00e9sultats soient disponibles \u00e0 temps pour l\u2019utilisation pr\u00e9vue.<\/p>\n<p><strong>B4 Convention d\u2019\u00e9valuation<\/strong><br \/>\nAussi t\u00f4t que possible, les mandants et les \u00e9valuateurs se mettent d\u2019accord sur les \u00e9l\u00e9ments essentiels d\u2019une \u00e9valuation et concluent une convention \u00e9crite et contraignante. Celle-ci d\u00e9finit notamment la raison d\u2019\u00eatre, les questions et la m\u00e9thodologie de l\u2018\u00e9valuation, les obligations et les droits des parties prenantes, les ressources disponibles pour l\u2019\u00e9valuation, les d\u00e9lais pour l\u2019obtention de certains r\u00e9sultats interm\u00e9diaires et la pr\u00e9sentation du rapport, ainsi que la mise \u00e0 disposition et la communication des r\u00e9sultats de l\u2019\u00e9valuation.<\/p>\n<p><strong>B5 Concept d\u2019\u00e9valuation appropri\u00e9<\/strong><br \/>\nLe concept d\u2019une \u00e9valuation s\u2019oriente sur l\u2019objet d\u2019\u00e9valuation, la raison d\u2019\u00eatre et les questions de l\u2019\u00e9valuation et, si n\u00e9cessaire, sur une mod\u00e9lisation de l\u2019objet d\u2019\u00e9valuation. L\u2019approche de l\u2019\u00e9valuation, les crit\u00e8res d\u2019appr\u00e9ciation, les m\u00e9thodes de r\u00e9colte des donn\u00e9es et le processus sont con\u00e7us de telle mani\u00e8re que l\u2019objectif de l\u2019\u00e9valuation puisse \u00eatre atteint dans les meilleures conditions avec les ressources disponibles et que les r\u00e9sultats soient les plus utiles possible.<\/p>\n<p><strong>B6 R\u00e9colte et analyse de donn\u00e9es de mani\u00e8re scientifique<\/strong><br \/>\nLe choix des sources de donn\u00e9es ainsi que des m\u00e9thodes de collecte et d\u2018analyse est r\u00e9alis\u00e9 en coh\u00e9rence avec les questions de l\u2019\u00e9valuation et le besoin d\u2019information qui en d\u00e9coulent, ainsi qu\u2019en fonction de l\u2019\u00e9tat des donn\u00e9es. Les exigences inh\u00e9rentes \u00e0 la recherche et \u00e0 la d\u00e9ontologie, ainsi que les bonnes pratiques des disciplines scientifiques correspondantes sont respect\u00e9es pour la r\u00e9colte et l\u2019analyse des donn\u00e9es.<\/p>\n<p><strong>B7 R\u00e9colte de donn\u00e9es dans une mesure appropri\u00e9e<\/strong><br \/>\nLa s\u00e9lection et l\u2019\u00e9tendue des donn\u00e9es \u00e0 collecter et \u00e0 analyser doivent \u00eatre adapt\u00e9es \u00e0 ce qui est n\u00e9cessaire pour atteindre l\u2018objectif de l\u2018\u00e9valuation. On veillera \u00e0 ce que la collecte des donn\u00e9es affecte le moins possible l\u2019objet d\u2019\u00e9valuation.<\/p>\n<p><strong>B8 Fiabilit\u00e9 et validit\u00e9 de la r\u00e9colte de donn\u00e9es<\/strong><br \/>\nLes sources de donn\u00e9es ainsi que les m\u00e9thodes de collecte et d\u2019analyse des donn\u00e9es sont utilis\u00e9es de mani\u00e8re \u00e0 assurer la fiabilit\u00e9 et la validit\u00e9 des r\u00e9sultats et des interpr\u00e9tations r\u00e9alis\u00e9es, en ad\u00e9quation avec l\u2019objectif de l\u2019\u00e9valuation.<\/p>\n<p><strong>B9 Qualit\u00e9 et pertinence des informations<\/strong><br \/>\nLa qualit\u00e9 de la m\u00e9thodologie et la pr\u00e9sence d\u2019erreurs et de limitations concernant les donn\u00e9es et les informations recueillies, trait\u00e9es et pr\u00e9sent\u00e9es lors d\u2019une \u00e9valuation sont syst\u00e9matiquement contr\u00f4l\u00e9es.<\/p>\n","protected":false},"excerpt":{"rendered":"<p>B1 Clarification de l\u2019objet d\u2019\u00e9valuation, de la raison d\u2019\u00eatre, des questions de l\u2019\u00e9valuation et de l\u2019utilisation L\u2019objet d\u2019\u00e9valuation, la raison d\u2019\u00eatre et les questions de l\u2019\u00e9valuation ainsi que l\u2018utilisation pr\u00e9vue de celle-ci sont d\u00e9termin\u00e9s de fa\u00e7on claire pour toutes les parties prenantes. B2 Prise en compte du contexte L\u2019incidence du contexte sur l\u2018objet d\u2018\u00e9valuation est &hellip;<\/p>\n","protected":false},"author":1,"featured_media":0,"parent":5000,"menu_order":0,"comment_status":"closed","ping_status":"closed","template":"","meta":{"_searchwp_excluded":"","advanced-sidebar-menu\/link-title":"","advanced-sidebar-menu\/exclude-page":false},"acf":[],"_links":{"self":[{"href":"https:\/\/www.seval.ch\/fr\/wp-json\/wp\/v2\/pages\/13428"}],"collection":[{"href":"https:\/\/www.seval.ch\/fr\/wp-json\/wp\/v2\/pages"}],"about":[{"href":"https:\/\/www.seval.ch\/fr\/wp-json\/wp\/v2\/types\/page"}],"author":[{"embeddable":true,"href":"https:\/\/www.seval.ch\/fr\/wp-json\/wp\/v2\/users\/1"}],"replies":[{"embeddable":true,"href":"https:\/\/www.seval.ch\/fr\/wp-json\/wp\/v2\/comments?post=13428"}],"version-history":[{"count":2,"href":"https:\/\/www.seval.ch\/fr\/wp-json\/wp\/v2\/pages\/13428\/revisions"}],"predecessor-version":[{"id":13787,"href":"https:\/\/www.seval.ch\/fr\/wp-json\/wp\/v2\/pages\/13428\/revisions\/13787"}],"up":[{"embeddable":true,"href":"https:\/\/www.seval.ch\/fr\/wp-json\/wp\/v2\/pages\/5000"}],"wp:attachment":[{"href":"https:\/\/www.seval.ch\/fr\/wp-json\/wp\/v2\/media?parent=13428"}],"curies":[{"name":"wp","href":"https:\/\/api.w.org\/{rel}","templated":true}]}}