{"id":13425,"date":"2022-08-17T12:20:16","date_gmt":"2022-08-17T10:20:16","guid":{"rendered":"https:\/\/www.seval.ch\/?page_id=13425"},"modified":"2022-09-21T10:48:25","modified_gmt":"2022-09-21T08:48:25","slug":"definitions-et-concepts","status":"publish","type":"page","link":"https:\/\/www.seval.ch\/fr\/standards-competences\/standards\/definitions-et-concepts\/","title":{"rendered":"D\u00e9finitions et concepts"},"content":{"rendered":"<h2>Evaluation<\/h2>\n<p>Les standards SEVAL se basent sur la conception suivante de l\u2019\u00e9valuation : <strong>une \u00e9valuation est une analyse et une appr\u00e9ciation syst\u00e9matique et transparente de la conception, de la mise en \u0153uvre et\/ou des effets d\u2019un objet d\u2019\u00e9valuation<\/strong>. Les \u00e9valuations sont des prestations scientifiques et utilisent des m\u00e9thodes scientifiques. Une politique publique, une norme juridique, une planification, un programme, un projet, une mesure, une prestation, une organisation, un processus, une manifestation, une technologie ou un mat\u00e9riel constituent, par exemple, des objets d\u2018\u00e9valuation communs. Une \u00e9valuation peut \u00eatre r\u00e9alis\u00e9e ex ante, de mani\u00e8re concomitante ou ex-post. Les \u00e9valuations peuvent viser \u00e0 acqu\u00e9rir des connaissances, rendre des comptes, \u00e9laborer des d\u00e9cisions, am\u00e9liorer et piloter l\u2019objet d\u2019\u00e9valuation ou encore favoriser un processus d\u2018apprentissage pour les parties prenantes et les groupes concern\u00e9s. Le terme<br \/>\n\u00ab \u00e9valuation \u00bb d\u00e9signe tant le processus que le produit.<\/p>\n<h2>Normes de qualit\u00e9<\/h2>\n<p>La qualit\u00e9 d\u2019une \u00e9valuation est jug\u00e9e sur la base des principes normatifs suivants. Ceux-ci constituent des r\u00e9f\u00e9rences pour toutes les phases d\u2018une \u00e9valuation et toutes les activit\u00e9s y relatives. Id\u00e9alement, une \u00e9valuation respecte toutes les normes de qualit\u00e9 \u00e9nonc\u00e9es ci-dessous :<\/p>\n<ul>\n<li><strong>Utilit\u00e9:<\/strong> L\u2019\u00e9valuation r\u00e9pond aux objectifs de l\u2018\u00e9valuation et aux besoins d\u2019information des utilisateurs identifi\u00e9s. Les \u00e9valuations doivent \u00eatre informatives, \u00eatre d\u00e9livr\u00e9es de mani\u00e8re conforme au calendrier et avoir des effets. Les \u00e9valuatrices et \u00e9valuateurs doivent conna\u00eetre les destinataires de l\u2018\u00e9valuation et leurs besoins, planifier et r\u00e9aliser l\u2019\u00e9valuation en cons\u00e9quence et informer de mani\u00e8re adapt\u00e9e sur les r\u00e9sultats obtenus.<\/li>\n<li><strong>Faisabilit\u00e9:<\/strong> L\u2019\u00e9valuation doit \u00eatre con\u00e7ue et r\u00e9alis\u00e9e de mani\u00e8re adapt\u00e9e aux conditions existantes, \u00eatre m\u00fbrement r\u00e9fl\u00e9chie et prendre en consid\u00e9ration les co\u00fbts. Parall\u00e8lement, il faut veiller \u00e0 la meilleure acceptation possible par les diff\u00e9rentes parties prenantes et groupes concern\u00e9s. En r\u00e8gle g\u00e9n\u00e9rale, les \u00e9valuations sont effectu\u00e9es en incluant un grand nombre de personnes et impliquent des charges financi\u00e8res pour toutes les parties. Les \u00e9valuations doivent mobiliser uniquement les ressources, le mat\u00e9riel, les personnes, le temps et le financement n\u00e9cessaires \u00e0 l\u2019atteinte de l\u2019objectif fix\u00e9.<\/li>\n<li><strong>D\u00e9ontologie:<\/strong> L\u2019\u00e9valuation doit \u00eatre ex\u00e9cut\u00e9e correctement du point de vue juridique et \u00e9thique, de m\u00eame qu\u2019avec respect et impartialit\u00e9. Les \u00e9valuations sont des processus qui touchent les personnes et les organisations de diverses mani\u00e8res et peuvent, le cas \u00e9ch\u00e9ant, porter atteinte \u00e0 l\u2019une ou l\u2019autre des parties. La d\u00e9ontologie exige que les droits des personnes concern\u00e9es soient prot\u00e9g\u00e9s, que les parties prenantes et groupes concern\u00e9s soient trait\u00e9s avec respect et que les \u00e9valuations soient r\u00e9alis\u00e9es en tenant compte de mani\u00e8re appropri\u00e9e des aspects \u00e9thiques et juridiques y relatifs. La d\u00e9ontologie requiert l\u2019adoption d\u2019une attitude neutre et impartiale de la part des \u00e9valuatrices et \u00e9valuateurs, de m\u00eame que le respect des int\u00e9r\u00eats l\u00e9gitimes des parties prenantes et groupes concern\u00e9s.<\/li>\n<li><strong>Pr\u00e9cision:<\/strong> L\u2019\u00e9valuation doit fournir et transmettre des informations valides et utilisables. Celles-ci doivent \u00eatre produites d\u2019une mani\u00e8re correcte sur le plan m\u00e9thodologique. Les jugements d\u00e9livr\u00e9s doivent \u00eatre articul\u00e9s de mani\u00e8re logique et compr\u00e9hensible par rapport aux informations collect\u00e9es.<\/li>\n<\/ul>\n","protected":false},"excerpt":{"rendered":"<p>Evaluation Les standards SEVAL se basent sur la conception suivante de l\u2019\u00e9valuation : une \u00e9valuation est une analyse et une appr\u00e9ciation syst\u00e9matique et transparente de la conception, de la mise en \u0153uvre et\/ou des effets d\u2019un objet d\u2019\u00e9valuation. Les \u00e9valuations sont des prestations scientifiques et utilisent des m\u00e9thodes scientifiques. Une politique publique, une norme juridique, &hellip;<\/p>\n","protected":false},"author":1,"featured_media":0,"parent":5000,"menu_order":0,"comment_status":"closed","ping_status":"closed","template":"","meta":{"_searchwp_excluded":"","advanced-sidebar-menu\/link-title":"","advanced-sidebar-menu\/exclude-page":false},"acf":[],"_links":{"self":[{"href":"https:\/\/www.seval.ch\/fr\/wp-json\/wp\/v2\/pages\/13425"}],"collection":[{"href":"https:\/\/www.seval.ch\/fr\/wp-json\/wp\/v2\/pages"}],"about":[{"href":"https:\/\/www.seval.ch\/fr\/wp-json\/wp\/v2\/types\/page"}],"author":[{"embeddable":true,"href":"https:\/\/www.seval.ch\/fr\/wp-json\/wp\/v2\/users\/1"}],"replies":[{"embeddable":true,"href":"https:\/\/www.seval.ch\/fr\/wp-json\/wp\/v2\/comments?post=13425"}],"version-history":[{"count":2,"href":"https:\/\/www.seval.ch\/fr\/wp-json\/wp\/v2\/pages\/13425\/revisions"}],"predecessor-version":[{"id":13785,"href":"https:\/\/www.seval.ch\/fr\/wp-json\/wp\/v2\/pages\/13425\/revisions\/13785"}],"up":[{"embeddable":true,"href":"https:\/\/www.seval.ch\/fr\/wp-json\/wp\/v2\/pages\/5000"}],"wp:attachment":[{"href":"https:\/\/www.seval.ch\/fr\/wp-json\/wp\/v2\/media?parent=13425"}],"curies":[{"name":"wp","href":"https:\/\/api.w.org\/{rel}","templated":true}]}}