{"id":13419,"date":"2022-08-17T12:09:04","date_gmt":"2022-08-17T10:09:04","guid":{"rendered":"https:\/\/www.seval.ch\/?page_id=13419"},"modified":"2022-09-21T10:49:29","modified_gmt":"2022-09-21T08:49:29","slug":"principes-de-portee-generale","status":"publish","type":"page","link":"https:\/\/www.seval.ch\/fr\/standards-competences\/standards\/principes-de-portee-generale\/","title":{"rendered":"Principes de port\u00e9e g\u00e9n\u00e9rale"},"content":{"rendered":"<p><strong>A1 Absence de pr\u00e9jug\u00e9s vis-\u00e0-vis des r\u00e9sultats et impartialit\u00e9<\/strong><br \/>\nUne \u00e9valuation est con\u00e7ue comme un processus dont les r\u00e9sultats ne sont pas pr\u00e9d\u00e9termin\u00e9s et qui garantit un jugement impartial.<\/p>\n<p><strong>A2 Transparence<\/strong><br \/>\nUne \u00e9valuation est con\u00e7ue et r\u00e9alis\u00e9e de mani\u00e8re transparente. La raison d\u2019\u00eatre, le processus, les fondements de l\u2019appr\u00e9ciation et les r\u00e9sultats sont accessibles de sorte que l\u2019\u00e9valuation soit transparente et qu\u2019elle puisse \u00eatre v\u00e9rifi\u00e9e.<\/p>\n<p><strong>A3 Prise en compte des parties prenantes et des groupes concern\u00e9s<\/strong><br \/>\nLes parties susceptibles de prendre part \u00e0 une \u00e9valuation sont identifi\u00e9es, ainsi que les personnes et les groupes qu\u2019elle concerne. Une attention appropri\u00e9e est accord\u00e9e \u00e0 leurs int\u00e9r\u00eats, leurs besoins et leur syst\u00e8me de valeurs.<\/p>\n<p><strong>A4 Approche centr\u00e9e sur l\u2019utilisation et l\u2019appropriation<\/strong><br \/>\nUne \u00e9valuation est g\u00e9r\u00e9e de sorte \u00e0 favoriser la participation des parties prenantes et des groupes concern\u00e9s au processus d\u2019\u00e9valuation de mani\u00e8re ad\u00e9quate et \u00e0 encourager l\u2019utilisation du processus et des r\u00e9sultats de l\u2019\u00e9valuation. Cela passe par une planification, une r\u00e9alisation ainsi qu\u2019une communication de l\u2019\u00e9tat des travaux en cours et des r\u00e9sultats de mani\u00e8re adapt\u00e9e.<\/p>\n<p><strong>A5 Rapport appropri\u00e9 entre co\u00fbt et utilit\u00e9<\/strong><br \/>\nUne \u00e9valuation est con\u00e7ue de telle mani\u00e8re qu\u2019elle ait une utilit\u00e9 qui justifie les moyens engag\u00e9s.<\/p>\n<p><strong>A6 Garantie des comp\u00e9tences requises<\/strong><br \/>\nToute personne qui planifie, mandate, pilote ou effectue une \u00e9valuation poss\u00e8de pour cela les comp\u00e9tences appropri\u00e9es ou veille \u00e0 ce que elles soient assur\u00e9es de mani\u00e8re ad\u00e9quate.<\/p>\n<p><strong>A7 Assurance-qualit\u00e9<\/strong><br \/>\nLes mesures appropri\u00e9es sont mobilis\u00e9es afin d\u2019assurer la qualit\u00e9 d\u2019une \u00e9valuation pendant sa r\u00e9alisation et d\u2019en v\u00e9rifier la qualit\u00e9 apr\u00e8s son ach\u00e8vement.<\/p>\n<p><strong>A8 Conformit\u00e9 \u00e0 la loi<\/strong><br \/>\nDurant toutes les activit\u00e9s men\u00e9es dans le cadre d\u2019une \u00e9valuation, les dispositions l\u00e9gales d\u00e9terminantes pour celles-ci sont identifi\u00e9es et respect\u00e9es.<\/p>\n<p><strong>A9 Protection de la personnalit\u00e9 et confidentialit\u00e9<\/strong><br \/>\nLes droits de la personnalit\u00e9 et de la protection des donn\u00e9es sont garantis. Si la confidentialit\u00e9 est exig\u00e9e par la loi, ou pour prot\u00e9ger des int\u00e9r\u00eats l\u00e9gitimes, toutes les mesures n\u00e9cessaires sont mobilis\u00e9es afin d\u2019\u00e9viter que des informations sensibles soient utilis\u00e9es sans l\u2019accord des personnes concern\u00e9es et qu\u2019il soit possible de remonter \u00e0 leur source.<\/p>\n<p><strong>A10 Ethique<\/strong><br \/>\nToutes les activit\u00e9s en relation avec une \u00e9valuation sont effectu\u00e9es de mani\u00e8re \u00e9thique et responsable, en tenant compte de la diversit\u00e9 des publics concern\u00e9s.<\/p>\n<p><strong>A11 Respect<\/strong><br \/>\nToutes les personnes ou organisations impliqu\u00e9es dans une \u00e9valuation ou concern\u00e9es par celle-ci sont trait\u00e9es avec respect, \u00e9quit\u00e9 et sans pr\u00e9jug\u00e9s.<\/p>\n<p><strong>A12 Loyaut\u00e9<\/strong><br \/>\nToutes les parties prenantes et tous les groupes concern\u00e9s se comportent de mani\u00e8re int\u00e8gre et s\u2019abstiennent d\u2019entraver les activit\u00e9s d\u2019\u00e9valuation, de fausser celle-ci, de d\u00e9former ses r\u00e9sultats ou de les reproduire de mani\u00e8re abusive.<\/p>\n","protected":false},"excerpt":{"rendered":"<p>A1 Absence de pr\u00e9jug\u00e9s vis-\u00e0-vis des r\u00e9sultats et impartialit\u00e9 Une \u00e9valuation est con\u00e7ue comme un processus dont les r\u00e9sultats ne sont pas pr\u00e9d\u00e9termin\u00e9s et qui garantit un jugement impartial. A2 Transparence Une \u00e9valuation est con\u00e7ue et r\u00e9alis\u00e9e de mani\u00e8re transparente. La raison d\u2019\u00eatre, le processus, les fondements de l\u2019appr\u00e9ciation et les r\u00e9sultats sont accessibles de &hellip;<\/p>\n","protected":false},"author":1,"featured_media":0,"parent":5000,"menu_order":0,"comment_status":"closed","ping_status":"closed","template":"","meta":{"_searchwp_excluded":"","advanced-sidebar-menu\/link-title":"","advanced-sidebar-menu\/exclude-page":false},"acf":[],"_links":{"self":[{"href":"https:\/\/www.seval.ch\/fr\/wp-json\/wp\/v2\/pages\/13419"}],"collection":[{"href":"https:\/\/www.seval.ch\/fr\/wp-json\/wp\/v2\/pages"}],"about":[{"href":"https:\/\/www.seval.ch\/fr\/wp-json\/wp\/v2\/types\/page"}],"author":[{"embeddable":true,"href":"https:\/\/www.seval.ch\/fr\/wp-json\/wp\/v2\/users\/1"}],"replies":[{"embeddable":true,"href":"https:\/\/www.seval.ch\/fr\/wp-json\/wp\/v2\/comments?post=13419"}],"version-history":[{"count":4,"href":"https:\/\/www.seval.ch\/fr\/wp-json\/wp\/v2\/pages\/13419\/revisions"}],"predecessor-version":[{"id":13786,"href":"https:\/\/www.seval.ch\/fr\/wp-json\/wp\/v2\/pages\/13419\/revisions\/13786"}],"up":[{"embeddable":true,"href":"https:\/\/www.seval.ch\/fr\/wp-json\/wp\/v2\/pages\/5000"}],"wp:attachment":[{"href":"https:\/\/www.seval.ch\/fr\/wp-json\/wp\/v2\/media?parent=13419"}],"curies":[{"name":"wp","href":"https:\/\/api.w.org\/{rel}","templated":true}]}}