{"id":12886,"date":"2022-04-29T17:50:40","date_gmt":"2022-04-29T15:50:40","guid":{"rendered":"https:\/\/www.seval.ch\/?page_id=12886"},"modified":"2022-09-21T10:31:21","modified_gmt":"2022-09-21T08:31:21","slug":"groupe-romand-devaluation-greval","status":"publish","type":"page","link":"https:\/\/www.seval.ch\/fr\/groupes-de-travail\/groupe-romand-devaluation-greval\/","title":{"rendered":"Groupe romand d\u2019\u00e9valuation GREVAL"},"content":{"rendered":"<p>Le groupe romand d\u2019\u00e9valuation (GREVAL) est actif depuis janvier 2015.\u00a0 Il est ouvert \u00e0 toutes les personnes int\u00e9ress\u00e9es par le d\u00e9veloppement de l\u2019\u00e9valuation en Suisse romande.<\/p>\n<p>Le GREVAL \u00a0a\u00a0pour ambition de devenir:<\/p>\n<ul>\n<li>Un r\u00e9seau d\u2019int\u00e9r\u00eats associant les professionnels de l\u2019\u00e9valuation et les repr\u00e9sentants de la soci\u00e9t\u00e9 civile.<\/li>\n<li>Une plateforme d\u2019\u00e9changes des exp\u00e9riences et de promotion des bonnes pratiques en mati\u00e8re d\u2019\u00e9valuation.<\/li>\n<li>Un relais avec les organisations en charge d\u2019\u00e9valuations et les destinataires finaux.<\/li>\n<\/ul>\n<p>Les deux objectifs principaux du GREVAL sont\u00a0:<\/p>\n<ul>\n<li>Promouvoir l\u2019institution et la culture de l\u2019\u00e9valuation en Suisse romande, en particulier le d\u00e9veloppement de pratiques d\u2019\u00e9valuation pluralistes et ouvertes dans les collectivit\u00e9s publiques et les organismes \u00e0 but public.<\/li>\n<li>Contribuer \u00e0 l\u2019am\u00e9lioration permanente des \u00e9valuations, tant au niveau des comp\u00e9tences des organismes et des sp\u00e9cialistes en charge qu\u2019\u00e0 celui des responsables charg\u00e9s de les commanditer et de les conduire.<\/li>\n<\/ul>\n<p>Les activit\u00e9s du GREVAL sont pr\u00e9sent\u00e9es sur son site internet\u00a0<a href=\"http:\/\/www.greval.ch\/\">www.greval.ch<\/a>.<\/p>\n<p>En 2020, le GREVAL a co-organis\u00e9 le <a href=\"https:\/\/greval.ch\/evenements\/congres-seval-greval-2020\/\" target=\"_blank\" rel=\"noopener noreferrer\">Congr\u00e8s annuel SEVAL-GREVAL 2020<\/a> sur le th\u00e8me &#8220;La participation en \u00e9valuation : illusion ou n\u00e9cessit\u00e9 ?&#8221; Dans ce cadre, les participants ont \u00e9t\u00e9 invit\u00e9s \u00e0 donner leur avis sur le congr\u00e8s, ainsi que quelques informations sur leur profil. Vous trouvez les retours <a href=\"https:\/\/greval.ch\/vos-retours-sur-le-congres-seval-greval-2020-partie-1\/\" target=\"_blank\" rel=\"noopener noreferrer\">ici<\/a>.<\/p>\n","protected":false},"excerpt":{"rendered":"<p>Le groupe romand d\u2019\u00e9valuation (GREVAL) est actif depuis janvier 2015.\u00a0 Il est ouvert \u00e0 toutes les personnes int\u00e9ress\u00e9es par le d\u00e9veloppement de l\u2019\u00e9valuation en Suisse romande. Le GREVAL \u00a0a\u00a0pour ambition de devenir: Un r\u00e9seau d\u2019int\u00e9r\u00eats associant les professionnels de l\u2019\u00e9valuation et les repr\u00e9sentants de la soci\u00e9t\u00e9 civile. Une plateforme d\u2019\u00e9changes des exp\u00e9riences et de promotion &hellip;<\/p>\n","protected":false},"author":1,"featured_media":0,"parent":613,"menu_order":0,"comment_status":"closed","ping_status":"closed","template":"","meta":{"_searchwp_excluded":"","advanced-sidebar-menu\/link-title":"","advanced-sidebar-menu\/exclude-page":false},"acf":[],"_links":{"self":[{"href":"https:\/\/www.seval.ch\/fr\/wp-json\/wp\/v2\/pages\/12886"}],"collection":[{"href":"https:\/\/www.seval.ch\/fr\/wp-json\/wp\/v2\/pages"}],"about":[{"href":"https:\/\/www.seval.ch\/fr\/wp-json\/wp\/v2\/types\/page"}],"author":[{"embeddable":true,"href":"https:\/\/www.seval.ch\/fr\/wp-json\/wp\/v2\/users\/1"}],"replies":[{"embeddable":true,"href":"https:\/\/www.seval.ch\/fr\/wp-json\/wp\/v2\/comments?post=12886"}],"version-history":[{"count":2,"href":"https:\/\/www.seval.ch\/fr\/wp-json\/wp\/v2\/pages\/12886\/revisions"}],"predecessor-version":[{"id":13776,"href":"https:\/\/www.seval.ch\/fr\/wp-json\/wp\/v2\/pages\/12886\/revisions\/13776"}],"up":[{"embeddable":true,"href":"https:\/\/www.seval.ch\/fr\/wp-json\/wp\/v2\/pages\/613"}],"wp:attachment":[{"href":"https:\/\/www.seval.ch\/fr\/wp-json\/wp\/v2\/media?parent=12886"}],"curies":[{"name":"wp","href":"https:\/\/api.w.org\/{rel}","templated":true}]}}