{"id":12878,"date":"2022-04-29T17:46:00","date_gmt":"2022-04-29T15:46:00","guid":{"rendered":"https:\/\/www.seval.ch\/?page_id=12878"},"modified":"2022-09-21T10:16:54","modified_gmt":"2022-09-21T08:16:54","slug":"standards","status":"publish","type":"page","link":"https:\/\/www.seval.ch\/fr\/groupes-de-travail\/standards\/","title":{"rendered":"Standards"},"content":{"rendered":"<p>Depuis 2008, le groupe de travail s\u2019occupe de l\u2019application des <a href=\"https:\/\/www.seval.ch\/fr\/standards-competences\/standards\/\" target=\"_blank\" rel=\"noopener noreferrer\">standards d\u2019\u00e9valuation<\/a> dans la pratique et de leur d\u00e9veloppement. De 2013 \u00e0 2017, il a accompagn\u00e9 la <a href=\"https:\/\/www.seval.ch\/fr\/standards-competences\/standards\/ancienne-version-et-revision-des-standards-seval\/\" target=\"_blank\" rel=\"noopener noreferrer\">r\u00e9vision des standards SEVAL<\/a>.<\/p>\n<p>Le groupe de travail s\u2019engage \u00e0 diffuser et \u00e0 appliquer les standards dans la pratique. Il offre des possibilit\u00e9s d&#8217;\u00e9change d&#8217;exp\u00e9riences et de r\u00e9flexion sur la qualit\u00e9 de l&#8217;\u00e9valuation et pr\u00e9voit le d\u00e9veloppement d&#8217;outils ax\u00e9s sur les besoins. Il vise ainsi \u00e0 contribuer \u00e0 la professionnalisation et \u00e0 l&#8217;am\u00e9lioration de la qualit\u00e9 des \u00e9valuations en Suisse.<\/p>\n<p>Toute personne int\u00e9ress\u00e9e \u00e0 collaborer au sein du groupe est cordialement invit\u00e9e \u00e0 prendre contact avec les co-responsables.<\/p>\n","protected":false},"excerpt":{"rendered":"<p>Depuis 2008, le groupe de travail s\u2019occupe de l\u2019application des standards d\u2019\u00e9valuation dans la pratique et de leur d\u00e9veloppement. De 2013 \u00e0 2017, il a accompagn\u00e9 la r\u00e9vision des standards SEVAL. Le groupe de travail s\u2019engage \u00e0 diffuser et \u00e0 appliquer les standards dans la pratique. Il offre des possibilit\u00e9s d&#8217;\u00e9change d&#8217;exp\u00e9riences et de r\u00e9flexion &hellip;<\/p>\n","protected":false},"author":1,"featured_media":0,"parent":613,"menu_order":0,"comment_status":"closed","ping_status":"closed","template":"","meta":{"_searchwp_excluded":"","advanced-sidebar-menu\/link-title":"","advanced-sidebar-menu\/exclude-page":false},"acf":[],"_links":{"self":[{"href":"https:\/\/www.seval.ch\/fr\/wp-json\/wp\/v2\/pages\/12878"}],"collection":[{"href":"https:\/\/www.seval.ch\/fr\/wp-json\/wp\/v2\/pages"}],"about":[{"href":"https:\/\/www.seval.ch\/fr\/wp-json\/wp\/v2\/types\/page"}],"author":[{"embeddable":true,"href":"https:\/\/www.seval.ch\/fr\/wp-json\/wp\/v2\/users\/1"}],"replies":[{"embeddable":true,"href":"https:\/\/www.seval.ch\/fr\/wp-json\/wp\/v2\/comments?post=12878"}],"version-history":[{"count":2,"href":"https:\/\/www.seval.ch\/fr\/wp-json\/wp\/v2\/pages\/12878\/revisions"}],"predecessor-version":[{"id":13766,"href":"https:\/\/www.seval.ch\/fr\/wp-json\/wp\/v2\/pages\/12878\/revisions\/13766"}],"up":[{"embeddable":true,"href":"https:\/\/www.seval.ch\/fr\/wp-json\/wp\/v2\/pages\/613"}],"wp:attachment":[{"href":"https:\/\/www.seval.ch\/fr\/wp-json\/wp\/v2\/media?parent=12878"}],"curies":[{"name":"wp","href":"https:\/\/api.w.org\/{rel}","templated":true}]}}