{"id":12870,"date":"2022-04-29T17:40:53","date_gmt":"2022-04-29T15:40:53","guid":{"rendered":"https:\/\/www.seval.ch\/?page_id=12870"},"modified":"2022-09-21T10:19:59","modified_gmt":"2022-09-21T08:19:59","slug":"competences-en-evaluation","status":"publish","type":"page","link":"https:\/\/www.seval.ch\/fr\/groupes-de-travail\/competences-en-evaluation\/","title":{"rendered":"Comp\u00e9tences en \u00e9valuation"},"content":{"rendered":"<p>Le groupe de travail s\u2019int\u00e9resse aux comp\u00e9tences des \u00e9valuateurs et \u00e9valuatrices, des mandants et de toute autre personne impliqu\u00e9e dans les \u00e9valuations. Il aborde la question des comp\u00e9tences n\u00e9cessaires pour remplir ces fonctions de mani\u00e8re optimale. Elle se penche sur la question des comp\u00e9tences n\u00e9cessaires aux professionnels occupant diff\u00e9rentes fonctions pour pouvoir planifier, r\u00e9aliser et accompagner des \u00e9valuations de mani\u00e8re comp\u00e9tente et contribuer \u00e0 une culture de l&#8217;\u00e9valuation au sein de l&#8217;organisation ou au-del\u00e0.<\/p>\n<p>En outre, le groupe de travail veut contribuer \u00e0 une offre de formation et de perfectionnement bas\u00e9e sur la demande et les besoins en fournissant un bon aper\u00e7u de l&#8217;\u00e9tat des offres et des d\u00e9veloppements, en favorisant l&#8217;\u00e9change entre les prestataires et les participants potentiels et en initiant de nouveaux d\u00e9veloppements dans ce domaine.<\/p>\n<h3>Projets actuels :<\/h3>\n<h4><strong><a href=\"https:\/\/www.eval-training.org\/fr\/\" target=\"_blank\" rel=\"noopener noreferrer\">eval-training.org<\/a> \u2013 Plate-forme <\/strong>de formations et formations continues en \u00e9valuation<\/h4>\n<p>En collaboration avec la DeGEval, le groupe de travail Comp\u00e9tences a d\u00e9velopp\u00e9 la plate-forme eval-raining.org afin d&#8217;une part de fournir aux professionnels et aux personnes int\u00e9ress\u00e9es une vue d&#8217;ensemble centrale et actualis\u00e9e des possibilit\u00e9s de formation et de formation continue en \u00e9valuation en Suisse et d&#8217;autre part de permettre aux prestataires de formation et de formation continue de pr\u00e9senter leurs offres de mani\u00e8re bien visible. La plateforme est en ligne depuis l&#8217;automne 2020 et fait actuellement l&#8217;objet d&#8217;une publicit\u00e9 et d&#8217;un ancrage.<\/p>\n<h4><strong>Preuve de comp\u00e9tence<\/strong><\/h4>\n<p>Le groupe de travail d\u00e9veloppe, en collaboration avec le comit\u00e9 de la SEVAL et la Swiss JEE, des options permettant de rendre plus visibles et de valoriser les comp\u00e9tences sp\u00e9cifiques \u00e0 l&#8217;\u00e9valuation.<\/p>\n<h4><strong>Perspective des mandants en \u00e9valuation<\/strong><\/h4>\n<p>Comme le montre la base de donn\u00e9es <a href=\"http:\/\/www.eval-training.org\" target=\"_blank\" rel=\"noopener\">www.eval-training.org<\/a>, il existe une offre vari\u00e9e de formation et formation continue en \u00e9valuation. Une partie des offres traite des aspects de l&#8217;\u00e9valuation en g\u00e9n\u00e9ral, une partie des formations et formations continues s&#8217;adresse sp\u00e9cifiquement aux \u00e9valuateurs et \u00e9valuatrices. Jusqu&#8217;\u00e0 pr\u00e9sent, il n&#8217;existe que peu d&#8217;offres sp\u00e9cifiques pour les mandants d&#8217;\u00e9valuations. Le groupe de travail se penche sur la question de savoir comment promouvoir sp\u00e9cifiquement leurs comp\u00e9tences.<\/p>\n<h3>Projets r\u00e9alis\u00e9s :<\/h3>\n<p><strong>2022 Ev\u00e9nement: &#8220;Formation et formation continue en \u00e9valuation &#8211; Quo vadis?&#8221;<br \/>\nLe Centre de formation continue universitaire en \u00e9valuation (ZUW Bern), en collaboration avec le Groupe de travail Comp\u00e9tences, a organis\u00e9 un \u00e9v\u00e9nement d&#8217;\u00e9valuation le 20 avril 2022 et a d\u00e9velopp\u00e9 avec les participants des perspectives pour le d\u00e9veloppement de la formation et la formation continue en \u00e9valuation. En cas d&#8217;int\u00e9r\u00eat, le proc\u00e8s-verbal de la manifestation peut \u00eatre demand\u00e9 au responsable du Groupe de travail.<br \/>\n2019 <a href=\"https:\/\/www.seval.ch\/fr\/news-veranstaltungen\/veranstaltungen\/congres-de-la-seval-2019\/\" target=\"_blank\" rel=\"noopener noreferrer\">Co-organisation du Congr\u00e8s SEVAL 2019 sur la professionnalisation de l&#8217;\u00e9valuation<\/a><\/strong><br \/>\n<strong>2016-2017 <a href=\"https:\/\/leges.weblaw.ch\/fr\/legesissues\/2017\/2\/20172347-367.html\" target=\"_blank\" rel=\"noopener noreferrer\">Enqu\u00eate aupr\u00e8s des membres de la SEVAL et publication sur la professionnalisation de l&#8217;\u00e9valuation<\/a><\/strong><br \/>\n<strong>2014 <\/strong><a href=\"https:\/\/www.seval.ch\/fr\/standards-competences\/competences\/\" target=\"_blank\" rel=\"noopener noreferrer\"><strong>D\u00e9finition des comp\u00e9tences des responsables en l&#8217;\u00e9valuation<\/strong><\/a><\/p>\n<p>&nbsp;<\/p>\n<p>&nbsp;<\/p>\n","protected":false},"excerpt":{"rendered":"<p>Le groupe de travail s\u2019int\u00e9resse aux comp\u00e9tences des \u00e9valuateurs et \u00e9valuatrices, des mandants et de toute autre personne impliqu\u00e9e dans les \u00e9valuations. Il aborde la question des comp\u00e9tences n\u00e9cessaires pour remplir ces fonctions de mani\u00e8re optimale. Elle se penche sur la question des comp\u00e9tences n\u00e9cessaires aux professionnels occupant diff\u00e9rentes fonctions pour pouvoir planifier, r\u00e9aliser et &hellip;<\/p>\n","protected":false},"author":1,"featured_media":0,"parent":613,"menu_order":0,"comment_status":"closed","ping_status":"closed","template":"","meta":{"_searchwp_excluded":"","advanced-sidebar-menu\/link-title":"","advanced-sidebar-menu\/exclude-page":false},"acf":[],"_links":{"self":[{"href":"https:\/\/www.seval.ch\/fr\/wp-json\/wp\/v2\/pages\/12870"}],"collection":[{"href":"https:\/\/www.seval.ch\/fr\/wp-json\/wp\/v2\/pages"}],"about":[{"href":"https:\/\/www.seval.ch\/fr\/wp-json\/wp\/v2\/types\/page"}],"author":[{"embeddable":true,"href":"https:\/\/www.seval.ch\/fr\/wp-json\/wp\/v2\/users\/1"}],"replies":[{"embeddable":true,"href":"https:\/\/www.seval.ch\/fr\/wp-json\/wp\/v2\/comments?post=12870"}],"version-history":[{"count":5,"href":"https:\/\/www.seval.ch\/fr\/wp-json\/wp\/v2\/pages\/12870\/revisions"}],"predecessor-version":[{"id":13768,"href":"https:\/\/www.seval.ch\/fr\/wp-json\/wp\/v2\/pages\/12870\/revisions\/13768"}],"up":[{"embeddable":true,"href":"https:\/\/www.seval.ch\/fr\/wp-json\/wp\/v2\/pages\/613"}],"wp:attachment":[{"href":"https:\/\/www.seval.ch\/fr\/wp-json\/wp\/v2\/media?parent=12870"}],"curies":[{"name":"wp","href":"https:\/\/api.w.org\/{rel}","templated":true}]}}