{"id":12866,"date":"2022-04-29T17:38:42","date_gmt":"2022-04-29T15:38:42","guid":{"rendered":"https:\/\/www.seval.ch\/?page_id=12866"},"modified":"2026-03-17T11:23:35","modified_gmt":"2026-03-17T10:23:35","slug":"evaluation-dans-la-cooperation-au-developpement","status":"publish","type":"page","link":"https:\/\/www.seval.ch\/fr\/groupes-de-travail\/evaluation-dans-la-cooperation-au-developpement\/","title":{"rendered":"Evaluation dans la coop\u00e9ration au d\u00e9veloppement"},"content":{"rendered":"<p>Le Groupe de travail &#8220;\u00c9valuation dans la coop\u00e9ration au d\u00e9veloppement&#8221; cr\u00e9\u00e9 en 2002 se r\u00e9unit deux fois par an pour un \u00e9change d\u2019id\u00e9es et d&#8217;exp\u00e9riences concernant la pratique de l&#8217;\u00e9valuation dans le d\u00e9veloppement de la coop\u00e9ration suisse. Le groupe de travail est compos\u00e9 de plus de 40 personnes repr\u00e9sentant les agences de coop\u00e9ration bilat\u00e9rale au d\u00e9veloppement, les ONG, les consultants et les universit\u00e9s.<\/p>\n<p>L&#8217;objectif du groupe de travail est d\u2019examiner les questions m\u00e9thodologiques sur l&#8217;effet de l&#8217;orientation et la preuve de l&#8217;efficacit\u00e9 de la coop\u00e9ration au d\u00e9veloppement.<\/p>\n<p>Il s&#8217;agit d&#8217;un inventaire et d\u2019une r\u00e9flexion critique sur les approches novatrices et les m\u00e9thodes d&#8217;\u00e9valuation de projet et de programme. D\u2019autres sujets s\u2019offrent dans le domaine d&#8217;exp\u00e9riences d&#8217;apprentissage concernant la gestion efficace des connaissances r\u00e9sultant de l&#8217;\u00e9valuation. Les participants seront invit\u00e9s \u00e0 pr\u00e9senter des exp\u00e9riences pratiques et de les discuter. Une plate-forme assistera \u00e0 la pr\u00e9paration individuelle avant les s\u00e9ances de travail.<\/p>\n<p>Dans l&#8217;avenir, le groupe de travail aimerait de plus en plus soigner l&#8217;\u00e9change d&#8217;exp\u00e9riences avec les r\u00e9seaux d&#8217;\u00e9valuation \u00e9trangers (par exemple le groupe de travail sur la politique du d\u00e9veloppement &#8211; DeGEval).<\/p>\n<p><strong>Personnes de contact<\/strong><\/p>\n<p class=\"v1v1msonormal\">Manuela K\u00e4lbling, Swisscontact (+41 44 454 17 13)<\/p>\n<p class=\"v1v1msonormal\">Anja Grob, Swisscontact<\/p>\n","protected":false},"excerpt":{"rendered":"<p>Le Groupe de travail &#8220;\u00c9valuation dans la coop\u00e9ration au d\u00e9veloppement&#8221; cr\u00e9\u00e9 en 2002 se r\u00e9unit deux fois par an pour un \u00e9change d\u2019id\u00e9es et d&#8217;exp\u00e9riences concernant la pratique de l&#8217;\u00e9valuation dans le d\u00e9veloppement de la coop\u00e9ration suisse. Le groupe de travail est compos\u00e9 de plus de 40 personnes repr\u00e9sentant les agences de coop\u00e9ration bilat\u00e9rale au &hellip;<\/p>\n","protected":false},"author":1,"featured_media":0,"parent":613,"menu_order":0,"comment_status":"closed","ping_status":"closed","template":"","meta":{"_searchwp_excluded":"","advanced-sidebar-menu\/link-title":"","advanced-sidebar-menu\/exclude-page":false},"acf":[],"_links":{"self":[{"href":"https:\/\/www.seval.ch\/fr\/wp-json\/wp\/v2\/pages\/12866"}],"collection":[{"href":"https:\/\/www.seval.ch\/fr\/wp-json\/wp\/v2\/pages"}],"about":[{"href":"https:\/\/www.seval.ch\/fr\/wp-json\/wp\/v2\/types\/page"}],"author":[{"embeddable":true,"href":"https:\/\/www.seval.ch\/fr\/wp-json\/wp\/v2\/users\/1"}],"replies":[{"embeddable":true,"href":"https:\/\/www.seval.ch\/fr\/wp-json\/wp\/v2\/comments?post=12866"}],"version-history":[{"count":5,"href":"https:\/\/www.seval.ch\/fr\/wp-json\/wp\/v2\/pages\/12866\/revisions"}],"predecessor-version":[{"id":18800,"href":"https:\/\/www.seval.ch\/fr\/wp-json\/wp\/v2\/pages\/12866\/revisions\/18800"}],"up":[{"embeddable":true,"href":"https:\/\/www.seval.ch\/fr\/wp-json\/wp\/v2\/pages\/613"}],"wp:attachment":[{"href":"https:\/\/www.seval.ch\/fr\/wp-json\/wp\/v2\/media?parent=12866"}],"curies":[{"name":"wp","href":"https:\/\/api.w.org\/{rel}","templated":true}]}}