{"id":12862,"date":"2022-04-29T17:35:47","date_gmt":"2022-04-29T15:35:47","guid":{"rendered":"https:\/\/www.seval.ch\/?page_id=12862"},"modified":"2023-07-20T11:20:49","modified_gmt":"2023-07-20T09:20:49","slug":"swiss-jee","status":"publish","type":"page","link":"https:\/\/www.seval.ch\/fr\/groupes-de-travail\/swiss-jee\/","title":{"rendered":"Swiss JEE"},"content":{"rendered":"<p><img decoding=\"async\" loading=\"lazy\" class=\"alignnone wp-image-10292\" src=\"https:\/\/www.seval.ch\/app\/uploads\/2020\/06\/Swiss_JEE_Logo_Full_Color-300x48.png\" alt=\"\" width=\"269\" height=\"43\" srcset=\"https:\/\/www.seval.ch\/app\/uploads\/2020\/06\/Swiss_JEE_Logo_Full_Color-300x48.png 300w, https:\/\/www.seval.ch\/app\/uploads\/2020\/06\/Swiss_JEE_Logo_Full_Color-768x123.png 768w, https:\/\/www.seval.ch\/app\/uploads\/2020\/06\/Swiss_JEE_Logo_Full_Color-1024x165.png 1024w, https:\/\/www.seval.ch\/app\/uploads\/2020\/06\/Swiss_JEE_Logo_Full_Color-1536x247.png 1536w, https:\/\/www.seval.ch\/app\/uploads\/2020\/06\/Swiss_JEE_Logo_Full_Color-2048x329.png 2048w, https:\/\/www.seval.ch\/app\/uploads\/2020\/06\/Swiss_JEE_Logo_Full_Color-1320x212.png 1320w\" sizes=\"(max-width: 269px) 100vw, 269px\" \/><\/p>\n<h3>Contexte<\/h3>\n<p>Le groupe de travail Swiss JEE est n\u00e9 d\u2019une initiative informelle, r\u00e9unissant de jeunes \u00e9valuatrices et \u00e9valuateurs qui ont identifi\u00e9 le besoin de se r\u00e9unir et d\u2019\u00e9changer sur la place des jeunes dans le domaine de l\u2019\u00e9valuation en Suisse. Une analyse des besoins, r\u00e9alis\u00e9e en 2018 et \u00e0 laquelle ont pris part plus de 100 personnes actives dans le domaine de l\u2019\u00e9valuation, jeunes ou exp\u00e9riment\u00e9es, a permis de confirmer l\u2019int\u00e9r\u00eat de mener des activit\u00e9s destin\u00e9es aux \u00e9valuatrices et \u00e9valuateurs moins exp\u00e9riment\u00e9s. La cr\u00e9ation du groupe de travail a \u00e9t\u00e9 officialis\u00e9e par la SEVAL lors du Congr\u00e8s 2019.<\/p>\n<h3>Vision<\/h3>\n<p>Swiss JEE est une plateforme dynamique \u00e0 l&#8217;\u00e9chelle nationale, qui oeuvre pour renforcer la rel\u00e8ve au sein de la communaut\u00e9 de l&#8217;\u00e9valuation. En proposant des activit\u00e9s vari\u00e9es et ouvertes \u00e0 un large public int\u00e9ress\u00e9, Swiss JEE joue le r\u00f4le de porte d\u2019entr\u00e9e au sein de la SEVAL.<\/p>\n<h3>Qu\u2019est-ce qu\u2019un JEE ?<\/h3>\n<p>Est consid\u00e9r\u00e9 comme JEE (Jeunes \u00c9valuateurs.trices \u00c9mergent.e.s) toute personne qui remplit au moins l\u2019une des conditions suivantes :<\/p>\n<ul>\n<li>Avoir moins de 35 ans ;<\/li>\n<li>Avoir moins de 5 ans d\u2019exp\u00e9rience professionnelle dans le domaine ;<\/li>\n<li>\u00catre \u00e9tudiant.e ou nouvellement dipl\u00f4m\u00e9.e, int\u00e9ress\u00e9.e \u00e0 entreprendre une carri\u00e8re dans le domaine de l&#8217;\u00e9valuation ;<\/li>\n<li>Avoir des connaissances sp\u00e9cialis\u00e9es et \u00eatre int\u00e9ress\u00e9.e \u00e0 devenir \u00e9valuatrice ou \u00e9valuateur professionnel.<\/li>\n<\/ul>\n<p>Cette d\u00e9finition se base sur celle d\u2019<a href=\"https:\/\/www.evalpartners.org\/evalyouth\" target=\"_blank\" rel=\"noopener noreferrer\">EvalYouth<\/a>.<\/p>\n<h3>Objectifs de Swiss JEE<\/h3>\n<ul>\n<li>Renforcer le partage d\u2019exp\u00e9riences et de connaissances entre JEE, et \u00e9galement avec des \u00e9valuatrices et \u00e9valuateurs exp\u00e9riment\u00e9s<\/li>\n<li>Offrir des possibilit\u00e9s de r\u00e9seautage<\/li>\n<li>Faciliter l\u2019entr\u00e9e des JEE dans le monde professionnel<\/li>\n<li>Faire conna\u00eetre et d\u00e9velopper l\u2019offre de formation et de formation continue<\/li>\n<\/ul>\n<h3>Actualit\u00e9s<\/h3>\n<p>Toutes les informations et \u00e9v\u00e9nements organis\u00e9s par Swiss JEE sont r\u00e9guli\u00e8rement post\u00e9s sur notre page LinkedIn: <a href=\"https:\/\/www.linkedin.com\/groups\/8757236\/\" target=\"_blank\" rel=\"noopener noreferrer\">https:\/\/www.linkedin.com\/groups\/8757236\/<\/a><\/p>\n<h3>Contact<\/h3>\n<p><a href=\"ma&#105;&#108;&#116;&#111;&#x3a;&#x73;&#x77;&#x69;&#x73;sj&#101;&#101;&#64;&#115;&#x65;&#x76;&#x61;&#x6c;&#x2e;ch\">&#115;&#x77;i&#x73;s&#106;&#x65;&#101;&#x40;s&#101;&#x76;&#97;&#x6c;&#46;&#x63;&#x68;<\/a><\/p>\n","protected":false},"excerpt":{"rendered":"<p>Contexte Le groupe de travail Swiss JEE est n\u00e9 d\u2019une initiative informelle, r\u00e9unissant de jeunes \u00e9valuatrices et \u00e9valuateurs qui ont identifi\u00e9 le besoin de se r\u00e9unir et d\u2019\u00e9changer sur la place des jeunes dans le domaine de l\u2019\u00e9valuation en Suisse. Une analyse des besoins, r\u00e9alis\u00e9e en 2018 et \u00e0 laquelle ont pris part plus de &hellip;<\/p>\n","protected":false},"author":1,"featured_media":0,"parent":613,"menu_order":0,"comment_status":"closed","ping_status":"closed","template":"","meta":{"_searchwp_excluded":"","advanced-sidebar-menu\/link-title":"","advanced-sidebar-menu\/exclude-page":false},"acf":[],"_links":{"self":[{"href":"https:\/\/www.seval.ch\/fr\/wp-json\/wp\/v2\/pages\/12862"}],"collection":[{"href":"https:\/\/www.seval.ch\/fr\/wp-json\/wp\/v2\/pages"}],"about":[{"href":"https:\/\/www.seval.ch\/fr\/wp-json\/wp\/v2\/types\/page"}],"author":[{"embeddable":true,"href":"https:\/\/www.seval.ch\/fr\/wp-json\/wp\/v2\/users\/1"}],"replies":[{"embeddable":true,"href":"https:\/\/www.seval.ch\/fr\/wp-json\/wp\/v2\/comments?post=12862"}],"version-history":[{"count":4,"href":"https:\/\/www.seval.ch\/fr\/wp-json\/wp\/v2\/pages\/12862\/revisions"}],"predecessor-version":[{"id":14852,"href":"https:\/\/www.seval.ch\/fr\/wp-json\/wp\/v2\/pages\/12862\/revisions\/14852"}],"up":[{"embeddable":true,"href":"https:\/\/www.seval.ch\/fr\/wp-json\/wp\/v2\/pages\/613"}],"wp:attachment":[{"href":"https:\/\/www.seval.ch\/fr\/wp-json\/wp\/v2\/media?parent=12862"}],"curies":[{"name":"wp","href":"https:\/\/api.w.org\/{rel}","templated":true}]}}