{"id":12858,"date":"2022-04-29T17:32:39","date_gmt":"2022-04-29T15:32:39","guid":{"rendered":"https:\/\/www.seval.ch\/?page_id=12858"},"modified":"2024-09-27T16:04:40","modified_gmt":"2024-09-27T14:04:40","slug":"gruppo-svizzera-italiana","status":"publish","type":"page","link":"https:\/\/www.seval.ch\/fr\/groupes-de-travail\/gruppo-svizzera-italiana\/","title":{"rendered":"Gruppo Svizzera italiana"},"content":{"rendered":"<p><strong>La SEVAL nella Svizzera italiana<\/strong><\/p>\n<p>Dal 2019 prende avvio la creazione di un gruppo di lavoro regionale della SEVAL nella Svizzera italiana. La maggior parte dei promotori, sostenuti dal Comitato nazionale, sono membri italofoni attivi della SEVAL. Alcuni vivono e lavorano in Ticino, altri sono invece attivi in diversi ambiti professionali a livello federale.<\/p>\n<p>Il gruppo SEVAL \u2013 Svizzera italiana nei prossimi mesi prevede le seguenti attivit\u00e0:<\/p>\n<ul>\n<li>organizzare un evento di avvio della messa in rete<\/li>\n<li>verificare l&#8217;interesse di persone e di istituzioni per la messa in rete a livello locale sul tema della valutazione (criteri, qualit\u00e0, buone pratiche, metodi, &#8230;)<\/li>\n<li>creare le premesse per la promozione di una cultura della valutazione nella Svizzera italiana<\/li>\n<\/ul>\n<p>Il guppo SEVAL &#8211; Svizzera italiana \u00e8 aperto a tutti gli interessati. I principali destinatari delle attivit\u00e0 promosse sono:<\/p>\n<ul>\n<li>i professionisti e i ricercatori con competenze ed esperienze nell&#8217;ambito della valutazione;<\/li>\n<li>le istituzioni e le organizzazioni no profit che possono aver l\u2019esigenza di svolgere valutazioni (Uffici cantonali, Enti Regionali di Sviluppo, Comuni, Associazioni, Fondazioni, Cooperative, ecc.).<\/li>\n<\/ul>\n<p><strong>Documentazione<\/strong><\/p>\n<p><a href=\"https:\/\/www.seval.ch\/app\/uploads\/2021\/05\/02_La_SEVAL_A5_Flyer_IT.pdf\" target=\"_blank\" rel=\"noopener\">Flyer La SEVAL<\/a><\/p>\n<p><a href=\"https:\/\/www.seval.ch\/app\/uploads\/2021\/05\/seval_brosch_evaluation_i_WEB.pdf\" target=\"_blank\" rel=\"noopener\">Brochure Valutazione: che cos&#8217;\u00e8 e a cosa serve?<\/a><\/p>\n<p><a href=\"https:\/\/www.seval.ch\/app\/uploads\/2021\/05\/02_SEVAL_Prix_A5_Flyer_IT.pdf\" target=\"_blank\" rel=\"noopener\">Flyer Prix SEVAL<\/a><\/p>\n<hr \/>\n<p>&nbsp;<\/p>\n<h4>2024 &#8211; Workshop &#8220;<strong>Valutare: costa o paga?<\/strong>&#8220;<\/h4>\n<p>\u00c8 con piacere che il Gruppo di lavoro della SEVAL nella Svizzera italiana vi invita ad un evento sul tema della valutazione.<br \/>\n<strong>Valutare: costa o paga?<\/strong><strong><br \/>\n<\/strong>\ud83d\udcc5Gioved\u00ec 24 ottobre 2024 dalle ore 17 alle 20 (con aperi-rete)<br \/>\n\ud83d\udccdCasa del Popolo, Bellinzona<br \/>\n\ud83d\udc49 <strong>Iscrizione entro il 16.10.2024<\/strong>: <a href=\"https:\/\/urldefense.com\/v3\/__https:\/forms.office.com\/e\/WY0WfbsYAk__;!!Dc8iu7o!x_0iv7mvaJ8Jn6b740P6bUurbFXPOsWLla8KFU8NvzRtPERUN5Hs8HvigOYSpYrfru0ezsyl4s4D1aLUMJ-4-UtLuFcG75pV2vw$\" target=\"_blank\" rel=\"noopener\">https:\/\/forms.office.com\/e\/WY0WfbsYAk<\/a> (evento gratuito)<\/p>\n<p>Valutare un progetto costa o paga? Questo il tema che discuteremo con responsabili di progetto, professioniste e professionisti e tutte le persone interessate.<\/p>\n<p>A quali condizioni valutare un progetto \u00e8 un investimento che paga? Quali progetti valutare? Vale sempre la pena valutare un progetto e capire dove si sta andando, ma \u00e8 anche importante scegliere la metodologia adeguata. Cercheremo di capire insieme come massimizzare l\u2019investimento, che pu\u00f2 anche essere modesto (v. per es. autovalutazione).<\/p>\n<p>Partendo da esempi concreti (<a href=\"https:\/\/www.seval.ch\/app\/uploads\/2024\/09\/Programma-evento-SEVAL-Svizzera-italiana-24-10-2024.pdf\" target=\"_blank\" rel=\"noopener\">vedi programma in allegato<\/a>) metteremo in evidenza i benefici potenziali della valutazione nella gestione di un progetto. Conoscere meglio il proprio progetto permette anche di valorizzare e comunicare il lavoro svolto, anche presso i sostenitori e i donatori.<\/p>\n<p>Non esitate a inoltrare tale invito ad ulteriori persone interessate.<\/p>\n<p>Cordialmente,<br \/>\nIl Gruppo di lavoro della SEVAL nella Svizzera italiana<br \/>\nRebecca Jaks, Giada Gianola, Marcello Martinoni, Giacomo Morelli e Am\u00e9lie Pestoni<\/p>\n<p>&nbsp;<\/p>\n<h4>2023 &#8211; Workshop &#8220;Chiacchiere di valutazione&#8221;<\/h4>\n<p>L&#8217;evento si \u00e8 svolto il 28 settembre 2023<\/p>\n<p>&nbsp;<\/p>\n<h4>2021 &#8211; Workshop sul tema della valutazione in Ticino<\/h4>\n<p>Lo scorso 23 settembre 2021 il Gruppo di valutazione della SEVAL Svizzera italiana ha organizzato il primo workshop sul tema della valutazione in Ticino. Dopo l&#8217;introduzione da parte del presidente della SEVAL Stefan Rieder, che ha presentato la Societ\u00e0 svizzera di valutazione, Am\u00e9lie Pestoni ha poi spiegato che cosa \u00e8 la valutazione e a cosa serve. In seguito, i\/le referenti Martine Bouvier-Gallacchi, Paolo Ambrosetti, Maria Caiata, Chiara Bramani e Carlo Fabian hanno portato 5 esempi pratici di valutazione.<\/p>\n<p>La buona partecipazione, i riscontri positivi e l&#8217;interessante e animata discussione dopo i brevi spunti dimostrano l&#8217;interesse verso la tematica della valutazione e il crescente bisogno di professionalizzazione per chi si occupa di sostenere, formulare, implementare, valutare e gestire programmi e progetti a vari livelli istituzionali.<\/p>\n<p>Ora valuteremo con voi i prossimi passi da compiere. Le presentazioni possono essere scaricate qui sotto:<\/p>\n<p><a href=\"https:\/\/www.seval.ch\/app\/uploads\/2021\/05\/Programma-workshop-sulla-valutazione_SEVAL.pdf\" target=\"_blank\" rel=\"noopener\">Il programma<\/a><\/p>\n<p><a href=\"https:\/\/www.seval.ch\/app\/uploads\/2021\/10\/PraesentationSEVAL2020_IT.pdf\" target=\"_blank\" rel=\"noopener\">Presentazione 1<\/a><\/p>\n<p><a href=\"https:\/\/www.seval.ch\/app\/uploads\/2021\/10\/PPT_WS_SEVAL-CH-it-20210923-DEF.pdf\" target=\"_blank\" rel=\"noopener\">Presentazione 2<\/a><\/p>\n","protected":false},"excerpt":{"rendered":"<p>La SEVAL nella Svizzera italiana Dal 2019 prende avvio la creazione di un gruppo di lavoro regionale della SEVAL nella Svizzera italiana. La maggior parte dei promotori, sostenuti dal Comitato nazionale, sono membri italofoni attivi della SEVAL. Alcuni vivono e lavorano in Ticino, altri sono invece attivi in diversi ambiti professionali a livello federale. Il &hellip;<\/p>\n","protected":false},"author":1,"featured_media":0,"parent":613,"menu_order":0,"comment_status":"closed","ping_status":"closed","template":"","meta":{"_searchwp_excluded":"","advanced-sidebar-menu\/link-title":"","advanced-sidebar-menu\/exclude-page":false},"acf":[],"_links":{"self":[{"href":"https:\/\/www.seval.ch\/fr\/wp-json\/wp\/v2\/pages\/12858"}],"collection":[{"href":"https:\/\/www.seval.ch\/fr\/wp-json\/wp\/v2\/pages"}],"about":[{"href":"https:\/\/www.seval.ch\/fr\/wp-json\/wp\/v2\/types\/page"}],"author":[{"embeddable":true,"href":"https:\/\/www.seval.ch\/fr\/wp-json\/wp\/v2\/users\/1"}],"replies":[{"embeddable":true,"href":"https:\/\/www.seval.ch\/fr\/wp-json\/wp\/v2\/comments?post=12858"}],"version-history":[{"count":9,"href":"https:\/\/www.seval.ch\/fr\/wp-json\/wp\/v2\/pages\/12858\/revisions"}],"predecessor-version":[{"id":16865,"href":"https:\/\/www.seval.ch\/fr\/wp-json\/wp\/v2\/pages\/12858\/revisions\/16865"}],"up":[{"embeddable":true,"href":"https:\/\/www.seval.ch\/fr\/wp-json\/wp\/v2\/pages\/613"}],"wp:attachment":[{"href":"https:\/\/www.seval.ch\/fr\/wp-json\/wp\/v2\/media?parent=12858"}],"curies":[{"name":"wp","href":"https:\/\/api.w.org\/{rel}","templated":true}]}}